{"id":22601,"date":"2025-12-08T12:16:19","date_gmt":"2025-12-08T11:16:19","guid":{"rendered":"https:\/\/staviori.com.pl\/?post_type=product&#038;p=22601"},"modified":"2026-02-11T00:10:01","modified_gmt":"2026-02-10T23:10:01","slug":"zlota-bransoletka-klasyczna-w-zoltym-zlocie-proby-333","status":"publish","type":"product","link":"https:\/\/staviori.com.pl\/cs\/product\/zlota-bransoletka-klasyczna-w-zoltym-zlocie-proby-333\/","title":{"rendered":"Klasick\u00fd zlat\u00fd n\u00e1ramek ze \u017elut\u00e9ho zlata vzorek 333"},"content":{"rendered":"<p>Model: BXX6715<br \/>\nHmotnost p\u0159ibli\u017en\u011b 3,80 g<\/p>\n<p>N\u00e1ramek 19 cm.<br \/>\n\u017dlut\u00e9 zlato 0,333.<\/p>","protected":false},"excerpt":{"rendered":"<p>Klasick\u00fd zlat\u00fd n\u00e1ramek Verona o d\u00e9lce 19 cm pot\u011b\u0161\u00ed elegantn\u00edm spleten\u00edm \u010dl\u00e1nk\u016f, kter\u00e9 kr\u00e1sn\u011b sed\u00ed na z\u00e1p\u011bst\u00ed. Je vyroben ze \u017elut\u00e9ho zlata o ryzosti 0,333, na sv\u011btle se jemn\u011b t\u0159pyt\u00ed a dod\u00e1 ka\u017ed\u00e9mu outfitu noblesu. Jedn\u00e1 se o univerz\u00e1ln\u00ed \u0161perk, kter\u00fd se bude skv\u011ble hodit jak pro ka\u017edodenn\u00ed no\u0161en\u00ed, tak pro zvl\u00e1\u0161tn\u00ed p\u0159\u00edle\u017eitosti. N\u00e1ramek vypad\u00e1 skv\u011ble no\u0161en\u00fd samostatn\u011b, ale tak\u00e9 v sad\u011b s hodinkami nebo jin\u00fdmi obl\u00edben\u00fdmi dopl\u0148ky.<\/p>","protected":false},"featured_media":22602,"comment_status":"closed","ping_status":"closed","template":"","meta":{"om_disable_all_campaigns":false},"product_brand":[2284,2350],"product_cat":[1384,43,1392,1931,176,1930],"product_tag":[6273,7018,7024,7031,6950,7025,6289,7026,7028,7020,7030,7021,7022,7027,7023,6276,7029,7019,1402,7017],"class_list":{"0":"post-22601","1":"product","2":"type-product","3":"status-publish","4":"has-post-thumbnail","6":"product_brand-staviori","7":"product_brand-verona","8":"product_cat-bizuteria","9":"product_cat-bransoletki","10":"product_cat-damskie","11":"product_cat-zlote-bransoletki","12":"product_cat-zloto","13":"product_cat-zloto-2","14":"product_tag-armband-gold-333","15":"product_tag-bransoleta-zloto-333","16":"product_tag-classic-ladies-gold-bracelet","17":"product_tag-damsky-zlaty-naramek","18":"product_tag-elegancka-bransoletka-damska","19":"product_tag-everyday-gold-jewellery","20":"product_tag-gold-bracelet","21":"product_tag-goldarmband-damen","22":"product_tag-klassischer-gold-armband","23":"product_tag-klasyczna-bransoletka-zlota","24":"product_tag-naramek-ze-zluteho-zlata-333","25":"product_tag-verona-bizuteria","26":"product_tag-verona-gold-bracelet","27":"product_tag-verona-goldschmuck","28":"product_tag-yellow-gold-bracelet-333","29":"product_tag-zlaty-naramek","30":"product_tag-zlaty-naramek-verona","31":"product_tag-zlota-bizuteria-na-co-dzien","32":"product_tag-zlota-bransoletka","33":"product_tag-zlota-bransoletka-verona","34":"pa_kolor-zolte","35":"pa_kruszec-zloto","36":"pa_proba-0-333","37":"pa_rozmiar-19cm","38":"pa_waga-380g","40":"first","41":"instock","42":"purchasable","43":"product-type-simple"},"aioseo_notices":[],"_links":{"self":[{"href":"https:\/\/staviori.com.pl\/cs\/wp-json\/wp\/v2\/product\/22601","targetHints":{"allow":["GET"]}}],"collection":[{"href":"https:\/\/staviori.com.pl\/cs\/wp-json\/wp\/v2\/product"}],"about":[{"href":"https:\/\/staviori.com.pl\/cs\/wp-json\/wp\/v2\/types\/product"}],"replies":[{"embeddable":true,"href":"https:\/\/staviori.com.pl\/cs\/wp-json\/wp\/v2\/comments?post=22601"}],"wp:featuredmedia":[{"embeddable":true,"href":"https:\/\/staviori.com.pl\/cs\/wp-json\/wp\/v2\/media\/22602"}],"wp:attachment":[{"href":"https:\/\/staviori.com.pl\/cs\/wp-json\/wp\/v2\/media?parent=22601"}],"wp:term":[{"taxonomy":"product_brand","embeddable":true,"href":"https:\/\/staviori.com.pl\/cs\/wp-json\/wp\/v2\/product_brand?post=22601"},{"taxonomy":"product_cat","embeddable":true,"href":"https:\/\/staviori.com.pl\/cs\/wp-json\/wp\/v2\/product_cat?post=22601"},{"taxonomy":"product_tag","embeddable":true,"href":"https:\/\/staviori.com.pl\/cs\/wp-json\/wp\/v2\/product_tag?post=22601"}],"curies":[{"name":"wp","href":"https:\/\/api.w.org\/{rel}","templated":true}]}}