{"id":21905,"date":"2025-11-07T08:55:24","date_gmt":"2025-11-07T07:55:24","guid":{"rendered":"https:\/\/staviori.com.pl\/?post_type=product&#038;p=21905"},"modified":"2026-03-20T07:23:26","modified_gmt":"2026-03-20T06:23:26","slug":"broszka-srebrna-motyl-z-markazytami-i-kolorowa-emalia","status":"publish","type":"product","link":"https:\/\/staviori.com.pl\/cs\/product\/broszka-srebrna-motyl-z-markazytami-i-kolorowa-emalia\/","title":{"rendered":"St\u0159\u00edbrn\u00e1 mot\u00fdl\u00ed bro\u017e s markazity a barevn\u00fdm smaltem"},"content":{"rendered":"<p>Model: RDM6710<br \/>\nWaga ok. 8,00g<\/p>\n<p>Bro\u017e.<br \/>\nSt\u0159\u00edbro 0,925.<br \/>\nEmalia.<br \/>\nMarkazit\u00e9.<\/p>\n<p>Mo\u017ce by\u0107 u\u017cywana jako wisiorek.<\/p>","protected":false},"excerpt":{"rendered":"<p>Rozko\u0161n\u00e1 bro\u017e ve tvaru mot\u00fdla, vyroben\u00e1 ze st\u0159\u00edbra ryzosti 925\/1000. Jedno k\u0159\u00eddlo bylo zdobeno slo\u017eit\u00fdmi kv\u011btinov\u00fdmi detaily z markazit\u016f, druh\u00e9 bylo pokryto barevn\u00fdm smaltem v odst\u00ednech modr\u00e9 a tmav\u011b modr\u00e9. Kombinace chladn\u00e9ho st\u0159\u00edbra a z\u00e1\u0159iv\u00fdch barev p\u016fsob\u00ed nesm\u00edrn\u011b elegantn\u011b a radostn\u011b. Bro\u017e lze nosit tak\u00e9 jako p\u0159\u00edv\u011bsek, kter\u00fd poskytne jedine\u010dnou ozdobu ka\u017ed\u00e9 stylizaci.<\/p>","protected":false},"featured_media":21960,"comment_status":"closed","ping_status":"closed","template":"","meta":{"om_disable_all_campaigns":false},"product_brand":[2284],"product_cat":[2233,2235,1817],"product_tag":[2907,5675,5674,5696,6890,5679,5784,6891,5725,5293,2493,5768,4111,6874,2427,6878,5766,6879,5295,5730,6880,5744],"class_list":{"0":"post-21905","1":"product","2":"type-product","3":"status-publish","4":"has-post-thumbnail","6":"product_brand-staviori","7":"product_cat-broszki-3","8":"product_cat-srebrna-broszka","9":"product_cat-srebro-2","10":"product_tag-bizuteria-artystyczna","11":"product_tag-broszka-z-emalia","12":"product_tag-broszka-z-markazytami","13":"product_tag-butterfly-brooch","14":"product_tag-email","15":"product_tag-emaillierte-brosche","16":"product_tag-enamel-jewelry","17":"product_tag-marcasit","18":"product_tag-marcasite-brooch","19":"product_tag-markazity","20":"product_tag-motyl","21":"product_tag-schmuck-silber-925","22":"product_tag-silver-jewelry","23":"product_tag-srebrna-broszka","24":"product_tag-srebro-925","25":"product_tag-sterling-silver-brooch","26":"product_tag-stribrna-broz","27":"product_tag-stribrna-broz-925","28":"product_tag-stribro-925","29":"product_tag-vogelbrosche","30":"product_tag-weihnachtsbrosche","31":"product_tag-wisiorek-srebrny","32":"pa_dostawca-markazyty-hong","33":"pa_kamien-emalia","34":"pa_kamien-markazyty","35":"pa_kruszec-srebro","36":"pa_motyw-motylek","37":"pa_proba-0-925","38":"pa_waga-800g","39":"pa_wymiary-38x32mm","41":"first","42":"instock","43":"purchasable","44":"product-type-simple"},"aioseo_notices":[],"_links":{"self":[{"href":"https:\/\/staviori.com.pl\/cs\/wp-json\/wp\/v2\/product\/21905","targetHints":{"allow":["GET"]}}],"collection":[{"href":"https:\/\/staviori.com.pl\/cs\/wp-json\/wp\/v2\/product"}],"about":[{"href":"https:\/\/staviori.com.pl\/cs\/wp-json\/wp\/v2\/types\/product"}],"replies":[{"embeddable":true,"href":"https:\/\/staviori.com.pl\/cs\/wp-json\/wp\/v2\/comments?post=21905"}],"wp:featuredmedia":[{"embeddable":true,"href":"https:\/\/staviori.com.pl\/cs\/wp-json\/wp\/v2\/media\/21960"}],"wp:attachment":[{"href":"https:\/\/staviori.com.pl\/cs\/wp-json\/wp\/v2\/media?parent=21905"}],"wp:term":[{"taxonomy":"product_brand","embeddable":true,"href":"https:\/\/staviori.com.pl\/cs\/wp-json\/wp\/v2\/product_brand?post=21905"},{"taxonomy":"product_cat","embeddable":true,"href":"https:\/\/staviori.com.pl\/cs\/wp-json\/wp\/v2\/product_cat?post=21905"},{"taxonomy":"product_tag","embeddable":true,"href":"https:\/\/staviori.com.pl\/cs\/wp-json\/wp\/v2\/product_tag?post=21905"}],"curies":[{"name":"wp","href":"https:\/\/api.w.org\/{rel}","templated":true}]}}