{"id":21899,"date":"2025-11-07T08:48:54","date_gmt":"2025-11-07T07:48:54","guid":{"rendered":"https:\/\/staviori.com.pl\/?post_type=product&#038;p=21899"},"modified":"2026-02-11T00:09:59","modified_gmt":"2026-02-10T23:09:59","slug":"broszka-srebrna-renifer-z-markazytami-i-granatem","status":"publish","type":"product","link":"https:\/\/staviori.com.pl\/cs\/product\/broszka-srebrna-renifer-z-markazytami-i-granatem\/","title":{"rendered":"St\u0159\u00edbrn\u00e1 sob\u00ed bro\u017e s markazity a gran\u00e1tem"},"content":{"rendered":"<p>Model: RDM6708<br \/>\nWaga ok. 5,30g<\/p>\n<p>Bro\u017e.<br \/>\nSt\u0159\u00edbro 0,925.<br \/>\nMarkazit\u00e9.<br \/>\n1 Granat.<\/p>\n<p>Mo\u017ce by\u0107 u\u017cywana jako wisiorek.<\/p>\n<p>Wymiary 32&#215;24 mm.<\/p>","protected":false},"excerpt":{"rendered":"<p>Urocza broszka w kszta\u0142cie renifera, wykonana ze srebra pr\u00f3by 0,925 i ozdobiona b\u0142yszcz\u0105cymi markazytami. Delikatne detale i czerwony granat w oku nadaj\u0105 jej wyj\u0105tkowego, \u015bwi\u0105tecznego uroku. Broszka mo\u017ce pe\u0142ni\u0107 tak\u017ce funkcj\u0119 wisiorka, dzi\u0119ki czemu jest doskona\u0142ym dodatkiem do ka\u017cdej stylizacji \u2013 od eleganckiej po codzienn\u0105. Idealna na prezent dla mi\u0142o\u015bniczek wyj\u0105tkowej bi\u017cuterii z dusz\u0105.<\/p>","protected":false},"featured_media":21901,"comment_status":"closed","ping_status":"closed","template":"","meta":{"om_disable_all_campaigns":false},"product_brand":[2284],"product_cat":[2233,2235,1817],"product_tag":[3932,6875,6873,5674,5729,4344,5728,2425,6876,6881,5676,6877,6874,2427,6878,6879,5730,6880],"class_list":{"0":"post-21899","1":"product","2":"type-product","3":"status-publish","4":"has-post-thumbnail","6":"product_brand-staviori","7":"product_cat-broszki-3","8":"product_cat-srebrna-broszka","9":"product_cat-srebro-2","10":"product_tag-3932","11":"product_tag-broszka-renifer","12":"product_tag-broszka-srebro-0","13":"product_tag-broszka-z-markazytami","14":"product_tag-garnet-brooch","15":"product_tag-granat","16":"product_tag-markasitbrosche","17":"product_tag-markazyty","18":"product_tag-renifer-bizuteria","19":"product_tag-silber-brosche","20":"product_tag-silver-brooch","21":"product_tag-silver-brooch-925","22":"product_tag-srebrna-broszka","23":"product_tag-srebro-925","24":"product_tag-sterling-silver-brooch","25":"product_tag-stribrna-broz-925","26":"product_tag-vogelbrosche","27":"product_tag-weihnachtsbrosche","28":"pa_dostawca-markazyty-hong","29":"pa_kamien-granat","30":"pa_kamien-markazyty","31":"pa_kruszec-srebro","32":"pa_motyw-renifer","33":"pa_motyw-swieta","34":"pa_proba-0-925","35":"pa_waga-530g","36":"pa_wymiary-32x24mm","38":"first","39":"instock","40":"purchasable","41":"product-type-simple"},"aioseo_notices":[],"_links":{"self":[{"href":"https:\/\/staviori.com.pl\/cs\/wp-json\/wp\/v2\/product\/21899","targetHints":{"allow":["GET"]}}],"collection":[{"href":"https:\/\/staviori.com.pl\/cs\/wp-json\/wp\/v2\/product"}],"about":[{"href":"https:\/\/staviori.com.pl\/cs\/wp-json\/wp\/v2\/types\/product"}],"replies":[{"embeddable":true,"href":"https:\/\/staviori.com.pl\/cs\/wp-json\/wp\/v2\/comments?post=21899"}],"wp:featuredmedia":[{"embeddable":true,"href":"https:\/\/staviori.com.pl\/cs\/wp-json\/wp\/v2\/media\/21901"}],"wp:attachment":[{"href":"https:\/\/staviori.com.pl\/cs\/wp-json\/wp\/v2\/media?parent=21899"}],"wp:term":[{"taxonomy":"product_brand","embeddable":true,"href":"https:\/\/staviori.com.pl\/cs\/wp-json\/wp\/v2\/product_brand?post=21899"},{"taxonomy":"product_cat","embeddable":true,"href":"https:\/\/staviori.com.pl\/cs\/wp-json\/wp\/v2\/product_cat?post=21899"},{"taxonomy":"product_tag","embeddable":true,"href":"https:\/\/staviori.com.pl\/cs\/wp-json\/wp\/v2\/product_tag?post=21899"}],"curies":[{"name":"wp","href":"https:\/\/api.w.org\/{rel}","templated":true}]}}