{"id":21805,"date":"2025-11-01T12:36:20","date_gmt":"2025-11-01T11:36:20","guid":{"rendered":"https:\/\/staviori.com.pl\/?post_type=product&#038;p=21805"},"modified":"2026-02-11T00:09:59","modified_gmt":"2026-02-10T23:09:59","slug":"srebrny-lancuszek-zmijka-srebro-rodowane-925-50cm","status":"publish","type":"product","link":"https:\/\/staviori.com.pl\/cs\/product\/srebrny-lancuszek-zmijka-srebro-rodowane-925-50cm\/","title":{"rendered":"Rhodiovan\u00fd st\u0159\u00edbrn\u00fd \u0159et\u00edzek 925 | 50cm"},"content":{"rendered":"<p>Model: LSX6707<br \/>\nHmotnost p\u0159ibli\u017en\u011b 2,80 g <\/p>\n<p>\u0158et\u011bz<br \/>\n0,925 rhodiovan\u00e9 st\u0159\u00edbro.<br \/>\nADDER<\/p>\n<p>Tlou\u0161\u0165ka 1,1 mm.<\/p>","protected":false},"excerpt":{"rendered":"<p>Elegantn\u00ed st\u0159\u00edbrn\u00fd \u0159et\u00edzek se zmij\u00ed vyroben\u00fd z rhodiovan\u00e9ho st\u0159\u00edbra, kter\u00e9 se vyzna\u010duje hladk\u00fdm a pru\u017en\u00fdm povrchem, jen\u017e kr\u00e1sn\u011b p\u0159ilne k poko\u017ece a jemn\u011b se t\u0159pyt\u00ed. Skv\u011ble se hod\u00ed k samostatn\u00e9mu no\u0161en\u00ed nebo k n\u00e1padn\u00e9mu p\u0159\u00edv\u011bsku. Modern\u00ed a z\u00e1rove\u0148 nad\u010dasov\u00fd dopln\u011bk, kter\u00fd dod\u00e1 noblesu ka\u017ed\u00e9mu stylingu.<\/p>","protected":false},"featured_media":21793,"comment_status":"closed","ping_status":"closed","template":"","meta":{"om_disable_all_campaigns":false},"product_brand":[2284,2350],"product_cat":[690,2075,1817],"product_tag":[6776,3918,6774,6779,6777,4119,6775,2427,2426,3724,6778,2483],"class_list":{"0":"post-21805","1":"product","2":"type-product","3":"status-publish","4":"has-post-thumbnail","6":"product_brand-staviori","7":"product_brand-verona","8":"product_cat-lancuszki","9":"product_cat-srebrny-lancuszek","10":"product_cat-srebro-2","11":"product_tag-collier-en-argent","12":"product_tag-lancuszek-damski","13":"product_tag-lancuszek-srebrny","14":"product_tag-lsx6707","15":"product_tag-silberkette-925","16":"product_tag-silver-chain","17":"product_tag-snake-chain","18":"product_tag-srebro-925","19":"product_tag-srebro-rodowane","20":"product_tag-staviori","21":"product_tag-stribrny-retizek","22":"product_tag-zmijka","23":"pa_grubosc-1-1mm","24":"pa_kruszec-srebro-diamentowane","25":"pa_kruszec-srebro-rodowane","26":"pa_proba-0-925","27":"pa_rozmiar-50cm","28":"pa_waga-280g","30":"first","31":"instock","32":"purchasable","33":"product-type-simple"},"aioseo_notices":[],"_links":{"self":[{"href":"https:\/\/staviori.com.pl\/cs\/wp-json\/wp\/v2\/product\/21805","targetHints":{"allow":["GET"]}}],"collection":[{"href":"https:\/\/staviori.com.pl\/cs\/wp-json\/wp\/v2\/product"}],"about":[{"href":"https:\/\/staviori.com.pl\/cs\/wp-json\/wp\/v2\/types\/product"}],"replies":[{"embeddable":true,"href":"https:\/\/staviori.com.pl\/cs\/wp-json\/wp\/v2\/comments?post=21805"}],"wp:featuredmedia":[{"embeddable":true,"href":"https:\/\/staviori.com.pl\/cs\/wp-json\/wp\/v2\/media\/21793"}],"wp:attachment":[{"href":"https:\/\/staviori.com.pl\/cs\/wp-json\/wp\/v2\/media?parent=21805"}],"wp:term":[{"taxonomy":"product_brand","embeddable":true,"href":"https:\/\/staviori.com.pl\/cs\/wp-json\/wp\/v2\/product_brand?post=21805"},{"taxonomy":"product_cat","embeddable":true,"href":"https:\/\/staviori.com.pl\/cs\/wp-json\/wp\/v2\/product_cat?post=21805"},{"taxonomy":"product_tag","embeddable":true,"href":"https:\/\/staviori.com.pl\/cs\/wp-json\/wp\/v2\/product_tag?post=21805"}],"curies":[{"name":"wp","href":"https:\/\/api.w.org\/{rel}","templated":true}]}}