{"id":21790,"date":"2025-11-01T12:07:26","date_gmt":"2025-11-01T11:07:26","guid":{"rendered":"https:\/\/staviori.com.pl\/?post_type=product&#038;p=21790"},"modified":"2026-04-20T07:22:01","modified_gmt":"2026-04-20T05:22:01","slug":"zloty-lancuszek-333-splot-typu-pancerka-curb-chain-45cm","status":"publish","type":"product","link":"https:\/\/staviori.com.pl\/cs\/product\/zloty-lancuszek-333-splot-typu-pancerka-curb-chain-45cm\/","title":{"rendered":"Zlat\u00fd \u0159et\u011bz 333 panc\u00e9\u0159ov\u00fd oplet (obrubn\u00edk) 45cm"},"content":{"rendered":"<p>Model: LXX4216<br \/>\nHmotnost p\u0159ibli\u017en\u011b 0,93 g<\/p>\n<p>\u0158et\u011bz 45 cm.<br \/>\n\u017dlut\u00e9 zlato 0,333.<\/p>\n<p>Szeroko\u015b\u0107 1.1 mm.<\/p>","protected":false},"excerpt":{"rendered":"<p>Jemn\u00fd \u0159et\u00edzek z 8kar\u00e1tov\u00e9ho \u017elut\u00e9ho zlata s klasick\u00fdm jemn\u00fdm n\u00e1kotn\u00edkov\u00fdm propl\u00e9t\u00e1n\u00edm. Jeho jemn\u00e9, pravideln\u00e9 \u010dl\u00e1nky kr\u00e1sn\u011b odr\u00e1\u017eej\u00ed sv\u011btlo a dod\u00e1vaj\u00ed eleganci ka\u017ed\u00e9mu stylingu. Skv\u011ble se hod\u00ed jako z\u00e1klad pro p\u0159\u00edv\u011bsek nebo se nos\u00ed samostatn\u011b pro minimalistick\u00fd efekt. Spolehliv\u00e1 volba pro ty, kdo oce\u0148uj\u00ed lehkost, jemnost a nad\u010dasov\u00fd styl.<\/p>","protected":false},"featured_media":21789,"comment_status":"closed","ping_status":"closed","template":"","meta":{"om_disable_all_campaigns":false},"product_brand":[2284,2350],"product_cat":[690,1930,2072],"product_tag":[6771,4001,6761,3940,6759,6765,3918,4784,3724,6772,6763,2518],"class_list":{"0":"post-21790","1":"product","2":"type-product","3":"status-publish","4":"has-post-thumbnail","6":"product_brand-staviori","7":"product_brand-verona","8":"product_cat-lancuszki","9":"product_cat-zloto-2","10":"product_cat-zloty-lancuszek","11":"product_tag-anchor-chain","12":"product_tag-ankier","13":"product_tag-collier-en-or","14":"product_tag-delikatny-lancuszek","15":"product_tag-gold-chain","16":"product_tag-goldkette-333","17":"product_tag-lancuszek-damski","18":"product_tag-lancuszek-zloty","19":"product_tag-staviori","20":"product_tag-xaa5991","21":"product_tag-zlaty-retizek","22":"product_tag-zloto-333","23":"pa_kolor-zolte","24":"pa_kruszec-zloto","25":"pa_proba-0-333","26":"pa_rozmiar-45cm","27":"pa_splot-curb-chain","28":"pa_splot-pancerka","29":"pa_szerokosc-1-1mm","30":"pa_waga-093g","32":"first","33":"outofstock","34":"purchasable","35":"product-type-simple"},"aioseo_notices":[],"_links":{"self":[{"href":"https:\/\/staviori.com.pl\/cs\/wp-json\/wp\/v2\/product\/21790","targetHints":{"allow":["GET"]}}],"collection":[{"href":"https:\/\/staviori.com.pl\/cs\/wp-json\/wp\/v2\/product"}],"about":[{"href":"https:\/\/staviori.com.pl\/cs\/wp-json\/wp\/v2\/types\/product"}],"replies":[{"embeddable":true,"href":"https:\/\/staviori.com.pl\/cs\/wp-json\/wp\/v2\/comments?post=21790"}],"wp:featuredmedia":[{"embeddable":true,"href":"https:\/\/staviori.com.pl\/cs\/wp-json\/wp\/v2\/media\/21789"}],"wp:attachment":[{"href":"https:\/\/staviori.com.pl\/cs\/wp-json\/wp\/v2\/media?parent=21790"}],"wp:term":[{"taxonomy":"product_brand","embeddable":true,"href":"https:\/\/staviori.com.pl\/cs\/wp-json\/wp\/v2\/product_brand?post=21790"},{"taxonomy":"product_cat","embeddable":true,"href":"https:\/\/staviori.com.pl\/cs\/wp-json\/wp\/v2\/product_cat?post=21790"},{"taxonomy":"product_tag","embeddable":true,"href":"https:\/\/staviori.com.pl\/cs\/wp-json\/wp\/v2\/product_tag?post=21790"}],"curies":[{"name":"wp","href":"https:\/\/api.w.org\/{rel}","templated":true}]}}