{"id":21782,"date":"2025-11-01T11:51:25","date_gmt":"2025-11-01T10:51:25","guid":{"rendered":"https:\/\/staviori.com.pl\/?post_type=product&#038;p=21782"},"modified":"2026-03-18T09:58:20","modified_gmt":"2026-03-18T08:58:20","slug":"zloty-lancuszek-585-splot-typu-pancerka-curb-chain-45cm","status":"publish","type":"product","link":"https:\/\/staviori.com.pl\/cs\/product\/zloty-lancuszek-585-splot-typu-pancerka-curb-chain-45cm\/","title":{"rendered":"Zlat\u00fd \u0159et\u011bz 585 panc\u00e9\u0159ov\u00fd oplet (obrubn\u00edk) 45cm"},"content":{"rendered":"<p>Model: LXX4235<\/p>\n<p>Hmotnost p\u0159ibli\u017en\u011b 1,10 g<\/p>\n<p>\u0141a\u0144cuszek 45 cm.<br \/>\n\u017dlut\u00e9 zlato 0,585.<\/p>\n<p>\u0160\u00ed\u0159ka 1,2 mm.<\/p>","protected":false},"excerpt":{"rendered":"<p>Jemn\u00fd \u0159et\u00edzek ze \u017elut\u00e9ho zlata 0,585 s klasick\u00fdm propl\u00e9t\u00e1n\u00edm, kter\u00fd decentn\u011b zv\u00fdraz\u0148uje krk. Pe\u010dliv\u011b vyle\u0161t\u011bn\u00e9 \u010dl\u00e1nky kr\u00e1sn\u011b odr\u00e1\u017eej\u00ed sv\u011btlo a dod\u00e1vaj\u00ed cel\u00e9mu \u0159et\u00edzku elegantn\u00ed lesk. Je ide\u00e1ln\u00edm z\u00e1kladem pro mal\u00fd p\u0159\u00edv\u011bsek nebo minimalistick\u00fd akcent no\u0161en\u00fd samostatn\u011b. \u0160perk, kter\u00fd pot\u011b\u0161\u00ed svou jednoduchost\u00ed a nad\u010dasov\u00fdm \u0161armem.<\/p>","protected":false},"featured_media":21778,"comment_status":"closed","ping_status":"closed","template":"","meta":{"om_disable_all_campaigns":false},"product_brand":[2284,2350],"product_cat":[690,1930,2072],"product_tag":[6761,3940,6769,6759,6762,3918,6766,4784,3724,6763,2364],"class_list":{"0":"post-21782","1":"product","2":"type-product","3":"status-publish","4":"has-post-thumbnail","6":"product_brand-staviori","7":"product_brand-verona","8":"product_cat-lancuszki","9":"product_cat-zloto-2","10":"product_cat-zloty-lancuszek","11":"product_tag-collier-en-or","12":"product_tag-delikatny-lancuszek","13":"product_tag-fine-chain","14":"product_tag-gold-chain","15":"product_tag-goldkette-585","16":"product_tag-lancuszek-damski","17":"product_tag-lancuszek-klasyczny","18":"product_tag-lancuszek-zloty","19":"product_tag-staviori","20":"product_tag-zlaty-retizek","21":"product_tag-zloto-585","22":"pa_kolor-zolte","23":"pa_kruszec-zloto","24":"pa_proba-0-585","25":"pa_rozmiar-45cm","26":"pa_splot-curb-chain","27":"pa_splot-pancerka","28":"pa_szerokosc-1-2mm","29":"pa_waga-110g","31":"first","32":"instock","33":"purchasable","34":"product-type-simple"},"aioseo_notices":[],"_links":{"self":[{"href":"https:\/\/staviori.com.pl\/cs\/wp-json\/wp\/v2\/product\/21782","targetHints":{"allow":["GET"]}}],"collection":[{"href":"https:\/\/staviori.com.pl\/cs\/wp-json\/wp\/v2\/product"}],"about":[{"href":"https:\/\/staviori.com.pl\/cs\/wp-json\/wp\/v2\/types\/product"}],"replies":[{"embeddable":true,"href":"https:\/\/staviori.com.pl\/cs\/wp-json\/wp\/v2\/comments?post=21782"}],"wp:featuredmedia":[{"embeddable":true,"href":"https:\/\/staviori.com.pl\/cs\/wp-json\/wp\/v2\/media\/21778"}],"wp:attachment":[{"href":"https:\/\/staviori.com.pl\/cs\/wp-json\/wp\/v2\/media?parent=21782"}],"wp:term":[{"taxonomy":"product_brand","embeddable":true,"href":"https:\/\/staviori.com.pl\/cs\/wp-json\/wp\/v2\/product_brand?post=21782"},{"taxonomy":"product_cat","embeddable":true,"href":"https:\/\/staviori.com.pl\/cs\/wp-json\/wp\/v2\/product_cat?post=21782"},{"taxonomy":"product_tag","embeddable":true,"href":"https:\/\/staviori.com.pl\/cs\/wp-json\/wp\/v2\/product_tag?post=21782"}],"curies":[{"name":"wp","href":"https:\/\/api.w.org\/{rel}","templated":true}]}}