{"id":16784,"date":"2025-04-03T07:42:22","date_gmt":"2025-04-03T05:42:22","guid":{"rendered":"https:\/\/staviori.com.pl\/?post_type=product&#038;p=16784"},"modified":"2026-02-11T00:09:39","modified_gmt":"2026-02-10T23:09:39","slug":"zloty-wisiorek-z-kamieniami-szlachetnymi-wxc6697","status":"publish","type":"product","link":"https:\/\/staviori.com.pl\/cs\/product\/zloty-wisiorek-z-kamieniami-szlachetnymi-wxc6697\/","title":{"rendered":"Kr\u00e1sn\u00fd zlat\u00fd p\u0159\u00edv\u011bsek s drah\u00fdmi kameny v odst\u00ednech zelen\u00e9 barvy"},"content":{"rendered":"<p>Model: WXC6697<br \/>\nWaga ok. 1,94g<\/p>\n<p>P\u0159\u00edv\u011bsek.<br \/>\n\u017dlut\u00e9 zlato 0,585.<br \/>\n3 Szmaragdy, o masie 0,40ct.<br \/>\n3 Granaty, o masie 0,16ct.<br \/>\n4 Perydoty, o masie 0,42ct.<br \/>\n8 Topaz\u00f3w bia\u0142ych, o masie 0,20ct.<\/p>\n<p>Wymiary 18&#215;5 mm.<\/p>","protected":false},"excerpt":{"rendered":"<p>Wyj\u0105tkowy wisiorek wykonany z \u017c\u00f3\u0142tego z\u0142ota pr\u00f3by 0,585, kt\u00f3ry zachwyca bogactwem barw i szlachetnych kamieni. Ozdobiony trzema zielonymi szmaragdami, trzema granatami, czterema perydotami oraz o\u015bmioma bia\u0142ymi topazami, przyci\u0105ga wzrok efektown\u0105 kompozycj\u0105 kolor\u00f3w. Elegancka forma wisiorka pi\u0119knie prezentuje si\u0119 na dekolcie, nadaj\u0105c stylizacjom wyrafinowanego charakteru. To propozycja dla kobiet ceni\u0105cych niepowtarzaln\u0105 bi\u017cuteri\u0119 i luksusowe dodatki.<\/p>","protected":false},"featured_media":16785,"comment_status":"open","ping_status":"closed","template":"","meta":{"om_disable_all_campaigns":false},"product_brand":[2284,2350],"product_cat":[729,2253,176],"product_tag":[3710,4344,4310,4345,3727,3279,2332,4147,3742,4028,4342,2522,4343],"class_list":{"0":"post-16784","1":"product","2":"type-product","3":"status-publish","4":"has-post-thumbnail","6":"product_brand-staviori","7":"product_brand-verona","8":"product_cat-wisiorki","9":"product_cat-zlote-wisiorki","10":"product_cat-zloto","11":"product_tag-elegancja","12":"product_tag-granat","13":"product_tag-kamienie-szlachetne","14":"product_tag-kolorowa-bizuteria","15":"product_tag-luksus","16":"product_tag-perydot","17":"product_tag-prezent","18":"product_tag-szmaragd","19":"product_tag-topaz","20":"product_tag-wisiorek","21":"product_tag-wxc6697","22":"product_tag-zolte-zloto","23":"product_tag-zz20589","24":"pa_kamien-granaty","25":"pa_kamien-perydoty","26":"pa_kamien-szmaragdy","27":"pa_kamien-topazy-biale","28":"pa_kolor-zolte","29":"pa_kruszec-zloto","30":"pa_proba-0-333","31":"pa_waga-2272","32":"pa_wymiary-18x5-mm","34":"first","35":"instock","36":"purchasable","37":"product-type-simple"},"aioseo_notices":[],"_links":{"self":[{"href":"https:\/\/staviori.com.pl\/cs\/wp-json\/wp\/v2\/product\/16784","targetHints":{"allow":["GET"]}}],"collection":[{"href":"https:\/\/staviori.com.pl\/cs\/wp-json\/wp\/v2\/product"}],"about":[{"href":"https:\/\/staviori.com.pl\/cs\/wp-json\/wp\/v2\/types\/product"}],"replies":[{"embeddable":true,"href":"https:\/\/staviori.com.pl\/cs\/wp-json\/wp\/v2\/comments?post=16784"}],"wp:featuredmedia":[{"embeddable":true,"href":"https:\/\/staviori.com.pl\/cs\/wp-json\/wp\/v2\/media\/16785"}],"wp:attachment":[{"href":"https:\/\/staviori.com.pl\/cs\/wp-json\/wp\/v2\/media?parent=16784"}],"wp:term":[{"taxonomy":"product_brand","embeddable":true,"href":"https:\/\/staviori.com.pl\/cs\/wp-json\/wp\/v2\/product_brand?post=16784"},{"taxonomy":"product_cat","embeddable":true,"href":"https:\/\/staviori.com.pl\/cs\/wp-json\/wp\/v2\/product_cat?post=16784"},{"taxonomy":"product_tag","embeddable":true,"href":"https:\/\/staviori.com.pl\/cs\/wp-json\/wp\/v2\/product_tag?post=16784"}],"curies":[{"name":"wp","href":"https:\/\/api.w.org\/{rel}","templated":true}]}}