{"id":16058,"date":"2025-02-24T22:50:32","date_gmt":"2025-02-24T21:50:32","guid":{"rendered":"https:\/\/staviori.com.pl\/product\/zestawy-zsc6498\/"},"modified":"2026-02-11T00:09:39","modified_gmt":"2026-02-10T23:09:39","slug":"zestawy-zsc6498","status":"publish","type":"product","link":"https:\/\/staviori.com.pl\/cs\/product\/zestawy-zsc6498\/","title":{"rendered":"Sada st\u0159\u00edbrn\u00fdch \u0161perk\u016f se zirkony - n\u00e1u\u0161nice a n\u00e1hrdeln\u00edk s motivem sn\u011bhov\u00e9 vlo\u010dky"},"content":{"rendered":"<p>Model: ZSC6498<br \/>\nHmotnost p\u0159ibli\u017en\u011b 3,40 g<\/p>\n<p>Zestaw.<br \/>\n0,925 rhodiovan\u00e9 st\u0159\u00edbro.<br \/>\nZirkonie.<\/p>\n<p>Naszyjnik wykonany ze srebra pr\u00f3by 0,925.<br \/>\nKolczyki na sztyfcie wykonane ze srebra pr\u00f3by 0,925.<\/p>\n<p>Modele ozdobiono cyrkoniami.<br \/>\nD\u0142ugo\u015b\u0107 naszyjnika 47 cm.<\/p>","protected":false},"excerpt":{"rendered":"<p>Wyj\u0105tkowy komplet bi\u017cuterii, na kt\u00f3ry sk\u0142adaj\u0105 si\u0119 kolczyki oraz naszyjnik wykonane z rodowanego srebra pr\u00f3by 0,925. Motyw \u015bnie\u017cynki ozdobiony l\u015bni\u0105cymi cyrkoniami zachwyca subtelno\u015bci\u0105 i zimowym blaskiem. Kolczyki na wygodnych sztyftach oraz delikatny \u0142a\u0144cuszek pi\u0119knie podkre\u015blaj\u0105 urod\u0119 i dodaj\u0105 uroku ka\u017cdej stylizacji. To doskona\u0142y wyb\u00f3r na prezent dla mi\u0142o\u015bniczek oryginalnych i stylowych dodatk\u00f3w.<\/p>","protected":false},"featured_media":16059,"comment_status":"closed","ping_status":"closed","template":"","meta":{"om_disable_all_campaigns":false},"product_brand":[2284,2350],"product_cat":[2267,719,1818,2133,2268],"product_tag":[2454,1394,4363,2378,2332,4361,4364,3101,1413,4366,2635,4365,4362],"class_list":{"0":"post-16058","1":"product","2":"type-product","3":"status-publish","4":"has-post-thumbnail","6":"product_brand-staviori","7":"product_brand-verona","8":"product_cat-kolekcje-srebrne","9":"product_cat-naszyjniki","10":"product_cat-srebrne-kolczyki","11":"product_cat-srebrne-naszyjniki","12":"product_cat-zestawy","13":"product_tag-cyrkonia","14":"product_tag-kolczyki","15":"product_tag-komplet-bizuterii","16":"product_tag-naszyjnik","17":"product_tag-prezent","18":"product_tag-qs53067","19":"product_tag-sniezynka","20":"product_tag-srebrna-bizuteria","21":"product_tag-srebro","22":"product_tag-stylowy-komplet","23":"product_tag-zestaw","24":"product_tag-zimowa-bizuteria","25":"product_tag-zsc6498","27":"first","28":"instock","29":"purchasable","30":"product-type-simple"},"aioseo_notices":[],"_links":{"self":[{"href":"https:\/\/staviori.com.pl\/cs\/wp-json\/wp\/v2\/product\/16058","targetHints":{"allow":["GET"]}}],"collection":[{"href":"https:\/\/staviori.com.pl\/cs\/wp-json\/wp\/v2\/product"}],"about":[{"href":"https:\/\/staviori.com.pl\/cs\/wp-json\/wp\/v2\/types\/product"}],"replies":[{"embeddable":true,"href":"https:\/\/staviori.com.pl\/cs\/wp-json\/wp\/v2\/comments?post=16058"}],"wp:featuredmedia":[{"embeddable":true,"href":"https:\/\/staviori.com.pl\/cs\/wp-json\/wp\/v2\/media\/16059"}],"wp:attachment":[{"href":"https:\/\/staviori.com.pl\/cs\/wp-json\/wp\/v2\/media?parent=16058"}],"wp:term":[{"taxonomy":"product_brand","embeddable":true,"href":"https:\/\/staviori.com.pl\/cs\/wp-json\/wp\/v2\/product_brand?post=16058"},{"taxonomy":"product_cat","embeddable":true,"href":"https:\/\/staviori.com.pl\/cs\/wp-json\/wp\/v2\/product_cat?post=16058"},{"taxonomy":"product_tag","embeddable":true,"href":"https:\/\/staviori.com.pl\/cs\/wp-json\/wp\/v2\/product_tag?post=16058"}],"curies":[{"name":"wp","href":"https:\/\/api.w.org\/{rel}","templated":true}]}}