{"id":16041,"date":"2025-02-24T22:50:32","date_gmt":"2025-02-24T21:50:32","guid":{"rendered":"https:\/\/staviori.com.pl\/product\/xzd1858\/"},"modified":"2026-04-21T06:54:51","modified_gmt":"2026-04-21T04:54:51","slug":"xzd1858","status":"publish","type":"product","link":"https:\/\/staviori.com.pl\/cs\/product\/xzd1858\/","title":{"rendered":"Snubn\u00ed prsten ze \u017elut\u00e9ho zlata 0,750 s diamanty"},"content":{"rendered":"<p>Model: DDR0828D<br \/>\nHmotnost p\u0159ibli\u017en\u011b 8,90 g<\/p>\n<p>Prsten.<br \/>\n\u017dlut\u00e9 zlato 0,750.<br \/>\n20 diamant\u016f, briliantov\u00fd brus, hmotnost 0,14ct, barva G-H, \u010distota SI1.<\/p>\n<p>\u0160\u00ed\u0159ka 5 mm.<br \/>\nTlou\u0161\u0165ka 1,5 mm.<\/p>\n<p>Uveden\u00e1 hmotnost kamene a cena jsou za velikost 13.<\/p>\n<p><strong>Lze vyrobit v jin\u00e9 zlat\u00e9 barv\u011b.<br \/>\nProdukt je k dispozici pouze na vy\u017e\u00e1d\u00e1n\u00ed, doba dod\u00e1n\u00ed cca 5 t\u00fddn\u016f.<\/strong><\/p>","protected":false},"excerpt":{"rendered":"<p>Elegantn\u00ed snubn\u00ed prsten ze \u017elut\u00e9ho zlata ryzosti 0,750 zdoben\u00fd dvaceti brilianty, kter\u00e9 jemn\u011b rozjas\u0148uj\u00ed celek. \u0160irok\u00fd profil a matn\u00e1 povrchov\u00e1 \u00faprava mu dod\u00e1vaj\u00ed modern\u00ed a z\u00e1rove\u0148 klasick\u00fd vzhled. Je jedine\u010dn\u00fdm symbolem l\u00e1sky a trvanlivosti, kter\u00fd pot\u011b\u0161\u00ed jak p\u0159\u00edznivce tradice, tak modern\u00edho designu. Mo\u017enost zhotoven\u00ed prstenu v jin\u00e9 barv\u011b zlata v\u00e1m umo\u017en\u00ed sladit jej s va\u0161\u00edm individu\u00e1ln\u00edm vkusem. Ide\u00e1ln\u00ed volba pro zvl\u00e1\u0161tn\u00ed p\u0159\u00edle\u017eitost.<\/p>","protected":false},"featured_media":9078,"comment_status":"closed","ping_status":"closed","template":"","meta":{"om_disable_all_campaigns":false},"product_brand":[2284],"product_cat":[1803,2181],"product_tag":[4352,2301,4348,2296,4354,3717,3727,4353,4350,4351,4349,3806,2522],"class_list":{"0":"post-16041","1":"product","2":"type-product","3":"status-publish","4":"has-post-thumbnail","6":"product_brand-staviori","7":"product_cat-brylanty-exclusive","8":"product_cat-obraczki","9":"product_tag-bizuteria-slubna","10":"product_tag-brylanty","11":"product_tag-ddr0828d","12":"product_tag-diamenty","13":"product_tag-indywidualny-wybor","14":"product_tag-klasyka","15":"product_tag-luksus","16":"product_tag-nowoczesny-design","17":"product_tag-obraczka","18":"product_tag-slub","19":"product_tag-xzd1858","20":"product_tag-zloto","21":"product_tag-zolte-zloto","22":"pa_barwa-g-h","23":"pa_czystosc-si1","24":"pa_dostawca-draco","25":"pa_grubosc-1-5mm","26":"pa_kamien-brylanty","27":"pa_kolor-zolte","28":"pa_kruszec-zloto","29":"pa_proba-0-750","30":"pa_rozmiar-4355","31":"pa_rozmiar-2351","32":"pa_rozmiar-2352","33":"pa_rozmiar-2353","34":"pa_rozmiar-2354","35":"pa_rozmiar-2355","36":"pa_rozmiar-2356","37":"pa_rozmiar-2357","38":"pa_rozmiar-2358","39":"pa_rozmiar-2359","40":"pa_rozmiar-2360","41":"pa_rozmiar-4356","42":"pa_rozmiar-4357","43":"pa_rozmiar-4358","44":"pa_rozmiar-4359","45":"pa_szerokosc-5mm","46":"pa_waga-890g","48":"first","49":"onbackorder","50":"purchasable","51":"product-type-variable","52":"has-default-attributes"},"aioseo_notices":[],"_links":{"self":[{"href":"https:\/\/staviori.com.pl\/cs\/wp-json\/wp\/v2\/product\/16041","targetHints":{"allow":["GET"]}}],"collection":[{"href":"https:\/\/staviori.com.pl\/cs\/wp-json\/wp\/v2\/product"}],"about":[{"href":"https:\/\/staviori.com.pl\/cs\/wp-json\/wp\/v2\/types\/product"}],"replies":[{"embeddable":true,"href":"https:\/\/staviori.com.pl\/cs\/wp-json\/wp\/v2\/comments?post=16041"}],"wp:featuredmedia":[{"embeddable":true,"href":"https:\/\/staviori.com.pl\/cs\/wp-json\/wp\/v2\/media\/9078"}],"wp:attachment":[{"href":"https:\/\/staviori.com.pl\/cs\/wp-json\/wp\/v2\/media?parent=16041"}],"wp:term":[{"taxonomy":"product_brand","embeddable":true,"href":"https:\/\/staviori.com.pl\/cs\/wp-json\/wp\/v2\/product_brand?post=16041"},{"taxonomy":"product_cat","embeddable":true,"href":"https:\/\/staviori.com.pl\/cs\/wp-json\/wp\/v2\/product_cat?post=16041"},{"taxonomy":"product_tag","embeddable":true,"href":"https:\/\/staviori.com.pl\/cs\/wp-json\/wp\/v2\/product_tag?post=16041"}],"curies":[{"name":"wp","href":"https:\/\/api.w.org\/{rel}","templated":true}]}}