{"id":16034,"date":"2025-02-24T22:50:32","date_gmt":"2025-02-24T21:50:32","guid":{"rendered":"https:\/\/staviori.com.pl\/product\/zlote-krzyzyki-i-medaliki-wzx6619\/"},"modified":"2026-03-14T10:34:56","modified_gmt":"2026-03-14T09:34:56","slug":"zlote-krzyzyki-i-medaliki-wzx6619","status":"publish","type":"product","link":"https:\/\/staviori.com.pl\/cs\/product\/zlote-krzyzyki-i-medaliki-wzx6619\/","title":{"rendered":"Zlat\u00fd p\u0159\u00edv\u011bsek and\u011bla - ide\u00e1ln\u00ed k prvn\u00edmu svat\u00e9mu p\u0159ij\u00edm\u00e1n\u00ed"},"content":{"rendered":"<p>Model: WZX6619<br \/>\nWaga ok. 0,78g<\/p>\n<p>Medailon.<br \/>\n\u017dlut\u00e9 zlato 0,585.<\/p>\n<p>D\u0142ugo\u015b\u0107 21 mm.<br \/>\nSzeroko\u015b\u0107 14 mm.<\/p>","protected":false},"excerpt":{"rendered":"<p>Model: WZX6619 Waga ok. 0,78g Medalik. \u017b\u00f3\u0142te Z\u0142oto 0,585. D\u0142ugo\u015b\u0107 21 mm. Szeroko\u015b\u0107 14 mm.<\/p>","protected":false},"featured_media":16035,"comment_status":"closed","ping_status":"closed","template":"","meta":{"om_disable_all_campaigns":false},"product_brand":[2284,2350],"product_cat":[1988,2248,1930],"product_tag":[4346,4347],"class_list":{"0":"post-16034","1":"product","2":"type-product","3":"status-publish","4":"has-post-thumbnail","6":"product_brand-staviori","7":"product_brand-verona","8":"product_cat-krzyzyki-i-medaliki-3","9":"product_cat-zlote-krzyzyki-i-medaliki","10":"product_cat-zloto-2","11":"product_tag-la19225","12":"product_tag-wzx6619","13":"pa_dlugosc-21mm","14":"pa_kolor-zolte","15":"pa_kruszec-zloto","16":"pa_motyw-aniolek","17":"pa_proba-0-585","18":"pa_szerokosc-14mm","19":"pa_waga-078g","21":"first","22":"instock","23":"purchasable","24":"product-type-simple"},"aioseo_notices":[],"_links":{"self":[{"href":"https:\/\/staviori.com.pl\/cs\/wp-json\/wp\/v2\/product\/16034","targetHints":{"allow":["GET"]}}],"collection":[{"href":"https:\/\/staviori.com.pl\/cs\/wp-json\/wp\/v2\/product"}],"about":[{"href":"https:\/\/staviori.com.pl\/cs\/wp-json\/wp\/v2\/types\/product"}],"replies":[{"embeddable":true,"href":"https:\/\/staviori.com.pl\/cs\/wp-json\/wp\/v2\/comments?post=16034"}],"wp:featuredmedia":[{"embeddable":true,"href":"https:\/\/staviori.com.pl\/cs\/wp-json\/wp\/v2\/media\/16035"}],"wp:attachment":[{"href":"https:\/\/staviori.com.pl\/cs\/wp-json\/wp\/v2\/media?parent=16034"}],"wp:term":[{"taxonomy":"product_brand","embeddable":true,"href":"https:\/\/staviori.com.pl\/cs\/wp-json\/wp\/v2\/product_brand?post=16034"},{"taxonomy":"product_cat","embeddable":true,"href":"https:\/\/staviori.com.pl\/cs\/wp-json\/wp\/v2\/product_cat?post=16034"},{"taxonomy":"product_tag","embeddable":true,"href":"https:\/\/staviori.com.pl\/cs\/wp-json\/wp\/v2\/product_tag?post=16034"}],"curies":[{"name":"wp","href":"https:\/\/api.w.org\/{rel}","templated":true}]}}