{"id":16027,"date":"2025-02-24T22:50:29","date_gmt":"2025-02-24T21:50:29","guid":{"rendered":"https:\/\/staviori.com.pl\/product\/zlote-krzyzyki-i-medaliki-wzx5732\/"},"modified":"2026-04-02T07:21:22","modified_gmt":"2026-04-02T05:21:22","slug":"zlote-krzyzyki-i-medaliki-wzx5732","status":"publish","type":"product","link":"https:\/\/staviori.com.pl\/cs\/product\/zlote-krzyzyki-i-medaliki-wzx5732\/","title":{"rendered":"Zlat\u00fd medailonek ve tvaru srdce s Pannou Mari\u00ed 333"},"content":{"rendered":"<p>Model: WZX5732<br \/>\nHmotnost p\u0159ibli\u017en\u011b 0,60 g<\/p>\n<p>Medailon.<br \/>\n\u017dlut\u00e9 zlato 0,333.<br \/>\nV\u00fd\u0161ka 15 mm.<\/p>\n<p>Medalik z wizerunkiem Matki Boskiej.<\/p>","protected":false},"excerpt":{"rendered":"<p>Jemn\u00fd medailonek s obr\u00e1zkem Panny Marie ze \u017elut\u00e9ho zlata o ryzosti 0,333. Jemn\u00fd tvar a klasick\u00fd design z n\u011bj \u010din\u00ed kr\u00e1snou pam\u00e1tku na cel\u00fd \u017eivot - ide\u00e1ln\u00ed ke k\u0159tu, svat\u00e9mu p\u0159ij\u00edm\u00e1n\u00ed nebo bi\u0159mov\u00e1n\u00ed. Precizn\u00ed zpracov\u00e1n\u00ed podtrhuje jedine\u010dn\u00fd charakter tohoto n\u00e1bo\u017eensk\u00e9ho \u0161perku, kter\u00fd bude prov\u00e1zet nejd\u016fle\u017eit\u011bj\u0161\u00ed duchovn\u00ed okam\u017eiky.<\/p>","protected":false},"featured_media":9045,"comment_status":"closed","ping_status":"closed","template":"","meta":{"om_disable_all_campaigns":false},"product_brand":[2284,2350],"product_cat":[1988,2248,1930],"product_tag":[2377,4392,4390,4393,4391,4384,4386,4385,4388,4389,4383,4387,2522],"class_list":{"0":"post-16027","1":"product","2":"type-product","3":"status-publish","4":"has-post-thumbnail","6":"product_brand-staviori","7":"product_brand-verona","8":"product_cat-krzyzyki-i-medaliki-3","9":"product_cat-zlote-krzyzyki-i-medaliki","10":"product_cat-zloto-2","11":"product_tag-2377","12":"product_tag-bierzmowanie","13":"product_tag-chrzest","14":"product_tag-duchowosc","15":"product_tag-komunia","16":"product_tag-la12782","17":"product_tag-matka-boska","18":"product_tag-medalik","19":"product_tag-pamiatka","20":"product_tag-prezent-religijny","21":"product_tag-wzx5732","22":"product_tag-zloto-0","23":"product_tag-zolte-zloto","24":"pa_kolor-zolte","25":"pa_kruszec-zloto","26":"pa_proba-0-333","27":"pa_waga-060g","28":"pa_wysokosc-15mm","30":"first","31":"instock","32":"purchasable","33":"product-type-simple"},"aioseo_notices":[],"_links":{"self":[{"href":"https:\/\/staviori.com.pl\/cs\/wp-json\/wp\/v2\/product\/16027","targetHints":{"allow":["GET"]}}],"collection":[{"href":"https:\/\/staviori.com.pl\/cs\/wp-json\/wp\/v2\/product"}],"about":[{"href":"https:\/\/staviori.com.pl\/cs\/wp-json\/wp\/v2\/types\/product"}],"replies":[{"embeddable":true,"href":"https:\/\/staviori.com.pl\/cs\/wp-json\/wp\/v2\/comments?post=16027"}],"wp:featuredmedia":[{"embeddable":true,"href":"https:\/\/staviori.com.pl\/cs\/wp-json\/wp\/v2\/media\/9045"}],"wp:attachment":[{"href":"https:\/\/staviori.com.pl\/cs\/wp-json\/wp\/v2\/media?parent=16027"}],"wp:term":[{"taxonomy":"product_brand","embeddable":true,"href":"https:\/\/staviori.com.pl\/cs\/wp-json\/wp\/v2\/product_brand?post=16027"},{"taxonomy":"product_cat","embeddable":true,"href":"https:\/\/staviori.com.pl\/cs\/wp-json\/wp\/v2\/product_cat?post=16027"},{"taxonomy":"product_tag","embeddable":true,"href":"https:\/\/staviori.com.pl\/cs\/wp-json\/wp\/v2\/product_tag?post=16027"}],"curies":[{"name":"wp","href":"https:\/\/api.w.org\/{rel}","templated":true}]}}