{"id":16024,"date":"2025-02-24T22:50:29","date_gmt":"2025-02-24T21:50:29","guid":{"rendered":"https:\/\/staviori.com.pl\/product\/zlote-krzyzyki-i-medaliki-wzx5492\/"},"modified":"2026-04-10T08:40:42","modified_gmt":"2026-04-10T06:40:42","slug":"zlote-krzyzyki-i-medaliki-wzx5492","status":"publish","type":"product","link":"https:\/\/staviori.com.pl\/cs\/product\/zlote-krzyzyki-i-medaliki-wzx5492\/","title":{"rendered":"K\u0159\u00ed\u017e ze \u017elut\u00e9ho a b\u00edl\u00e9ho zlata"},"content":{"rendered":"<p>Model: WZX5492<br \/>\nWaga ok. 1,05g<\/p>\n<p>K\u0159\u00ed\u017e.<br \/>\n\u017dlut\u00e9, b\u00edl\u00e9 zlato 0,585.<\/p>\n<p>Wysoko\u015b\u0107 35 mm.<br \/>\nSzeroko\u015b\u0107 17 mm.<\/p>","protected":false},"excerpt":{"rendered":"<p>Klasyczny krzy\u017cyk wykonany z \u017c\u00f3\u0142tego i bia\u0142ego z\u0142ota pr\u00f3by 0,585 to ponadczasowy symbol wiary i duchowo\u015bci. Subtelny kontrast kolor\u00f3w oraz precyzyjne odwzorowanie postaci Chrystusa nadaj\u0105 temu medalikowi wyj\u0105tkowy, sakralny charakter. Krzy\u017cyk idealnie sprawdzi si\u0119 jako pami\u0105tka chrztu, Komunii \u015awi\u0119tej czy bierzmowania. Jego elegancka forma sprawia, \u017ce pi\u0119knie prezentuje si\u0119 na szyi, b\u0119d\u0105c nie tylko ozdob\u0105, ale i wyj\u0105tkowym symbolem.<\/p>","protected":false},"featured_media":9039,"comment_status":"closed","ping_status":"closed","template":"","meta":{"om_disable_all_campaigns":false},"product_brand":[2284,2350],"product_cat":[1988,2248,1930],"product_tag":[4396,2308,4392,4390,4393,4372,4391,2486,4385,4389,4394,4387,4395,2522],"class_list":{"0":"post-16024","1":"product","2":"type-product","3":"status-publish","4":"has-post-thumbnail","6":"product_brand-staviori","7":"product_brand-verona","8":"product_cat-krzyzyki-i-medaliki-3","9":"product_cat-zlote-krzyzyki-i-medaliki","10":"product_cat-zloto-2","11":"product_tag-4396","12":"product_tag-biale-zloto","13":"product_tag-bierzmowanie","14":"product_tag-chrzest","15":"product_tag-duchowosc","16":"product_tag-klasyczny","17":"product_tag-komunia","18":"product_tag-krzyzyk","19":"product_tag-medalik","20":"product_tag-prezent-religijny","21":"product_tag-wzx5492","22":"product_tag-zloto-0","23":"product_tag-zma2811","24":"product_tag-zolte-zloto","25":"pa_kolor-zolte","26":"pa_kruszec-zloto","27":"pa_proba-0-585","28":"pa_szerokosc-17mm","29":"pa_waga-105g","30":"pa_wysokosc-35mm","32":"first","33":"instock","34":"purchasable","35":"product-type-simple"},"aioseo_notices":[],"_links":{"self":[{"href":"https:\/\/staviori.com.pl\/cs\/wp-json\/wp\/v2\/product\/16024","targetHints":{"allow":["GET"]}}],"collection":[{"href":"https:\/\/staviori.com.pl\/cs\/wp-json\/wp\/v2\/product"}],"about":[{"href":"https:\/\/staviori.com.pl\/cs\/wp-json\/wp\/v2\/types\/product"}],"replies":[{"embeddable":true,"href":"https:\/\/staviori.com.pl\/cs\/wp-json\/wp\/v2\/comments?post=16024"}],"wp:featuredmedia":[{"embeddable":true,"href":"https:\/\/staviori.com.pl\/cs\/wp-json\/wp\/v2\/media\/9039"}],"wp:attachment":[{"href":"https:\/\/staviori.com.pl\/cs\/wp-json\/wp\/v2\/media?parent=16024"}],"wp:term":[{"taxonomy":"product_brand","embeddable":true,"href":"https:\/\/staviori.com.pl\/cs\/wp-json\/wp\/v2\/product_brand?post=16024"},{"taxonomy":"product_cat","embeddable":true,"href":"https:\/\/staviori.com.pl\/cs\/wp-json\/wp\/v2\/product_cat?post=16024"},{"taxonomy":"product_tag","embeddable":true,"href":"https:\/\/staviori.com.pl\/cs\/wp-json\/wp\/v2\/product_tag?post=16024"}],"curies":[{"name":"wp","href":"https:\/\/api.w.org\/{rel}","templated":true}]}}