{"id":16022,"date":"2025-02-24T22:50:29","date_gmt":"2025-02-24T21:50:29","guid":{"rendered":"https:\/\/staviori.com.pl\/product\/zlote-krzyzyki-i-medaliki-wzx5271\/"},"modified":"2026-04-02T07:25:20","modified_gmt":"2026-04-02T05:25:20","slug":"zlote-krzyzyki-i-medaliki-wzx5271","status":"publish","type":"product","link":"https:\/\/staviori.com.pl\/cs\/product\/zlote-krzyzyki-i-medaliki-wzx5271\/","title":{"rendered":"Jemn\u00fd k\u0159\u00ed\u017eek ze \u017elut\u00e9ho zlata 0.333"},"content":{"rendered":"<p>Model: WZX5271<br \/>\nWaga ok. 0,39g<\/p>\n<p>K\u0159\u00ed\u017e.<br \/>\n\u017dlut\u00e9 zlato 0,333.<\/p>\n<p>Wysoko\u015b\u0107 20 mm.<\/p>","protected":false},"excerpt":{"rendered":"<p>Delikatny krzy\u017cyk wykonany z \u017c\u00f3\u0142tego z\u0142ota pr\u00f3by 0,333 to klasyczna i ponadczasowa ozdoba, kt\u00f3ra zachwyca subtelno\u015bci\u0105. Lekka forma oraz elegancki, a\u017curowy wz\u00f3r sprawiaj\u0105, \u017ce krzy\u017cyk doskonale sprawdzi si\u0119 zar\u00f3wno na co dzie\u0144, jak i jako wyj\u0105tkowy prezent z okazji chrztu, Komunii \u015awi\u0119tej czy bierzmowania. Pi\u0119knie prezentuje si\u0119 na szyi, b\u0119d\u0105c nie tylko symbolem wiary, ale i stylowym dodatkiem.<\/p>","protected":false},"featured_media":9030,"comment_status":"closed","ping_status":"closed","template":"","meta":{"om_disable_all_campaigns":false},"product_brand":[2284,2350],"product_cat":[1988,2248,1930],"product_tag":[2377,4409,3075,4340,4372,2486,4407,4369,4370,4371,4408,4387,2522],"class_list":{"0":"post-16022","1":"product","2":"type-product","3":"status-publish","4":"has-post-thumbnail","6":"product_brand-staviori","7":"product_brand-verona","8":"product_cat-krzyzyki-i-medaliki-3","9":"product_cat-zlote-krzyzyki-i-medaliki","10":"product_cat-zloto-2","11":"product_tag-2377","12":"product_tag-azurowy","13":"product_tag-bizuteria-religijna","14":"product_tag-delikatny","15":"product_tag-klasyczny","16":"product_tag-krzyzyk","17":"product_tag-la14287","18":"product_tag-prezent-na-chrzest","19":"product_tag-prezent-na-komunie","20":"product_tag-symbol-wiary","21":"product_tag-wzx5271","22":"product_tag-zloto-0","23":"product_tag-zolte-zloto","24":"pa_kolor-zolte","25":"pa_kruszec-zloto","26":"pa_proba-0-333","27":"pa_waga-039g","28":"pa_wysokosc-20mm","30":"first","31":"instock","32":"purchasable","33":"product-type-simple"},"aioseo_notices":[],"_links":{"self":[{"href":"https:\/\/staviori.com.pl\/cs\/wp-json\/wp\/v2\/product\/16022","targetHints":{"allow":["GET"]}}],"collection":[{"href":"https:\/\/staviori.com.pl\/cs\/wp-json\/wp\/v2\/product"}],"about":[{"href":"https:\/\/staviori.com.pl\/cs\/wp-json\/wp\/v2\/types\/product"}],"replies":[{"embeddable":true,"href":"https:\/\/staviori.com.pl\/cs\/wp-json\/wp\/v2\/comments?post=16022"}],"wp:featuredmedia":[{"embeddable":true,"href":"https:\/\/staviori.com.pl\/cs\/wp-json\/wp\/v2\/media\/9030"}],"wp:attachment":[{"href":"https:\/\/staviori.com.pl\/cs\/wp-json\/wp\/v2\/media?parent=16022"}],"wp:term":[{"taxonomy":"product_brand","embeddable":true,"href":"https:\/\/staviori.com.pl\/cs\/wp-json\/wp\/v2\/product_brand?post=16022"},{"taxonomy":"product_cat","embeddable":true,"href":"https:\/\/staviori.com.pl\/cs\/wp-json\/wp\/v2\/product_cat?post=16022"},{"taxonomy":"product_tag","embeddable":true,"href":"https:\/\/staviori.com.pl\/cs\/wp-json\/wp\/v2\/product_tag?post=16022"}],"curies":[{"name":"wp","href":"https:\/\/api.w.org\/{rel}","templated":true}]}}