{"id":16021,"date":"2025-02-24T22:50:29","date_gmt":"2025-02-24T21:50:29","guid":{"rendered":"https:\/\/staviori.com.pl\/product\/zlote-krzyzyki-i-medaliki-wzx5270\/"},"modified":"2026-04-10T10:47:08","modified_gmt":"2026-04-10T08:47:08","slug":"zlote-krzyzyki-i-medaliki-wzx5270","status":"publish","type":"product","link":"https:\/\/staviori.com.pl\/cs\/product\/zlote-krzyzyki-i-medaliki-wzx5270\/","title":{"rendered":"Zlat\u00fd elegantn\u00ed k\u0159\u00ed\u017e 585 28mm"},"content":{"rendered":"<p>Model: WZX5270<br \/>\nWaga ok. 0,85g<\/p>\n<p>K\u0159\u00ed\u017e.<br \/>\n\u017dlut\u00e9 zlato 0,585.<br \/>\nWysoko\u015b\u0107 28 mm.<\/p>","protected":false},"excerpt":{"rendered":"<p>Klasyczny krzy\u017cyk wykonany z \u017c\u00f3\u0142tego z\u0142ota pr\u00f3by 0,585 zachwyca prostot\u0105 i ponadczasow\u0105 form\u0105. Subtelny po\u0142ysk oraz elegancki kszta\u0142t sprawiaj\u0105, \u017ce jest to idealny wyb\u00f3r na prezent z okazji chrztu, Komunii \u015awi\u0119tej czy bierzmowania. Krzy\u017cyk doskonale prezentuje si\u0119 na szyi, b\u0119d\u0105c symbolem wiary, nadziei i ochrony. Staranne wykonanie podkre\u015bla wyj\u0105tkowy charakter tej bi\u017cuterii.<\/p>","protected":false},"featured_media":9024,"comment_status":"closed","ping_status":"closed","template":"","meta":{"om_disable_all_campaigns":false},"product_brand":[2284,2350],"product_cat":[1988,2248,1930],"product_tag":[3075,4374,4372,2486,4369,4370,4373,4371,4367,4368,3806,2522],"class_list":{"0":"post-16021","1":"product","2":"type-product","3":"status-publish","4":"has-post-thumbnail","6":"product_brand-staviori","7":"product_brand-verona","8":"product_cat-krzyzyki-i-medaliki-3","9":"product_cat-zlote-krzyzyki-i-medaliki","10":"product_cat-zloto-2","11":"product_tag-bizuteria-religijna","12":"product_tag-elegancki","13":"product_tag-klasyczny","14":"product_tag-krzyzyk","15":"product_tag-prezent-na-chrzest","16":"product_tag-prezent-na-komunie","17":"product_tag-prosty","18":"product_tag-symbol-wiary","19":"product_tag-wzx5270","20":"product_tag-zla3077","21":"product_tag-zloto","22":"product_tag-zolte-zloto","23":"pa_kolor-zolte","24":"pa_kruszec-zloto","25":"pa_proba-0-585","26":"pa_waga-085g","27":"pa_wysokosc-28mm","29":"first","30":"instock","31":"purchasable","32":"product-type-simple"},"aioseo_notices":[],"_links":{"self":[{"href":"https:\/\/staviori.com.pl\/cs\/wp-json\/wp\/v2\/product\/16021","targetHints":{"allow":["GET"]}}],"collection":[{"href":"https:\/\/staviori.com.pl\/cs\/wp-json\/wp\/v2\/product"}],"about":[{"href":"https:\/\/staviori.com.pl\/cs\/wp-json\/wp\/v2\/types\/product"}],"replies":[{"embeddable":true,"href":"https:\/\/staviori.com.pl\/cs\/wp-json\/wp\/v2\/comments?post=16021"}],"wp:featuredmedia":[{"embeddable":true,"href":"https:\/\/staviori.com.pl\/cs\/wp-json\/wp\/v2\/media\/9024"}],"wp:attachment":[{"href":"https:\/\/staviori.com.pl\/cs\/wp-json\/wp\/v2\/media?parent=16021"}],"wp:term":[{"taxonomy":"product_brand","embeddable":true,"href":"https:\/\/staviori.com.pl\/cs\/wp-json\/wp\/v2\/product_brand?post=16021"},{"taxonomy":"product_cat","embeddable":true,"href":"https:\/\/staviori.com.pl\/cs\/wp-json\/wp\/v2\/product_cat?post=16021"},{"taxonomy":"product_tag","embeddable":true,"href":"https:\/\/staviori.com.pl\/cs\/wp-json\/wp\/v2\/product_tag?post=16021"}],"curies":[{"name":"wp","href":"https:\/\/api.w.org\/{rel}","templated":true}]}}