{"id":16018,"date":"2025-02-24T22:50:29","date_gmt":"2025-02-24T21:50:29","guid":{"rendered":"https:\/\/staviori.com.pl\/product\/zlote-wisiorki-wzx4945\/"},"modified":"2026-04-20T08:27:09","modified_gmt":"2026-04-20T06:27:09","slug":"zlote-wisiorki-wzx4945","status":"publish","type":"product","link":"https:\/\/staviori.com.pl\/cs\/product\/zlote-wisiorki-wzx4945\/","title":{"rendered":"Zlat\u00e1 otev\u00edrac\u00ed krabi\u010dka - p\u0159\u00edv\u011bsek 585 srdce - grav\u00edrov\u00e1n\u00ed"},"content":{"rendered":"<p>Model: WZX4945<br \/>\nHmotnost p\u0159ibli\u017en\u011b 1,50 g<\/p>\n<p>Wisiorek &#8211; puzderko.<br \/>\nMedalion otwierany &#8211; miejsce na zdj\u0119cie.<br \/>\n\u017dlut\u00e9 zlato 0,585.<\/p>\n<p>D\u00e9lka 20 mm.<br \/>\nSzeroko\u015b\u0107 14 mm.<br \/>\nTlou\u0161\u0165ka 5 mm.<\/p>\n<p>Na obr\u00e1zku s \u0159et\u011bzem LZX4222<\/p>\n<p>Dost\u0119pny na zam\u00f3wienie, czas realizacji ok. 1 tydzie\u0144<br \/>\nMo\u017cliwo\u015b\u0107 graweru do 10 znak\u00f3w<\/p>","protected":false},"excerpt":{"rendered":"<p>Wyj\u0105tkowy wisiorek w kszta\u0142cie serca wykonany z \u017c\u00f3\u0142tego z\u0142ota pr\u00f3by 0,585, b\u0119d\u0105cy jednocze\u015bnie medalionem otwieranym. Pozwala na umieszczenie wewn\u0105trz zdj\u0119cia bliskiej osoby, dzi\u0119ki czemu staje si\u0119 nie tylko eleganck\u0105 ozdob\u0105, ale tak\u017ce osobist\u0105 pami\u0105tk\u0105 pe\u0142n\u0105 emocji. Delikatna forma i ponadczasowy design sprawiaj\u0105, \u017ce to idealny prezent na wyj\u0105tkowe okazje \u2013 zar\u00f3wno dla ukochanej, mamy, jak i przyjaci\u00f3\u0142ki. Subtelny po\u0142ysk z\u0142ota podkre\u015bla jego romantyczny charakter.<\/p>","protected":false},"featured_media":9007,"comment_status":"closed","ping_status":"closed","template":"","meta":{"om_disable_all_campaigns":false},"product_brand":[2284,2350],"product_cat":[729,2253,1930],"product_tag":[6095,3720,3754,3810,3746,6504,6494,4398,6503,6505,4400,6502,6093,1414,6496,4028,4397,3815,2364,2522],"class_list":{"0":"post-16018","1":"product","2":"type-product","3":"status-publish","4":"has-post-thumbnail","6":"product_brand-staviori","7":"product_brand-verona","8":"product_cat-wisiorki","9":"product_cat-zlote-wisiorki","10":"product_cat-zloto-2","11":"product_tag-anhanger","12":"product_tag-bizuteria","13":"product_tag-darek","14":"product_tag-gold","15":"product_tag-heart","16":"product_tag-herz","17":"product_tag-jewellery","18":"product_tag-la10095","19":"product_tag-locket","20":"product_tag-medaillon","21":"product_tag-medalion","22":"product_tag-otwierany-medalion","23":"product_tag-pendant","24":"product_tag-serce","25":"product_tag-sperk","26":"product_tag-wisiorek","27":"product_tag-wzx4945","28":"product_tag-zlato","29":"product_tag-zloto-585","30":"product_tag-zolte-zloto","31":"pa_dlugosc-20mm","32":"pa_kolor-zolte","33":"pa_kruszec-zloto","34":"pa_motyw-serce","35":"pa_proba-0-585","36":"pa_szerokosc-14mm","37":"pa_waga-150g","39":"first","40":"instock","41":"purchasable","42":"product-type-simple"},"aioseo_notices":[],"_links":{"self":[{"href":"https:\/\/staviori.com.pl\/cs\/wp-json\/wp\/v2\/product\/16018","targetHints":{"allow":["GET"]}}],"collection":[{"href":"https:\/\/staviori.com.pl\/cs\/wp-json\/wp\/v2\/product"}],"about":[{"href":"https:\/\/staviori.com.pl\/cs\/wp-json\/wp\/v2\/types\/product"}],"replies":[{"embeddable":true,"href":"https:\/\/staviori.com.pl\/cs\/wp-json\/wp\/v2\/comments?post=16018"}],"wp:featuredmedia":[{"embeddable":true,"href":"https:\/\/staviori.com.pl\/cs\/wp-json\/wp\/v2\/media\/9007"}],"wp:attachment":[{"href":"https:\/\/staviori.com.pl\/cs\/wp-json\/wp\/v2\/media?parent=16018"}],"wp:term":[{"taxonomy":"product_brand","embeddable":true,"href":"https:\/\/staviori.com.pl\/cs\/wp-json\/wp\/v2\/product_brand?post=16018"},{"taxonomy":"product_cat","embeddable":true,"href":"https:\/\/staviori.com.pl\/cs\/wp-json\/wp\/v2\/product_cat?post=16018"},{"taxonomy":"product_tag","embeddable":true,"href":"https:\/\/staviori.com.pl\/cs\/wp-json\/wp\/v2\/product_tag?post=16018"}],"curies":[{"name":"wp","href":"https:\/\/api.w.org\/{rel}","templated":true}]}}