{"id":16011,"date":"2025-02-24T22:50:24","date_gmt":"2025-02-24T21:50:24","guid":{"rendered":"https:\/\/staviori.com.pl\/product\/zlote-krzyzyki-i-medaliki-wzx0429\/"},"modified":"2026-04-02T07:26:15","modified_gmt":"2026-04-02T05:26:15","slug":"zlote-krzyzyki-i-medaliki-wzx0429","status":"publish","type":"product","link":"https:\/\/staviori.com.pl\/cs\/product\/zlote-krzyzyki-i-medaliki-wzx0429\/","title":{"rendered":"Drobn\u00fd zlat\u00fd k\u0159\u00ed\u017eek v ryzosti 333"},"content":{"rendered":"<p>Model: WZX0429<br \/>\nWaga ok. 0,17g<\/p>\n<p>K\u0159\u00ed\u017e.<br \/>\n\u017dlut\u00e9 zlato 0,333.<\/p>\n<p>Wymiary 11&#215;6 mm.<br \/>\nWysoko\u015b\u0107 ca\u0142k.16 mm.<\/p>","protected":false},"excerpt":{"rendered":"<p>Delikatny z\u0142oty krzy\u017cyk wykonany z \u017c\u00f3\u0142tego z\u0142ota pr\u00f3by 0,333 to ponadczasowy symbol wiary i subtelnej elegancji. Lekka, drobna forma o pi\u0119knie wyprofilowanych ramionach sprawia, \u017ce idealnie komponuje si\u0119 zar\u00f3wno z codziennymi stylizacjami, jak i bardziej uroczystymi okazjami. Ten klasyczny wz\u00f3r o b\u0142yszcz\u0105cym wyko\u0144czeniu b\u0119dzie wyj\u0105tkowym prezentem dla dziecka, nastolatki lub doros\u0142ej osoby ceni\u0105cej minimalistyczn\u0105 bi\u017cuteri\u0119. Krzy\u017cyk zachwyca precyzj\u0105 wykonania oraz ponadczasowym blaskiem z\u0142ota.<\/p>","protected":false},"featured_media":8975,"comment_status":"closed","ping_status":"closed","template":"","meta":{"om_disable_all_campaigns":false},"product_brand":[2284,2350],"product_cat":[1988,2248,1930],"product_tag":[2543,4423,2486,4422,4418,4421,4420,4369,4417,2518,4381],"class_list":{"0":"post-16011","1":"product","2":"type-product","3":"status-publish","4":"has-post-thumbnail","6":"product_brand-staviori","7":"product_brand-verona","8":"product_cat-krzyzyki-i-medaliki-3","9":"product_cat-zlote-krzyzyki-i-medaliki","10":"product_cat-zloto-2","11":"product_tag-bizuteria-zlota","12":"product_tag-klasyczny-krzyzyk","13":"product_tag-krzyzyk","14":"product_tag-krzyzyk-dzieciecy","15":"product_tag-la10012","16":"product_tag-minimalistyczny-wisiorek","17":"product_tag-prezent-komunijny","18":"product_tag-prezent-na-chrzest","19":"product_tag-wzx0429","20":"product_tag-zloto-333","21":"product_tag-zloty-krzyzyk","22":"pa_kolor-zolte","23":"pa_kruszec-zloto","24":"pa_proba-0-333","25":"pa_waga-017g","26":"pa_wymiary-11x6mm","27":"pa_wysokosc-mm","29":"first","30":"instock","31":"purchasable","32":"product-type-simple"},"aioseo_notices":[],"_links":{"self":[{"href":"https:\/\/staviori.com.pl\/cs\/wp-json\/wp\/v2\/product\/16011","targetHints":{"allow":["GET"]}}],"collection":[{"href":"https:\/\/staviori.com.pl\/cs\/wp-json\/wp\/v2\/product"}],"about":[{"href":"https:\/\/staviori.com.pl\/cs\/wp-json\/wp\/v2\/types\/product"}],"replies":[{"embeddable":true,"href":"https:\/\/staviori.com.pl\/cs\/wp-json\/wp\/v2\/comments?post=16011"}],"wp:featuredmedia":[{"embeddable":true,"href":"https:\/\/staviori.com.pl\/cs\/wp-json\/wp\/v2\/media\/8975"}],"wp:attachment":[{"href":"https:\/\/staviori.com.pl\/cs\/wp-json\/wp\/v2\/media?parent=16011"}],"wp:term":[{"taxonomy":"product_brand","embeddable":true,"href":"https:\/\/staviori.com.pl\/cs\/wp-json\/wp\/v2\/product_brand?post=16011"},{"taxonomy":"product_cat","embeddable":true,"href":"https:\/\/staviori.com.pl\/cs\/wp-json\/wp\/v2\/product_cat?post=16011"},{"taxonomy":"product_tag","embeddable":true,"href":"https:\/\/staviori.com.pl\/cs\/wp-json\/wp\/v2\/product_tag?post=16011"}],"curies":[{"name":"wp","href":"https:\/\/api.w.org\/{rel}","templated":true}]}}