{"id":15989,"date":"2025-02-24T22:50:24","date_gmt":"2025-02-24T21:50:24","guid":{"rendered":"https:\/\/staviori.com.pl\/product\/wisiorek-z-brylantem-wzd5722\/"},"modified":"2026-02-11T00:09:38","modified_gmt":"2026-02-10T23:09:38","slug":"wisiorek-z-brylantem-wzd5722","status":"publish","type":"product","link":"https:\/\/staviori.com.pl\/cs\/product\/wisiorek-z-brylantem-wzd5722\/","title":{"rendered":"Zlat\u00fd p\u0159\u00edv\u011bsek s diamantem na jak\u00fdkoli \u0159et\u00edzek"},"content":{"rendered":"<p>Model: WZD5722<br \/>\nWaga ok. 0,45g<\/p>\n<p>P\u0159\u00edv\u011bsek.<br \/>\n\u017dlut\u00e9, b\u00edl\u00e9 zlato 0,585.<br \/>\n1 diamant, briliantov\u00fd brus, hmotnost 0,01ct, barva H, \u010distota I1.<\/p>\n<p>\u015arednica 5 mm.<br \/>\nGrubo\u015b\u0107 4 mm.<br \/>\n\u015arednica ogniwa 2 mm.<\/p>\n<p>Przedmiotem oferty jest sam wisiorek &#8211; bez \u0142a\u0144cuszka.<\/p>","protected":false},"excerpt":{"rendered":"<p>Subtelny wisiorek z \u017c\u00f3\u0142tego i bia\u0142ego z\u0142ota 0,585 z brylantem o szlifie brylantowym i masie 0,01 ct. Klasyczny okr\u0105g\u0142y kszta\u0142t w po\u0142\u0105czeniu z b\u0142yskiem diamentu tworzy eleganck\u0105 ca\u0142o\u015b\u0107, kt\u00f3ra pi\u0119knie prezentuje si\u0119 zar\u00f3wno na co dzie\u0144, jak i na wyj\u0105tkowe okazje. Doskona\u0142y wyb\u00f3r dla kobiet ceni\u0105cych minimalizm i ponadczasowy styl.<\/p>","protected":false},"featured_media":19033,"comment_status":"closed","ping_status":"closed","template":"","meta":{"om_disable_all_campaigns":false},"product_brand":[2284,2350],"product_cat":[1838,2242,729],"product_tag":[4453,2308,4123,3722,3710,4454,2384,2332,4028,4452,3184,2522],"class_list":{"0":"post-15989","1":"product","2":"type-product","3":"status-publish","4":"has-post-thumbnail","6":"product_brand-staviori","7":"product_brand-verona","8":"product_cat-diamenty","9":"product_cat-wisiorek-z-brylantem","10":"product_cat-wisiorki","11":"product_tag-4453","12":"product_tag-biale-zloto","13":"product_tag-brylant","14":"product_tag-diament","15":"product_tag-elegancja","16":"product_tag-klasyczny-wisiorek","17":"product_tag-minimalistyczna-bizuteria","18":"product_tag-prezent","19":"product_tag-wisiorek","20":"product_tag-wzd5722","21":"product_tag-zloty-wisiorek","22":"product_tag-zolte-zloto","23":"pa_barwa-h-2","24":"pa_czystosc-i1","25":"pa_grubosc-4mm","26":"pa_kamien-diament","27":"pa_kolor-zolte","28":"pa_kruszec-zloto","29":"pa_proba-0-585","30":"pa_srednica-5mm","31":"pa_waga-045g","33":"first","34":"instock","35":"purchasable","36":"product-type-simple"},"aioseo_notices":[],"_links":{"self":[{"href":"https:\/\/staviori.com.pl\/cs\/wp-json\/wp\/v2\/product\/15989","targetHints":{"allow":["GET"]}}],"collection":[{"href":"https:\/\/staviori.com.pl\/cs\/wp-json\/wp\/v2\/product"}],"about":[{"href":"https:\/\/staviori.com.pl\/cs\/wp-json\/wp\/v2\/types\/product"}],"replies":[{"embeddable":true,"href":"https:\/\/staviori.com.pl\/cs\/wp-json\/wp\/v2\/comments?post=15989"}],"wp:featuredmedia":[{"embeddable":true,"href":"https:\/\/staviori.com.pl\/cs\/wp-json\/wp\/v2\/media\/19033"}],"wp:attachment":[{"href":"https:\/\/staviori.com.pl\/cs\/wp-json\/wp\/v2\/media?parent=15989"}],"wp:term":[{"taxonomy":"product_brand","embeddable":true,"href":"https:\/\/staviori.com.pl\/cs\/wp-json\/wp\/v2\/product_brand?post=15989"},{"taxonomy":"product_cat","embeddable":true,"href":"https:\/\/staviori.com.pl\/cs\/wp-json\/wp\/v2\/product_cat?post=15989"},{"taxonomy":"product_tag","embeddable":true,"href":"https:\/\/staviori.com.pl\/cs\/wp-json\/wp\/v2\/product_tag?post=15989"}],"curies":[{"name":"wp","href":"https:\/\/api.w.org\/{rel}","templated":true}]}}