{"id":15973,"date":"2025-02-24T22:50:19","date_gmt":"2025-02-24T21:50:19","guid":{"rendered":"https:\/\/staviori.com.pl\/product\/bizuteria-inwestycyjna-wisiorek-wzd1823\/"},"modified":"2026-02-11T00:09:37","modified_gmt":"2026-02-10T23:09:37","slug":"bizuteria-inwestycyjna-wisiorek-wzd1823","status":"publish","type":"product","link":"https:\/\/staviori.com.pl\/cs\/product\/bizuteria-inwestycyjna-wisiorek-wzd1823\/","title":{"rendered":"Exkluzivn\u00ed | diamantov\u00fd p\u0159\u00edv\u011bsek ve tvaru hada z 18kar\u00e1tov\u00e9ho zlata"},"content":{"rendered":"<p>Model: WZD1823<br \/>\nWaga ok. 6,50g<\/p>\n<p>P\u0159\u00edv\u011bsek.<br \/>\n\u017dlut\u00e9 zlato 0,750.<br \/>\n207 Diament\u00f3w, szlif brylantowy, o masie 1,01ct, barwa G-H, czysto\u015b\u0107 SI1.<br \/>\n2 Diamenty, kolor czarny, szlif brylantowy, o masie 0,02ct.<\/p>\n<p>D\u00e9lka 53 mm.<br \/>\nSzeroko\u015b\u0107 20 mm.<br \/>\nTlou\u0161\u0165ka 2,5 mm.<\/p>\n<p><strong>Produkt je k dispozici pouze na vy\u017e\u00e1d\u00e1n\u00ed, doba dod\u00e1n\u00ed cca 5 t\u00fddn\u016f.<\/strong><br \/>\nMo\u017cliwe wykonanie w \u017c\u00f3\u0142tym, bia\u0142ym lub r\u00f3\u017cowym z\u0142ocie.<\/p>","protected":false},"excerpt":{"rendered":"<p>Fenomen\u00e1ln\u00ed p\u0159\u00edv\u011bsek ve tvaru hada, vyroben\u00fd ze \u017elut\u00e9ho zlata ryzosti 0,750, je v\u00fdrazem luxusu a jedine\u010dn\u00e9ho stylu. Jeho elegantn\u00ed zvln\u011bn\u00e9 linie byly d\u016fmysln\u011b ozdobeny a\u017e 207 diamanty o celkov\u00e9 hmotnosti 1,01 ct, kter\u00e9 n\u00e1dhern\u011b odr\u00e1\u017eej\u00ed sv\u011btlo a dod\u00e1vaj\u00ed cel\u00e9mu \u0161perku oslniv\u00fd t\u0159pyt. Dva \u010dern\u00e9 diamanty jemn\u011b zv\u00fdraz\u0148uj\u00ed o\u010di hada a dod\u00e1vaj\u00ed \u0161perku tajemstv\u00ed a charakter. Tento jedine\u010dn\u00fd design upout\u00e1 pozornost a je ide\u00e1ln\u00ed volbou pro \u017eeny, kter\u00e9 ocen\u00ed odv\u00e1\u017en\u00e9, designov\u00e9 dopl\u0148ky. Tento v\u00fdrobek je k dispozici pouze na objedn\u00e1vku - ide\u00e1ln\u00ed pro speci\u00e1ln\u00ed d\u00e1rek.<\/p>","protected":false},"featured_media":8890,"comment_status":"closed","ping_status":"closed","template":"","meta":{"om_disable_all_campaigns":false},"product_brand":[2284],"product_cat":[1803,729,6719],"product_tag":[4482,2798,2319,4480,2296,3727,2332,2283,4028,4481,2341,2522],"class_list":{"0":"post-15973","1":"product","2":"type-product","3":"status-publish","4":"has-post-thumbnail","6":"product_brand-staviori","7":"product_cat-brylanty-exclusive","8":"product_cat-wisiorki","9":"product_cat-wisiorki-brylanty-exclusive","10":"product_tag-18-karatowe-zloto","11":"product_tag-bizuteria-staviori","12":"product_tag-czarne-diamenty","13":"product_tag-designerska-bizuteria","14":"product_tag-diamenty","15":"product_tag-luksus","16":"product_tag-prezent","17":"product_tag-waz","18":"product_tag-wisiorek","19":"product_tag-wyjatkowy-styl","20":"product_tag-zloto-750","21":"product_tag-zolte-zloto","22":"pa_barwa-g-h","23":"pa_czystosc-si1","24":"pa_dlugosc-53mm","25":"pa_dostawca-draco","26":"pa_kamien-brylanty","27":"pa_kolor-zolte","28":"pa_kruszec-zloto","29":"pa_motyw-waz","30":"pa_proba-0-750","31":"pa_szerokosc-20mm","32":"pa_waga-650g","34":"first","35":"onbackorder","36":"purchasable","37":"product-type-simple"},"aioseo_notices":[],"_links":{"self":[{"href":"https:\/\/staviori.com.pl\/cs\/wp-json\/wp\/v2\/product\/15973","targetHints":{"allow":["GET"]}}],"collection":[{"href":"https:\/\/staviori.com.pl\/cs\/wp-json\/wp\/v2\/product"}],"about":[{"href":"https:\/\/staviori.com.pl\/cs\/wp-json\/wp\/v2\/types\/product"}],"replies":[{"embeddable":true,"href":"https:\/\/staviori.com.pl\/cs\/wp-json\/wp\/v2\/comments?post=15973"}],"wp:featuredmedia":[{"embeddable":true,"href":"https:\/\/staviori.com.pl\/cs\/wp-json\/wp\/v2\/media\/8890"}],"wp:attachment":[{"href":"https:\/\/staviori.com.pl\/cs\/wp-json\/wp\/v2\/media?parent=15973"}],"wp:term":[{"taxonomy":"product_brand","embeddable":true,"href":"https:\/\/staviori.com.pl\/cs\/wp-json\/wp\/v2\/product_brand?post=15973"},{"taxonomy":"product_cat","embeddable":true,"href":"https:\/\/staviori.com.pl\/cs\/wp-json\/wp\/v2\/product_cat?post=15973"},{"taxonomy":"product_tag","embeddable":true,"href":"https:\/\/staviori.com.pl\/cs\/wp-json\/wp\/v2\/product_tag?post=15973"}],"curies":[{"name":"wp","href":"https:\/\/api.w.org\/{rel}","templated":true}]}}