{"id":15971,"date":"2025-02-24T22:50:19","date_gmt":"2025-02-24T21:50:19","guid":{"rendered":"https:\/\/staviori.com.pl\/product\/wisiorek-z-brylantem-wzd1668\/"},"modified":"2026-02-11T00:09:37","modified_gmt":"2026-02-10T23:09:37","slug":"wisiorek-z-brylantem-wzd1668","status":"publish","type":"product","link":"https:\/\/staviori.com.pl\/cs\/product\/wisiorek-z-brylantem-wzd1668\/","title":{"rendered":"Exkluzivn\u00ed | K\u0159\u00ed\u017e s diamanty ze zlata 750"},"content":{"rendered":"<p>Model: WZD1668<br \/>\nHmotnost p\u0159ibli\u017en\u011b 1,10 g<\/p>\n<p>K\u0159\u00ed\u017e.<br \/>\n\u017dlut\u00e9 zlato 0,750.<br \/>\n6 diamant\u016f, briliantov\u00fd brus, hmotnost 0,18 ct, barva G, \u010dirost SI1-SI2.<\/p>\n<p>Rozm\u011bry 15 \u00d7 10 mm.<br \/>\nD\u00e9lka 22 mm.<\/p>\n<p>K dispozici tak\u00e9 v b\u00edl\u00e9m zlat\u011b a tak\u00e9 s \u010dern\u00fdmi diamanty.<\/p>\n<p><strong>Pokud nen\u00ed skladem - v\u00fdrobek je k dispozici na objedn\u00e1vku p\u0159ibli\u017en\u011b do 5 t\u00fddn\u016f. <\/strong><\/p>","protected":false},"excerpt":{"rendered":"<p>V\u00fdjime\u010dn\u00fd k\u0159\u00ed\u017eek vyroben\u00fd ze \u017elut\u00e9ho zlata nejvy\u0161\u0161\u00ed kvality 0,750 je elegantn\u00edm \u0161perkem se symbolick\u00fdm v\u00fdznamem. \u0160est t\u0159pytiv\u00fdch diamant\u016f o celkov\u00e9 hmotnosti 0,18 ct jemn\u011b podtrhuje lesk celku a vytv\u00e1\u0159\u00ed p\u016fsobivou kompozici. Klasick\u00fd tvar k\u0159\u00ed\u017eku pot\u011b\u0161\u00ed precizn\u00edm zpracov\u00e1n\u00edm a nad\u010dasovou estetikou. Je vynikaj\u00edc\u00ed volbou jako d\u00e1rek i jako vyj\u00e1d\u0159en\u00ed vlastn\u00ed v\u00edry a stylu. K\u0159\u00ed\u017eek lze objednat tak\u00e9 v b\u00edl\u00e9m zlat\u011b.<\/p>","protected":false},"featured_media":19044,"comment_status":"closed","ping_status":"closed","template":"","meta":{"om_disable_all_campaigns":false},"product_brand":[2284],"product_cat":[1803,1838,2242,729],"product_tag":[3075,4090,3754,3751,2296,3745,3755,3710,3748,4469,4187,2486,4473,4474,4467,2332,4470,3724,4471,4468,3744,4472,4381,3750,2522],"class_list":{"0":"post-15971","1":"product","2":"type-product","3":"status-publish","4":"has-post-thumbnail","6":"product_brand-staviori","7":"product_cat-brylanty-exclusive","8":"product_cat-diamenty","9":"product_cat-wisiorek-z-brylantem","10":"product_cat-wisiorki","11":"product_tag-bizuteria-religijna","12":"product_tag-cross-pendant","13":"product_tag-darek","14":"product_tag-diamanty","15":"product_tag-diamenty","16":"product_tag-diamonds","17":"product_tag-elegance","18":"product_tag-elegancja","19":"product_tag-gift","20":"product_tag-gold-cross","21":"product_tag-krizek","22":"product_tag-krzyzyk","23":"product_tag-nabozenske-sperky","24":"product_tag-nadcasovy-styl","25":"product_tag-ponadczasowy-styl","26":"product_tag-prezent","27":"product_tag-religious-jewelry","28":"product_tag-staviori","29":"product_tag-timeless-style","30":"product_tag-wzd1668","31":"product_tag-yellow-gold","32":"product_tag-zlaty-krizek","33":"product_tag-zloty-krzyzyk","34":"product_tag-zlute-zlato","35":"product_tag-zolte-zloto","36":"pa_barwa-g-2","37":"pa_czystosc-si1","38":"pa_dlugosc-22mm","39":"pa_dostawca-draco","40":"pa_kamien-brylanty","41":"pa_kolor-zolte","42":"pa_kruszec-zloto","43":"pa_motyw-krzyzyk","44":"pa_proba-0-750","45":"pa_waga-110g","46":"pa_wymiary-15x10mm","48":"first","49":"instock","50":"purchasable","51":"product-type-simple"},"aioseo_notices":[],"_links":{"self":[{"href":"https:\/\/staviori.com.pl\/cs\/wp-json\/wp\/v2\/product\/15971","targetHints":{"allow":["GET"]}}],"collection":[{"href":"https:\/\/staviori.com.pl\/cs\/wp-json\/wp\/v2\/product"}],"about":[{"href":"https:\/\/staviori.com.pl\/cs\/wp-json\/wp\/v2\/types\/product"}],"replies":[{"embeddable":true,"href":"https:\/\/staviori.com.pl\/cs\/wp-json\/wp\/v2\/comments?post=15971"}],"wp:featuredmedia":[{"embeddable":true,"href":"https:\/\/staviori.com.pl\/cs\/wp-json\/wp\/v2\/media\/19044"}],"wp:attachment":[{"href":"https:\/\/staviori.com.pl\/cs\/wp-json\/wp\/v2\/media?parent=15971"}],"wp:term":[{"taxonomy":"product_brand","embeddable":true,"href":"https:\/\/staviori.com.pl\/cs\/wp-json\/wp\/v2\/product_brand?post=15971"},{"taxonomy":"product_cat","embeddable":true,"href":"https:\/\/staviori.com.pl\/cs\/wp-json\/wp\/v2\/product_cat?post=15971"},{"taxonomy":"product_tag","embeddable":true,"href":"https:\/\/staviori.com.pl\/cs\/wp-json\/wp\/v2\/product_tag?post=15971"}],"curies":[{"name":"wp","href":"https:\/\/api.w.org\/{rel}","templated":true}]}}