{"id":15966,"date":"2025-02-24T22:50:19","date_gmt":"2025-02-24T21:50:19","guid":{"rendered":"https:\/\/staviori.com.pl\/product\/wisiorek-z-brylantem-wzd0744\/"},"modified":"2026-02-11T00:09:37","modified_gmt":"2026-02-10T23:09:37","slug":"wisiorek-z-brylantem-wzd1000s","status":"publish","type":"product","link":"https:\/\/staviori.com.pl\/cs\/product\/wisiorek-z-brylantem-wzd1000s\/","title":{"rendered":"Zlat\u00fd p\u0159\u00edv\u011bsek kv\u011btiny - saf\u00edry a diamant"},"content":{"rendered":"<p>Model: WZD0744<br \/>\nHmotnost p\u0159ibli\u017en\u011b 0,60 g<\/p>\n<p>P\u0159\u00edv\u011bsek.<br \/>\n\u017dlut\u00e9 zlato 0,585.<br \/>\n1 diamant, briliantov\u00fd brus, hmotnost 0,005ct, barva H, \u010distota I1.<br \/>\n6 Szafir\u00f3w, o masie 0,41ct.<\/p>\n<p>Pr\u016fm\u011br 8 mm.<br \/>\nD\u0142ugo\u015b\u0107 14 mm.<\/p>","protected":false},"excerpt":{"rendered":"<p>Wyj\u0105tkowy wisiorek w formie kwiatka, wykonany z \u017c\u00f3\u0142tego z\u0142ota pr\u00f3by 0,585. Centralny diament w brylantowym szlifie pi\u0119knie wsp\u00f3\u0142gra z sze\u015bcioma g\u0142\u0119bokoniebieskimi szafirami, kt\u00f3re razem tworz\u0105 efektown\u0105 i eleganck\u0105 kompozycj\u0119. Subtelny blask z\u0142ota oraz intensywny kolor kamieni sprawiaj\u0105, \u017ce ten wisiorek b\u0119dzie idealnym dodatkiem zar\u00f3wno na co dzie\u0144, jak i na wyj\u0105tkowe okazje. Doskona\u0142y wyb\u00f3r dla mi\u0142o\u015bniczek klasycznych, a jednocze\u015bnie wyrazistych dodatk\u00f3w.<\/p>","protected":false},"featured_media":8836,"comment_status":"closed","ping_status":"closed","template":"","meta":{"om_disable_all_campaigns":false},"product_brand":[2284],"product_cat":[1838,2242,729],"product_tag":[2798,3722,3710,2603,2340,4136,2332,2297,4028,4683,4489,2522],"class_list":{"0":"post-15966","1":"product","2":"type-product","3":"status-publish","4":"has-post-thumbnail","6":"product_brand-staviori","7":"product_cat-diamenty","8":"product_cat-wisiorek-z-brylantem","9":"product_cat-wisiorki","10":"product_tag-bizuteria-staviori","11":"product_tag-diament","12":"product_tag-elegancja","13":"product_tag-klasyczna-bizuteria","14":"product_tag-kolorowe-kamienie","15":"product_tag-kwiat","16":"product_tag-prezent","17":"product_tag-szafiry","18":"product_tag-wisiorek","19":"product_tag-wzd01000s","20":"product_tag-wzd0744","21":"product_tag-zolte-zloto","22":"pa_barwa-h-2","23":"pa_czystosc-i1","24":"pa_dlugosc-14mm","25":"pa_dostawca-estrella","26":"pa_kamien-brylant","27":"pa_kolor-zolte","28":"pa_kruszec-zloto","29":"pa_motyw-kwiatek","30":"pa_proba-0-585","31":"pa_rozmiar-cm","32":"pa_srednica-8mm","33":"pa_waga-060g","35":"first","36":"instock","37":"purchasable","38":"product-type-simple"},"aioseo_notices":[],"_links":{"self":[{"href":"https:\/\/staviori.com.pl\/cs\/wp-json\/wp\/v2\/product\/15966","targetHints":{"allow":["GET"]}}],"collection":[{"href":"https:\/\/staviori.com.pl\/cs\/wp-json\/wp\/v2\/product"}],"about":[{"href":"https:\/\/staviori.com.pl\/cs\/wp-json\/wp\/v2\/types\/product"}],"replies":[{"embeddable":true,"href":"https:\/\/staviori.com.pl\/cs\/wp-json\/wp\/v2\/comments?post=15966"}],"wp:featuredmedia":[{"embeddable":true,"href":"https:\/\/staviori.com.pl\/cs\/wp-json\/wp\/v2\/media\/8836"}],"wp:attachment":[{"href":"https:\/\/staviori.com.pl\/cs\/wp-json\/wp\/v2\/media?parent=15966"}],"wp:term":[{"taxonomy":"product_brand","embeddable":true,"href":"https:\/\/staviori.com.pl\/cs\/wp-json\/wp\/v2\/product_brand?post=15966"},{"taxonomy":"product_cat","embeddable":true,"href":"https:\/\/staviori.com.pl\/cs\/wp-json\/wp\/v2\/product_cat?post=15966"},{"taxonomy":"product_tag","embeddable":true,"href":"https:\/\/staviori.com.pl\/cs\/wp-json\/wp\/v2\/product_tag?post=15966"}],"curies":[{"name":"wp","href":"https:\/\/api.w.org\/{rel}","templated":true}]}}