{"id":15953,"date":"2025-02-24T22:50:15","date_gmt":"2025-02-24T21:50:15","guid":{"rendered":"https:\/\/staviori.com.pl\/product\/zlote-krzyzyki-i-medaliki-wxx6617\/"},"modified":"2026-04-20T01:14:10","modified_gmt":"2026-04-19T23:14:10","slug":"zlote-krzyzyki-i-medaliki-wxx6617","status":"publish","type":"product","link":"https:\/\/staviori.com.pl\/cs\/product\/zlote-krzyzyki-i-medaliki-wxx6617\/","title":{"rendered":"Zlat\u00e1 srdcov\u00e1 medaile Panny Marie \u010censtochovsk\u00e9 333"},"content":{"rendered":"<p>Model: WXX6617<br \/>\nWaga ok. 0,79g<\/p>\n<p>Medailon.<br \/>\n\u017dlut\u00e9 zlato 0,333.<br \/>\nWymiary 14&#215;14 mm.<\/p>","protected":false},"excerpt":{"rendered":"<p>Pi\u0119kny medalik w kszta\u0142cie serca, wykonany z \u017c\u00f3\u0142tego z\u0142ota pr\u00f3by 0,333. W jego centralnej cz\u0119\u015bci widnieje wizerunek Matki Boskiej Cz\u0119stochowskiej, symbolizuj\u0105cy opiek\u0119 i duchow\u0105 blisko\u015b\u0107. G\u0142adka, wypolerowana powierzchnia podkre\u015bla szlachetno\u015b\u0107 formy. Idealny jako wyj\u0105tkowy prezent religijny dla osoby bliskiej sercu.<\/p>","protected":false},"featured_media":15954,"comment_status":"closed","ping_status":"closed","template":"","meta":{"om_disable_all_campaigns":false},"product_brand":[2284,2350],"product_cat":[1988,2248,1930],"product_tag":[3075,4562,4543,4566,4503,4540,4565,4564,4563,2544],"class_list":{"0":"post-15953","1":"product","2":"type-product","3":"status-publish","4":"has-post-thumbnail","6":"product_brand-staviori","7":"product_brand-verona","8":"product_cat-krzyzyki-i-medaliki-3","9":"product_cat-zlote-krzyzyki-i-medaliki","10":"product_cat-zloto-2","11":"product_tag-bizuteria-religijna","12":"product_tag-la19283","13":"product_tag-matka-boska-czestochowska","14":"product_tag-medalik-serce","15":"product_tag-medalik-zloty","16":"product_tag-pamiatka-chrztu","17":"product_tag-prezent-duchowy","18":"product_tag-serce-z-matka-boska","19":"product_tag-wxx6617","20":"product_tag-zolte-zloto-333","21":"pa_kolor-zolte","22":"pa_kruszec-zloto","23":"pa_proba-0-333","24":"pa_waga-079g","25":"pa_wymiary-14x14mm","27":"first","28":"instock","29":"purchasable","30":"product-type-simple"},"aioseo_notices":[],"_links":{"self":[{"href":"https:\/\/staviori.com.pl\/cs\/wp-json\/wp\/v2\/product\/15953","targetHints":{"allow":["GET"]}}],"collection":[{"href":"https:\/\/staviori.com.pl\/cs\/wp-json\/wp\/v2\/product"}],"about":[{"href":"https:\/\/staviori.com.pl\/cs\/wp-json\/wp\/v2\/types\/product"}],"replies":[{"embeddable":true,"href":"https:\/\/staviori.com.pl\/cs\/wp-json\/wp\/v2\/comments?post=15953"}],"wp:featuredmedia":[{"embeddable":true,"href":"https:\/\/staviori.com.pl\/cs\/wp-json\/wp\/v2\/media\/15954"}],"wp:attachment":[{"href":"https:\/\/staviori.com.pl\/cs\/wp-json\/wp\/v2\/media?parent=15953"}],"wp:term":[{"taxonomy":"product_brand","embeddable":true,"href":"https:\/\/staviori.com.pl\/cs\/wp-json\/wp\/v2\/product_brand?post=15953"},{"taxonomy":"product_cat","embeddable":true,"href":"https:\/\/staviori.com.pl\/cs\/wp-json\/wp\/v2\/product_cat?post=15953"},{"taxonomy":"product_tag","embeddable":true,"href":"https:\/\/staviori.com.pl\/cs\/wp-json\/wp\/v2\/product_tag?post=15953"}],"curies":[{"name":"wp","href":"https:\/\/api.w.org\/{rel}","templated":true}]}}