{"id":15951,"date":"2025-02-24T22:50:15","date_gmt":"2025-02-24T21:50:15","guid":{"rendered":"https:\/\/staviori.com.pl\/product\/zlote-krzyzyki-i-medaliki-wxx6616\/"},"modified":"2026-02-11T00:09:37","modified_gmt":"2026-02-10T23:09:37","slug":"zlote-krzyzyki-i-medaliki-wxx6616","status":"publish","type":"product","link":"https:\/\/staviori.com.pl\/cs\/product\/zlote-krzyzyki-i-medaliki-wxx6616\/","title":{"rendered":"zlat\u00e1 medaile Panny Marie \u010censtochovsk\u00e9 333"},"content":{"rendered":"<p>Model: WXX6616<br \/>\nHmotnost p\u0159ibli\u017en\u011b 0,75 g<\/p>\n<p>Medailon.<br \/>\n\u017dlut\u00e9 zlato 0,333.<br \/>\nD\u0142ugo\u015b\u0107 28 mm.<br \/>\nSzeroko\u015b\u0107 14 mm.<\/p>","protected":false},"excerpt":{"rendered":"<p>Elegancki medalik owalny z wizerunkiem Matki Boskiej Cz\u0119stochowskiej, wykonany z \u017c\u00f3\u0142tego z\u0142ota pr\u00f3by 0,333. Starannie odwzorowane detale oraz subtelnie zdobiona kraw\u0119d\u017a nadaj\u0105 mu wyj\u0105tkowego charakteru. To pi\u0119kny symbol wiary, tradycji i duchowej opieki \u2013 doskona\u0142y jako pami\u0105tka wa\u017cnych uroczysto\u015bci religijnych.<\/p>","protected":false},"featured_media":15952,"comment_status":"closed","ping_status":"closed","template":"","meta":{"om_disable_all_campaigns":false},"product_brand":[2284,2350],"product_cat":[1988,2248,1930],"product_tag":[3075,4541,4543,4505,4503,4540,4370,4371,4542,2544],"class_list":{"0":"post-15951","1":"product","2":"type-product","3":"status-publish","4":"has-post-thumbnail","6":"product_brand-staviori","7":"product_brand-verona","8":"product_cat-krzyzyki-i-medaliki-3","9":"product_cat-zlote-krzyzyki-i-medaliki","10":"product_cat-zloto-2","11":"product_tag-bizuteria-religijna","12":"product_tag-la19284","13":"product_tag-matka-boska-czestochowska","14":"product_tag-medalik-owalny","15":"product_tag-medalik-zloty","16":"product_tag-pamiatka-chrztu","17":"product_tag-prezent-na-komunie","18":"product_tag-symbol-wiary","19":"product_tag-wxx6616","20":"product_tag-zolte-zloto-333","21":"pa_dlugosc-28mm","22":"pa_kolor-zolte","23":"pa_kruszec-zloto","24":"pa_proba-0-333","25":"pa_szerokosc-14mm","26":"pa_waga-075g","28":"first","29":"instock","30":"purchasable","31":"product-type-simple"},"aioseo_notices":[],"_links":{"self":[{"href":"https:\/\/staviori.com.pl\/cs\/wp-json\/wp\/v2\/product\/15951","targetHints":{"allow":["GET"]}}],"collection":[{"href":"https:\/\/staviori.com.pl\/cs\/wp-json\/wp\/v2\/product"}],"about":[{"href":"https:\/\/staviori.com.pl\/cs\/wp-json\/wp\/v2\/types\/product"}],"replies":[{"embeddable":true,"href":"https:\/\/staviori.com.pl\/cs\/wp-json\/wp\/v2\/comments?post=15951"}],"wp:featuredmedia":[{"embeddable":true,"href":"https:\/\/staviori.com.pl\/cs\/wp-json\/wp\/v2\/media\/15952"}],"wp:attachment":[{"href":"https:\/\/staviori.com.pl\/cs\/wp-json\/wp\/v2\/media?parent=15951"}],"wp:term":[{"taxonomy":"product_brand","embeddable":true,"href":"https:\/\/staviori.com.pl\/cs\/wp-json\/wp\/v2\/product_brand?post=15951"},{"taxonomy":"product_cat","embeddable":true,"href":"https:\/\/staviori.com.pl\/cs\/wp-json\/wp\/v2\/product_cat?post=15951"},{"taxonomy":"product_tag","embeddable":true,"href":"https:\/\/staviori.com.pl\/cs\/wp-json\/wp\/v2\/product_tag?post=15951"}],"curies":[{"name":"wp","href":"https:\/\/api.w.org\/{rel}","templated":true}]}}