{"id":15945,"date":"2025-02-24T22:50:15","date_gmt":"2025-02-24T21:50:15","guid":{"rendered":"https:\/\/staviori.com.pl\/product\/zlote-wisiorki-wxx6555\/"},"modified":"2026-02-11T00:09:36","modified_gmt":"2026-02-10T23:09:36","slug":"zlote-wisiorki-wxx6555","status":"publish","type":"product","link":"https:\/\/staviori.com.pl\/cs\/product\/zlote-wisiorki-wxx6555\/","title":{"rendered":"Zlat\u00fd p\u0159\u00edv\u011bsek srdce se zirkony 333"},"content":{"rendered":"<p>Model: WXX6555<br \/>\nWaga ok. 0,99g<\/p>\n<p>P\u0159\u00edv\u011bsek.<br \/>\n\u017dlut\u00e9 zlato 0,333.<br \/>\nZirkonie.<\/p>\n<p>Zawieszka wykonana ze z\u0142ota pr\u00f3by 0,333, ozdobiona cyrkoniami.<br \/>\nPolecamy do kompletu \u0142a\u0144cuszek, model: LZX4209<\/p>","protected":false},"excerpt":{"rendered":"<p>Model: WXX6555 Waga ok. 0,99g Wisiorek. \u017b\u00f3\u0142te Z\u0142oto 0,333. Cyrkonia. Zawieszka wykonana ze z\u0142ota pr\u00f3by 0,333, ozdobiona cyrkoniami. Polecamy do kompletu \u0142a\u0144cuszek, model: LZX4209<\/p>","protected":false},"featured_media":15946,"comment_status":"closed","ping_status":"closed","template":"","meta":{"om_disable_all_campaigns":false},"product_brand":[2284,2350],"product_cat":[729,2253,1930],"product_tag":[4559,2291,4561,4509,4558,4560,2518,2522,4557],"class_list":{"0":"post-15945","1":"product","2":"type-product","3":"status-publish","4":"has-post-thumbnail","6":"product_brand-staviori","7":"product_brand-verona","8":"product_cat-wisiorki","9":"product_cat-zlote-wisiorki","10":"product_cat-zloto-2","11":"product_tag-bizuteria-z-cyrkoniami","12":"product_tag-prezent-dla-niej","13":"product_tag-serce-z-cyrkoniami","14":"product_tag-wisiorek-serce","15":"product_tag-wxx6555","16":"product_tag-zawieszka-romantyczna","17":"product_tag-zloto-333","18":"product_tag-zolte-zloto","19":"product_tag-zx20034","20":"pa_kamien-cyrkonia","21":"pa_kolor-zolte","22":"pa_kruszec-zloto","23":"pa_motyw-serce","24":"pa_proba-0-333","25":"pa_waga-099g","27":"first","28":"instock","29":"purchasable","30":"product-type-simple"},"aioseo_notices":[],"_links":{"self":[{"href":"https:\/\/staviori.com.pl\/cs\/wp-json\/wp\/v2\/product\/15945","targetHints":{"allow":["GET"]}}],"collection":[{"href":"https:\/\/staviori.com.pl\/cs\/wp-json\/wp\/v2\/product"}],"about":[{"href":"https:\/\/staviori.com.pl\/cs\/wp-json\/wp\/v2\/types\/product"}],"replies":[{"embeddable":true,"href":"https:\/\/staviori.com.pl\/cs\/wp-json\/wp\/v2\/comments?post=15945"}],"wp:featuredmedia":[{"embeddable":true,"href":"https:\/\/staviori.com.pl\/cs\/wp-json\/wp\/v2\/media\/15946"}],"wp:attachment":[{"href":"https:\/\/staviori.com.pl\/cs\/wp-json\/wp\/v2\/media?parent=15945"}],"wp:term":[{"taxonomy":"product_brand","embeddable":true,"href":"https:\/\/staviori.com.pl\/cs\/wp-json\/wp\/v2\/product_brand?post=15945"},{"taxonomy":"product_cat","embeddable":true,"href":"https:\/\/staviori.com.pl\/cs\/wp-json\/wp\/v2\/product_cat?post=15945"},{"taxonomy":"product_tag","embeddable":true,"href":"https:\/\/staviori.com.pl\/cs\/wp-json\/wp\/v2\/product_tag?post=15945"}],"curies":[{"name":"wp","href":"https:\/\/api.w.org\/{rel}","templated":true}]}}