{"id":15939,"date":"2025-02-24T22:50:15","date_gmt":"2025-02-24T21:50:15","guid":{"rendered":"https:\/\/staviori.com.pl\/product\/wisiorek-z-brylantem-wxx6554\/"},"modified":"2026-03-20T08:59:54","modified_gmt":"2026-03-20T07:59:54","slug":"wisiorek-z-brylantem-wxx6554","status":"publish","type":"product","link":"https:\/\/staviori.com.pl\/cs\/product\/wisiorek-z-brylantem-wxx6554\/","title":{"rendered":"Zlat\u00fd p\u0159\u00edv\u011bsek srdce s diamanty a rub\u00edny 333"},"content":{"rendered":"<p>Model: WXX6554<br \/>\nWaga ok. 0,99g<\/p>\n<p>P\u0159\u00edv\u011bsek.<br \/>\n\u017dlut\u00e9 zlato 0,333.<br \/>\n9 Diament\u00f3w, szlif brylantowy, o masie 0,025 ct., barwa H, czysto\u015b\u0107 SI1-SI2.<br \/>\n9 Rubin\u00f3w, o masie 0,29 ct..<\/p>\n<p>Zawieszka wykonana ze z\u0142ota pr\u00f3by 0,333, ozdobiona 9 rubinami o \u0142\u0105cznej masie 0,29 ct oraz 9 diamentami, o \u0142\u0105cznej masie 0,025 jako\u015bci H\/SI.<br \/>\nPolecamy do kompletu \u0142a\u0144cuszek, model: LZX4209<\/p>","protected":false},"excerpt":{"rendered":"<p>Zjawiskowy wisiorek w kszta\u0142cie serca, wykonany z \u017c\u00f3\u0142tego z\u0142ota pr\u00f3by 0,333. Ozdobiony 9 rubinami o g\u0142\u0119bokiej czerwieni i 9 l\u015bni\u0105cymi diamentami, kt\u00f3re razem tworz\u0105 niezwykle romantyczn\u0105 kompozycj\u0119. Symbol mi\u0142o\u015bci i elegancji \u2013 idealny jako prezent na wyj\u0105tkow\u0105 okazj\u0119. Doskonale prezentuje si\u0119 w komplecie z \u0142a\u0144cuszkiem model LZX4209.<\/p>","protected":false},"featured_media":15940,"comment_status":"closed","ping_status":"closed","template":"","meta":{"om_disable_all_campaigns":false},"product_brand":[2284,2350],"product_cat":[1838,2242,729],"product_tag":[2288,2291,2579,2290,4509,4518,4519,2544,4517],"class_list":{"0":"post-15939","1":"product","2":"type-product","3":"status-publish","4":"has-post-thumbnail","6":"product_brand-staviori","7":"product_brand-verona","8":"product_cat-diamenty","9":"product_cat-wisiorek-z-brylantem","10":"product_cat-wisiorki","11":"product_tag-bizuteria-z-rubinami","12":"product_tag-prezent-dla-niej","13":"product_tag-romantyczna-bizuteria","14":"product_tag-rubiny-i-diamenty","15":"product_tag-wisiorek-serce","16":"product_tag-wxx6554","17":"product_tag-zawieszka-z-kamieniami","18":"product_tag-zolte-zloto-333","19":"product_tag-zx20021","20":"pa_barwa-h-2","21":"pa_czystosc-si1","22":"pa_kamien-brylanty","23":"pa_kamien-rubiny","24":"pa_kolor-zolte","25":"pa_kruszec-zloto","26":"pa_motyw-serce","27":"pa_proba-0-333","28":"pa_waga-100g-2","30":"first","31":"onbackorder","32":"purchasable","33":"product-type-simple"},"aioseo_notices":[],"_links":{"self":[{"href":"https:\/\/staviori.com.pl\/cs\/wp-json\/wp\/v2\/product\/15939","targetHints":{"allow":["GET"]}}],"collection":[{"href":"https:\/\/staviori.com.pl\/cs\/wp-json\/wp\/v2\/product"}],"about":[{"href":"https:\/\/staviori.com.pl\/cs\/wp-json\/wp\/v2\/types\/product"}],"replies":[{"embeddable":true,"href":"https:\/\/staviori.com.pl\/cs\/wp-json\/wp\/v2\/comments?post=15939"}],"wp:featuredmedia":[{"embeddable":true,"href":"https:\/\/staviori.com.pl\/cs\/wp-json\/wp\/v2\/media\/15940"}],"wp:attachment":[{"href":"https:\/\/staviori.com.pl\/cs\/wp-json\/wp\/v2\/media?parent=15939"}],"wp:term":[{"taxonomy":"product_brand","embeddable":true,"href":"https:\/\/staviori.com.pl\/cs\/wp-json\/wp\/v2\/product_brand?post=15939"},{"taxonomy":"product_cat","embeddable":true,"href":"https:\/\/staviori.com.pl\/cs\/wp-json\/wp\/v2\/product_cat?post=15939"},{"taxonomy":"product_tag","embeddable":true,"href":"https:\/\/staviori.com.pl\/cs\/wp-json\/wp\/v2\/product_tag?post=15939"}],"curies":[{"name":"wp","href":"https:\/\/api.w.org\/{rel}","templated":true}]}}