{"id":15925,"date":"2025-02-24T22:50:15","date_gmt":"2025-02-24T21:50:15","guid":{"rendered":"https:\/\/staviori.com.pl\/product\/zlote-wisiorki-wxx6400\/"},"modified":"2026-04-02T08:26:34","modified_gmt":"2026-04-02T06:26:34","slug":"zlote-wisiorki-wxx6400","status":"publish","type":"product","link":"https:\/\/staviori.com.pl\/cs\/product\/zlote-wisiorki-wxx6400\/","title":{"rendered":"333 p\u0159\u00edv\u011bsek srdce ze \u017elut\u00e9ho a b\u00edl\u00e9ho zlata"},"content":{"rendered":"<p>Model: WXX6400<br \/>\nWaga ok. 0,95g<\/p>\n<p>P\u0159\u00edv\u011bsek.<br \/>\n\u017dlut\u00e9, b\u00edl\u00e9 zlato 0,333.<br \/>\nV\u00fd\u0161ka 15 mm.<\/p>\n<p>Polecamy do kompletu \u0142a\u0144cuszek model LZX6394 &#8211; dost\u0119pny w r\u00f3\u017cnych d\u0142ugo\u015bciach.<\/p>","protected":false},"excerpt":{"rendered":"<p>Efektowny wisiorek w kszta\u0142cie serca, wykonany z \u017c\u00f3\u0142tego i bia\u0142ego z\u0142ota pr\u00f3by 0,333. A\u017curowy wz\u00f3r ozdobiony b\u0142yszcz\u0105cymi elementami w bia\u0142ym z\u0142ocie tworzy unikatow\u0105 kompozycj\u0119 pe\u0142n\u0105 blasku i lekko\u015bci. Idealny wyb\u00f3r dla kobiet ceni\u0105cych nietuzinkow\u0105 bi\u017cuteri\u0119 z romantycznym akcentem. Doskonale prezentuje si\u0119 w komplecie z \u0142a\u0144cuszkiem model LZX6394.<\/p>","protected":false},"featured_media":11443,"comment_status":"closed","ping_status":"closed","template":"","meta":{"om_disable_all_campaigns":false},"product_brand":[2284,2350],"product_cat":[729,2253,1930],"product_tag":[4546,4547,4544,2291,2579,4509,4545,2563,2518,3589],"class_list":{"0":"post-15925","1":"product","2":"type-product","3":"status-publish","4":"has-post-thumbnail","6":"product_brand-staviori","7":"product_brand-verona","8":"product_cat-wisiorki","9":"product_cat-zlote-wisiorki","10":"product_cat-zloto-2","11":"product_tag-azurowy-wisiorek","12":"product_tag-bizuteria-dwukolorowa","13":"product_tag-la17187","14":"product_tag-prezent-dla-niej","15":"product_tag-romantyczna-bizuteria","16":"product_tag-wisiorek-serce","17":"product_tag-wxx6400","18":"product_tag-zawieszka-zlota","19":"product_tag-zloto-333","20":"product_tag-zolte-i-biale-zloto","21":"pa_kolor-zolte","22":"pa_kruszec-zloto","23":"pa_motyw-serce","24":"pa_proba-0-333","25":"pa_waga-095g","26":"pa_wysokosc-15mm","28":"first","29":"instock","30":"purchasable","31":"product-type-simple"},"aioseo_notices":[],"_links":{"self":[{"href":"https:\/\/staviori.com.pl\/cs\/wp-json\/wp\/v2\/product\/15925","targetHints":{"allow":["GET"]}}],"collection":[{"href":"https:\/\/staviori.com.pl\/cs\/wp-json\/wp\/v2\/product"}],"about":[{"href":"https:\/\/staviori.com.pl\/cs\/wp-json\/wp\/v2\/types\/product"}],"replies":[{"embeddable":true,"href":"https:\/\/staviori.com.pl\/cs\/wp-json\/wp\/v2\/comments?post=15925"}],"wp:featuredmedia":[{"embeddable":true,"href":"https:\/\/staviori.com.pl\/cs\/wp-json\/wp\/v2\/media\/11443"}],"wp:attachment":[{"href":"https:\/\/staviori.com.pl\/cs\/wp-json\/wp\/v2\/media?parent=15925"}],"wp:term":[{"taxonomy":"product_brand","embeddable":true,"href":"https:\/\/staviori.com.pl\/cs\/wp-json\/wp\/v2\/product_brand?post=15925"},{"taxonomy":"product_cat","embeddable":true,"href":"https:\/\/staviori.com.pl\/cs\/wp-json\/wp\/v2\/product_cat?post=15925"},{"taxonomy":"product_tag","embeddable":true,"href":"https:\/\/staviori.com.pl\/cs\/wp-json\/wp\/v2\/product_tag?post=15925"}],"curies":[{"name":"wp","href":"https:\/\/api.w.org\/{rel}","templated":true}]}}