{"id":15922,"date":"2025-02-24T22:50:15","date_gmt":"2025-02-24T21:50:15","guid":{"rendered":"https:\/\/staviori.com.pl\/product\/zlote-krzyzyki-i-medaliki-wxx6346\/"},"modified":"2026-04-02T07:41:23","modified_gmt":"2026-04-02T05:41:23","slug":"zlote-krzyzyki-i-medaliki-wxx6346","status":"publish","type":"product","link":"https:\/\/staviori.com.pl\/cs\/product\/zlote-krzyzyki-i-medaliki-wxx6346\/","title":{"rendered":"zlat\u00e1 medaile Panny Marie 333"},"content":{"rendered":"<p>Model: WXX6346<br \/>\nWaga ok. 0,51g<\/p>\n<p>Medailon.<br \/>\n\u017dlut\u00e9 zlato 0,333.<\/p>\n<p>D\u00e9lka 20 mm.<br \/>\nSzeroko\u015b\u0107 10 mm.<\/p>","protected":false},"excerpt":{"rendered":"<p>Jemn\u00fd medailonek s vyobrazen\u00edm modl\u00edc\u00ed se Panny Marie, vyroben\u00fd ze \u017elut\u00e9ho zlata o ryzosti 0,333. Obd\u00e9ln\u00edkov\u00fd tvar a jemn\u00e9 detaily vytv\u00e1\u0159ej\u00ed harmonick\u00fd a duchovn\u00ed celek. Je to kr\u00e1sn\u00fd symbol v\u00edry a p\u00e9\u010de, ide\u00e1ln\u00ed jako pam\u00e1tka na k\u0159est, svat\u00e9 p\u0159ij\u00edm\u00e1n\u00ed nebo bi\u0159mov\u00e1n\u00ed.<\/p>","protected":false},"featured_media":11437,"comment_status":"closed","ping_status":"closed","template":"","meta":{"om_disable_all_campaigns":false},"product_brand":[2284,2350],"product_cat":[1988,2248,1930],"product_tag":[3075,4537,4386,4529,4503,4539,4540,4370,4538,2544],"class_list":{"0":"post-15922","1":"product","2":"type-product","3":"status-publish","4":"has-post-thumbnail","6":"product_brand-staviori","7":"product_brand-verona","8":"product_cat-krzyzyki-i-medaliki-3","9":"product_cat-zlote-krzyzyki-i-medaliki","10":"product_cat-zloto-2","11":"product_tag-bizuteria-religijna","12":"product_tag-la17710","13":"product_tag-matka-boska","14":"product_tag-medalik-prostokatny","15":"product_tag-medalik-zloty","16":"product_tag-modlaca-sie-maryja","17":"product_tag-pamiatka-chrztu","18":"product_tag-prezent-na-komunie","19":"product_tag-wxx6346","20":"product_tag-zolte-zloto-333","21":"pa_dlugosc-20mm","22":"pa_kolor-zolte","23":"pa_kruszec-zloto","24":"pa_proba-0-333","25":"pa_szerokosc-10mm","26":"pa_waga-050g","28":"first","29":"instock","30":"purchasable","31":"product-type-simple"},"aioseo_notices":[],"_links":{"self":[{"href":"https:\/\/staviori.com.pl\/cs\/wp-json\/wp\/v2\/product\/15922","targetHints":{"allow":["GET"]}}],"collection":[{"href":"https:\/\/staviori.com.pl\/cs\/wp-json\/wp\/v2\/product"}],"about":[{"href":"https:\/\/staviori.com.pl\/cs\/wp-json\/wp\/v2\/types\/product"}],"replies":[{"embeddable":true,"href":"https:\/\/staviori.com.pl\/cs\/wp-json\/wp\/v2\/comments?post=15922"}],"wp:featuredmedia":[{"embeddable":true,"href":"https:\/\/staviori.com.pl\/cs\/wp-json\/wp\/v2\/media\/11437"}],"wp:attachment":[{"href":"https:\/\/staviori.com.pl\/cs\/wp-json\/wp\/v2\/media?parent=15922"}],"wp:term":[{"taxonomy":"product_brand","embeddable":true,"href":"https:\/\/staviori.com.pl\/cs\/wp-json\/wp\/v2\/product_brand?post=15922"},{"taxonomy":"product_cat","embeddable":true,"href":"https:\/\/staviori.com.pl\/cs\/wp-json\/wp\/v2\/product_cat?post=15922"},{"taxonomy":"product_tag","embeddable":true,"href":"https:\/\/staviori.com.pl\/cs\/wp-json\/wp\/v2\/product_tag?post=15922"}],"curies":[{"name":"wp","href":"https:\/\/api.w.org\/{rel}","templated":true}]}}