{"id":15917,"date":"2025-02-24T22:50:15","date_gmt":"2025-02-24T21:50:15","guid":{"rendered":"https:\/\/staviori.com.pl\/product\/zlote-wisiorki-wxx6266\/"},"modified":"2026-02-11T00:09:36","modified_gmt":"2026-02-10T23:09:36","slug":"zlote-wisiorki-wxx6266","status":"publish","type":"product","link":"https:\/\/staviori.com.pl\/cs\/product\/zlote-wisiorki-wxx6266\/","title":{"rendered":"Zlat\u00fd p\u0159\u00edv\u011bsek and\u011bl vzorek 333"},"content":{"rendered":"<p>Model: WXX6266<br \/>\nWaga ok. 0,74g<\/p>\n<p>P\u0159\u00edv\u011bsek.<br \/>\n\u017dlut\u00e9 zlato 0,333.<br \/>\nRozm\u011bry 12 \u00d7 12 mm.<br \/>\nD\u0142ugo\u015b\u0107 18 mm.<\/p>\n<p>\u015aliczny wisiorek &#8211; anio\u0142ek &#8211; wykonany z \u017c\u00f3\u0142tego z\u0142ota pr\u00f3by 0,333. Skrzyde\u0142ka rodowane.<\/p>","protected":false},"excerpt":{"rendered":"<p>Okouzluj\u00edc\u00ed p\u0159\u00edv\u011bsek ve tvaru and\u011bla, vyroben\u00fd ze \u017elut\u00e9ho zlata o ryzosti 0,333. M\u00edrn\u011b vystoupl\u00e1 rhodiovan\u00e1 k\u0159\u00eddla dod\u00e1vaj\u00ed jemn\u00fd kontrast a jedine\u010dn\u00fd p\u016fvab. Symbol p\u00e9\u010de, nad\u011bje a n\u011bhy - ide\u00e1ln\u00ed jako d\u00e1rek pro milovanou osobu nebo jako amulet ke ka\u017edodenn\u00edmu no\u0161en\u00ed.<\/p>","protected":false},"featured_media":8798,"comment_status":"closed","ping_status":"closed","template":"","meta":{"om_disable_all_campaigns":false},"product_brand":[2284],"product_cat":[729,2253,1930],"product_tag":[4515,2646,4516,4512,4514,4511,4513,2544],"class_list":{"0":"post-15917","1":"product","2":"type-product","3":"status-publish","4":"has-post-thumbnail","6":"product_brand-staviori","7":"product_cat-wisiorki","8":"product_cat-zlote-wisiorki","9":"product_cat-zloto-2","10":"product_tag-bizuteria-symboliczna","11":"product_tag-prezent-z-przeslaniem","12":"product_tag-rodowane-skrzydelka","13":"product_tag-wisiorek-aniolek","14":"product_tag-wisiorek-religijny","15":"product_tag-xla7935","16":"product_tag-zawieszka-aniol","17":"product_tag-zolte-zloto-333","18":"pa_dlugosc-18mm","19":"pa_kolor-zolte","20":"pa_kruszec-zloto","21":"pa_motyw-aniolek","22":"pa_proba-0-333","23":"pa_waga-074g","24":"pa_wymiary-12x12mm","26":"first","27":"instock","28":"purchasable","29":"product-type-simple"},"aioseo_notices":[],"_links":{"self":[{"href":"https:\/\/staviori.com.pl\/cs\/wp-json\/wp\/v2\/product\/15917","targetHints":{"allow":["GET"]}}],"collection":[{"href":"https:\/\/staviori.com.pl\/cs\/wp-json\/wp\/v2\/product"}],"about":[{"href":"https:\/\/staviori.com.pl\/cs\/wp-json\/wp\/v2\/types\/product"}],"replies":[{"embeddable":true,"href":"https:\/\/staviori.com.pl\/cs\/wp-json\/wp\/v2\/comments?post=15917"}],"wp:featuredmedia":[{"embeddable":true,"href":"https:\/\/staviori.com.pl\/cs\/wp-json\/wp\/v2\/media\/8798"}],"wp:attachment":[{"href":"https:\/\/staviori.com.pl\/cs\/wp-json\/wp\/v2\/media?parent=15917"}],"wp:term":[{"taxonomy":"product_brand","embeddable":true,"href":"https:\/\/staviori.com.pl\/cs\/wp-json\/wp\/v2\/product_brand?post=15917"},{"taxonomy":"product_cat","embeddable":true,"href":"https:\/\/staviori.com.pl\/cs\/wp-json\/wp\/v2\/product_cat?post=15917"},{"taxonomy":"product_tag","embeddable":true,"href":"https:\/\/staviori.com.pl\/cs\/wp-json\/wp\/v2\/product_tag?post=15917"}],"curies":[{"name":"wp","href":"https:\/\/api.w.org\/{rel}","templated":true}]}}