{"id":15914,"date":"2025-02-24T22:50:15","date_gmt":"2025-02-24T21:50:15","guid":{"rendered":"https:\/\/staviori.com.pl\/product\/zlote-wisiorki-wxx6212\/"},"modified":"2026-04-13T09:12:25","modified_gmt":"2026-04-13T07:12:25","slug":"zlote-wisiorki-wxx6212","status":"publish","type":"product","link":"https:\/\/staviori.com.pl\/cs\/product\/zlote-wisiorki-wxx6212\/","title":{"rendered":"zlat\u00fd p\u0159\u00edv\u011bsek pes vzorek 333"},"content":{"rendered":"<p>Model: WXX6212<br \/>\nWaga ok. 0,47g<\/p>\n<p>Wisiorek PIES<br \/>\n\u017dlut\u00e9 zlato 0,333.<\/p>","protected":false},"excerpt":{"rendered":"<p>Z\u0142oty wisiorek w kszta\u0142cie psa, wykonany z \u017c\u00f3\u0142tego z\u0142ota pr\u00f3by 0,333. Sylwetka wiernego czworonoga z wyci\u0119tym serduszkiem to wyj\u0105tkowy symbol mi\u0142o\u015bci i przywi\u0105zania. Idealna bi\u017cuteria dla ka\u017cdego mi\u0142o\u015bnika ps\u00f3w \u2013 subtelna, a jednocze\u015bnie pe\u0142na emocji i znaczenia.<\/p>","protected":false},"featured_media":8794,"comment_status":"closed","ping_status":"closed","template":"","meta":{"om_disable_all_campaigns":false},"product_brand":[2284,2350],"product_cat":[729,2253,1930],"product_tag":[4572,4568,4574,4575,1414,4573,4570,4569,4571,2544],"class_list":{"0":"post-15914","1":"product","2":"type-product","3":"status-publish","4":"has-post-thumbnail","6":"product_brand-staviori","7":"product_brand-verona","8":"product_cat-wisiorki","9":"product_cat-zlote-wisiorki","10":"product_cat-zloto-2","11":"product_tag-bizuteria-dla-milosnika-psow","12":"product_tag-la17934","13":"product_tag-piesek-ze-zlota","14":"product_tag-prezent-dla-wlasciciela-psa","15":"product_tag-serce","16":"product_tag-symbol-przyjazni","17":"product_tag-wisiorek-pies","18":"product_tag-wxx6212","19":"product_tag-zawieszka-piesek","20":"product_tag-zolte-zloto-333","21":"pa_kolor-zolte","22":"pa_kruszec-zloto","23":"pa_motyw-pies","24":"pa_proba-0-333","25":"pa_waga-047g","27":"first","28":"onbackorder","29":"purchasable","30":"product-type-simple"},"aioseo_notices":[],"_links":{"self":[{"href":"https:\/\/staviori.com.pl\/cs\/wp-json\/wp\/v2\/product\/15914","targetHints":{"allow":["GET"]}}],"collection":[{"href":"https:\/\/staviori.com.pl\/cs\/wp-json\/wp\/v2\/product"}],"about":[{"href":"https:\/\/staviori.com.pl\/cs\/wp-json\/wp\/v2\/types\/product"}],"replies":[{"embeddable":true,"href":"https:\/\/staviori.com.pl\/cs\/wp-json\/wp\/v2\/comments?post=15914"}],"wp:featuredmedia":[{"embeddable":true,"href":"https:\/\/staviori.com.pl\/cs\/wp-json\/wp\/v2\/media\/8794"}],"wp:attachment":[{"href":"https:\/\/staviori.com.pl\/cs\/wp-json\/wp\/v2\/media?parent=15914"}],"wp:term":[{"taxonomy":"product_brand","embeddable":true,"href":"https:\/\/staviori.com.pl\/cs\/wp-json\/wp\/v2\/product_brand?post=15914"},{"taxonomy":"product_cat","embeddable":true,"href":"https:\/\/staviori.com.pl\/cs\/wp-json\/wp\/v2\/product_cat?post=15914"},{"taxonomy":"product_tag","embeddable":true,"href":"https:\/\/staviori.com.pl\/cs\/wp-json\/wp\/v2\/product_tag?post=15914"}],"curies":[{"name":"wp","href":"https:\/\/api.w.org\/{rel}","templated":true}]}}