{"id":15912,"date":"2025-02-24T22:50:15","date_gmt":"2025-02-24T21:50:15","guid":{"rendered":"https:\/\/staviori.com.pl\/product\/zlote-krzyzyki-i-medaliki-wxx5289\/"},"modified":"2026-04-10T20:51:09","modified_gmt":"2026-04-10T18:51:09","slug":"zlote-krzyzyki-i-medaliki-wxx5289","status":"publish","type":"product","link":"https:\/\/staviori.com.pl\/cs\/product\/zlote-krzyzyki-i-medaliki-wxx5289\/","title":{"rendered":"Zlat\u00fd k\u0159\u00ed\u017e b\u00edl\u00fd a \u017elut\u00fd - vzorek 333"},"content":{"rendered":"<p>Model: WXX5289<br \/>\nWaga ok. 0,96g<\/p>\n<p>K\u0159\u00ed\u017e.<br \/>\n\u017dlut\u00e9 zlato 0,333.<br \/>\nWysoko\u015b\u0107 30 mm.<br \/>\nSzeroko\u015b\u0107 14 mm.<\/p>","protected":false},"excerpt":{"rendered":"<p>Klasyczny krzy\u017cyk wykonany z \u017c\u00f3\u0142tego z\u0142ota pr\u00f3by 0,333, z wizerunkiem Chrystusa w bia\u0142ym odcieniu. Precyzyjne detale oraz kontrastowe wyko\u0144czenie nadaj\u0105 mu wyj\u0105tkowego charakteru i g\u0142\u0119bokiego znaczenia. To ponadczasowy symbol wiary, kt\u00f3ry doskonale sprawdzi si\u0119 jako duchowy prezent na wa\u017cne okazje.<\/p>","protected":false},"featured_media":8784,"comment_status":"closed","ping_status":"closed","template":"","meta":{"om_disable_all_campaigns":false},"product_brand":[2284,2350],"product_cat":[1988,2248,1930],"product_tag":[3075,4536,4423,4535,4534,4420,4533,4532,2544],"class_list":{"0":"post-15912","1":"product","2":"type-product","3":"status-publish","4":"has-post-thumbnail","6":"product_brand-staviori","7":"product_brand-verona","8":"product_cat-krzyzyki-i-medaliki-3","9":"product_cat-zlote-krzyzyki-i-medaliki","10":"product_cat-zloto-2","11":"product_tag-bizuteria-religijna","12":"product_tag-duchowy-symbol","13":"product_tag-klasyczny-krzyzyk","14":"product_tag-krzyzyk-z-jezusem","15":"product_tag-krzyzyk-zloty","16":"product_tag-prezent-komunijny","17":"product_tag-wxx5289","18":"product_tag-xla9682","19":"product_tag-zolte-zloto-333","20":"pa_kolor-zolte","21":"pa_kruszec-zloto","22":"pa_proba-0-333","23":"pa_szerokosc-14mm","24":"pa_waga-096g","25":"pa_wysokosc-30mm","27":"first","28":"onbackorder","29":"purchasable","30":"product-type-simple"},"aioseo_notices":[],"_links":{"self":[{"href":"https:\/\/staviori.com.pl\/cs\/wp-json\/wp\/v2\/product\/15912","targetHints":{"allow":["GET"]}}],"collection":[{"href":"https:\/\/staviori.com.pl\/cs\/wp-json\/wp\/v2\/product"}],"about":[{"href":"https:\/\/staviori.com.pl\/cs\/wp-json\/wp\/v2\/types\/product"}],"replies":[{"embeddable":true,"href":"https:\/\/staviori.com.pl\/cs\/wp-json\/wp\/v2\/comments?post=15912"}],"wp:featuredmedia":[{"embeddable":true,"href":"https:\/\/staviori.com.pl\/cs\/wp-json\/wp\/v2\/media\/8784"}],"wp:attachment":[{"href":"https:\/\/staviori.com.pl\/cs\/wp-json\/wp\/v2\/media?parent=15912"}],"wp:term":[{"taxonomy":"product_brand","embeddable":true,"href":"https:\/\/staviori.com.pl\/cs\/wp-json\/wp\/v2\/product_brand?post=15912"},{"taxonomy":"product_cat","embeddable":true,"href":"https:\/\/staviori.com.pl\/cs\/wp-json\/wp\/v2\/product_cat?post=15912"},{"taxonomy":"product_tag","embeddable":true,"href":"https:\/\/staviori.com.pl\/cs\/wp-json\/wp\/v2\/product_tag?post=15912"}],"curies":[{"name":"wp","href":"https:\/\/api.w.org\/{rel}","templated":true}]}}