{"id":15911,"date":"2025-02-24T22:50:15","date_gmt":"2025-02-24T21:50:15","guid":{"rendered":"https:\/\/staviori.com.pl\/product\/zlote-wisiorki-wxx5112\/"},"modified":"2026-04-02T07:39:38","modified_gmt":"2026-04-02T05:39:38","slug":"zlote-wisiorki-wxx5112","status":"publish","type":"product","link":"https:\/\/staviori.com.pl\/cs\/product\/zlote-wisiorki-wxx5112\/","title":{"rendered":"zlat\u00fd p\u0159\u00edv\u011bsek srdce s 1 diamantem 585"},"content":{"rendered":"<p>Model: WZX5112<br \/>\nWaga ok. 0,70g<\/p>\n<p>P\u0159\u00edv\u011bsek.<br \/>\n\u017dlut\u00e9 zlato 0,585.<br \/>\n1 Diament, szlif achtkant, o masie 0,007ct, barwa J, czysto\u015b\u0107 I2.<\/p>\n<p>Wysoko\u015b\u0107 12.70 mm.<\/p>","protected":false},"excerpt":{"rendered":"<p>Zachwycaj\u0105cy wisiorek w kszta\u0142cie serca, wykonany z \u017c\u00f3\u0142tego z\u0142ota pr\u00f3by 0,585. Jego nowoczesna forma z delikatnym skr\u0119tem zosta\u0142a wzbogacona o subteln\u0105 wstawk\u0119 z bia\u0142ego z\u0142ota i osadzony w niej l\u015bni\u0105cy diament. To wyj\u0105tkowa bi\u017cuteria, \u0142\u0105cz\u0105ca elegancj\u0119 z romantycznym przekazem \u2013 doskona\u0142a na prezent dla ukochanej osoby.<\/p>","protected":false},"featured_media":8778,"comment_status":"closed","ping_status":"closed","template":"","meta":{"om_disable_all_campaigns":false},"product_brand":[2284,2350],"product_cat":[729,2253,1930],"product_tag":[4577,3722,2317,2291,4580,4579,4509,4576,4578,2599],"class_list":{"0":"post-15911","1":"product","2":"type-product","3":"status-publish","4":"has-post-thumbnail","6":"product_brand-staviori","7":"product_brand-verona","8":"product_cat-wisiorki","9":"product_cat-zlote-wisiorki","10":"product_cat-zloto-2","11":"product_tag-4577","12":"product_tag-diament","13":"product_tag-elegancka-bizuteria","14":"product_tag-prezent-dla-niej","15":"product_tag-romantyczna-zawieszka","16":"product_tag-serce-z-brylantem","17":"product_tag-wisiorek-serce","18":"product_tag-wzx5112","19":"product_tag-zloto-z-diamentem","20":"product_tag-zolte-zloto-585","21":"pa_barwa-j-2","22":"pa_czystosc-i2","23":"pa_kamien-diament","24":"pa_kolor-zolte","25":"pa_kruszec-zloto","26":"pa_motyw-serce","27":"pa_proba-0-585","28":"pa_szlif-achtkant","29":"pa_waga-070g","30":"pa_wysokosc-12-70mm","32":"first","33":"instock","34":"purchasable","35":"product-type-simple"},"aioseo_notices":[],"_links":{"self":[{"href":"https:\/\/staviori.com.pl\/cs\/wp-json\/wp\/v2\/product\/15911","targetHints":{"allow":["GET"]}}],"collection":[{"href":"https:\/\/staviori.com.pl\/cs\/wp-json\/wp\/v2\/product"}],"about":[{"href":"https:\/\/staviori.com.pl\/cs\/wp-json\/wp\/v2\/types\/product"}],"replies":[{"embeddable":true,"href":"https:\/\/staviori.com.pl\/cs\/wp-json\/wp\/v2\/comments?post=15911"}],"wp:featuredmedia":[{"embeddable":true,"href":"https:\/\/staviori.com.pl\/cs\/wp-json\/wp\/v2\/media\/8778"}],"wp:attachment":[{"href":"https:\/\/staviori.com.pl\/cs\/wp-json\/wp\/v2\/media?parent=15911"}],"wp:term":[{"taxonomy":"product_brand","embeddable":true,"href":"https:\/\/staviori.com.pl\/cs\/wp-json\/wp\/v2\/product_brand?post=15911"},{"taxonomy":"product_cat","embeddable":true,"href":"https:\/\/staviori.com.pl\/cs\/wp-json\/wp\/v2\/product_cat?post=15911"},{"taxonomy":"product_tag","embeddable":true,"href":"https:\/\/staviori.com.pl\/cs\/wp-json\/wp\/v2\/product_tag?post=15911"}],"curies":[{"name":"wp","href":"https:\/\/api.w.org\/{rel}","templated":true}]}}