{"id":15909,"date":"2025-02-24T22:50:11","date_gmt":"2025-02-24T21:50:11","guid":{"rendered":"https:\/\/staviori.com.pl\/product\/zlote-wisiorki-wxx4286\/"},"modified":"2026-04-02T08:29:24","modified_gmt":"2026-04-02T06:29:24","slug":"zlote-wisiorki-wxx4286","status":"publish","type":"product","link":"https:\/\/staviori.com.pl\/cs\/product\/zlote-wisiorki-wxx4286\/","title":{"rendered":"A\u017eurov\u00fd p\u0159\u00edv\u011bsek srdce z b\u00edl\u00e9ho a \u017elut\u00e9ho zlata 333"},"content":{"rendered":"<p>Model: WXX4286<br \/>\nWaga ok. 0,48g<\/p>\n<p>P\u0159\u00edv\u011bsek.<br \/>\n\u017dlut\u00e9, b\u00edl\u00e9 zlato 0,333.<\/p>\n<p>Szeroko\u015b\u0107 14 mm.<br \/>\nD\u0142ugo\u015b\u0107 19 mm.<\/p>","protected":false},"excerpt":{"rendered":"<p>Kr\u00e1sn\u00fd p\u0159\u00edv\u011bsek ve tvaru srdce, vyroben\u00fd z kombinace \u017elut\u00e9ho a b\u00edl\u00e9ho zlata o ryzosti 0,333. A\u017eurov\u00e1 struktura s ozdobn\u00fdm diamantov\u00fdm povrchem v b\u00edl\u00e9m zlat\u011b dod\u00e1v\u00e1 lehkost a jiskru. Jedn\u00e1 se o jedine\u010dn\u00fd model, kter\u00fd kombinuje eleganci s jemn\u00fdm romantick\u00fdm n\u00e1dechem - ide\u00e1ln\u00ed pro emotivn\u00ed d\u00e1rek.<\/p>","protected":false},"featured_media":8767,"comment_status":"closed","ping_status":"closed","template":"","meta":{"om_disable_all_campaigns":false},"product_brand":[2284,2350],"product_cat":[729,2253,1930],"product_tag":[4583,3097,4584,2317,2291,4509,4582,4581,2518,3589],"class_list":{"0":"post-15909","1":"product","2":"type-product","3":"status-publish","4":"has-post-thumbnail","6":"product_brand-staviori","7":"product_brand-verona","8":"product_cat-wisiorki","9":"product_cat-zlote-wisiorki","10":"product_cat-zloto-2","11":"product_tag-azurowa-zawieszka","12":"product_tag-bizuteria-romantyczna","13":"product_tag-diamentowane-wykonczenie","14":"product_tag-elegancka-bizuteria","15":"product_tag-prezent-dla-niej","16":"product_tag-wisiorek-serce","17":"product_tag-wxx4286","18":"product_tag-xla9057","19":"product_tag-zloto-333","20":"product_tag-zolte-i-biale-zloto","21":"pa_dlugosc-19mm","22":"pa_kolor-zolte","23":"pa_kruszec-zloto","24":"pa_motyw-serce","25":"pa_proba-0-333","26":"pa_szerokosc-14mm","27":"pa_waga-048g","29":"first","30":"instock","31":"purchasable","32":"product-type-simple"},"aioseo_notices":[],"_links":{"self":[{"href":"https:\/\/staviori.com.pl\/cs\/wp-json\/wp\/v2\/product\/15909","targetHints":{"allow":["GET"]}}],"collection":[{"href":"https:\/\/staviori.com.pl\/cs\/wp-json\/wp\/v2\/product"}],"about":[{"href":"https:\/\/staviori.com.pl\/cs\/wp-json\/wp\/v2\/types\/product"}],"replies":[{"embeddable":true,"href":"https:\/\/staviori.com.pl\/cs\/wp-json\/wp\/v2\/comments?post=15909"}],"wp:featuredmedia":[{"embeddable":true,"href":"https:\/\/staviori.com.pl\/cs\/wp-json\/wp\/v2\/media\/8767"}],"wp:attachment":[{"href":"https:\/\/staviori.com.pl\/cs\/wp-json\/wp\/v2\/media?parent=15909"}],"wp:term":[{"taxonomy":"product_brand","embeddable":true,"href":"https:\/\/staviori.com.pl\/cs\/wp-json\/wp\/v2\/product_brand?post=15909"},{"taxonomy":"product_cat","embeddable":true,"href":"https:\/\/staviori.com.pl\/cs\/wp-json\/wp\/v2\/product_cat?post=15909"},{"taxonomy":"product_tag","embeddable":true,"href":"https:\/\/staviori.com.pl\/cs\/wp-json\/wp\/v2\/product_tag?post=15909"}],"curies":[{"name":"wp","href":"https:\/\/api.w.org\/{rel}","templated":true}]}}