{"id":15902,"date":"2025-02-24T22:50:11","date_gmt":"2025-02-24T21:50:11","guid":{"rendered":"https:\/\/staviori.com.pl\/product\/wisiorek-z-brylantem-wxd3685\/"},"modified":"2026-02-11T00:09:35","modified_gmt":"2026-02-10T23:09:35","slug":"wisiorek-z-brylantem-wxd3685","status":"publish","type":"product","link":"https:\/\/staviori.com.pl\/cs\/product\/wisiorek-z-brylantem-wxd3685\/","title":{"rendered":"zlat\u00fd p\u0159\u00edv\u011bsek se srdcem a nekone\u010dn\u00fdmi diamanty"},"content":{"rendered":"<p>Model:<br \/>\nWaga ok. 3,25g<\/p>\n<p>P\u0159\u00edv\u011bsek.<br \/>\nB\u00edl\u00e9, r\u016f\u017eov\u00e9 zlato 0,585.<br \/>\n34 Diamenty, szlif brylantowy, o masie 0,11ct, barwa H, czysto\u015b\u0107 SI1-SI2.<\/p>\n<p>Wymiary 12&#215;27 mm.<\/p>\n<p>Je\u015bli brak na magazynie &#8211; produkt dost\u0119pny na zam\u00f3wienie w terminie oko\u0142o 5 tygodni.<\/p>","protected":false},"excerpt":{"rendered":"<p>Zachwycaj\u0105cy wisiorek wykonany z po\u0142\u0105czenia bia\u0142ego i r\u00f3\u017cowego z\u0142ota pr\u00f3by 0,585. Jego nowoczesny kszta\u0142t przypominaj\u0105cy niesko\u0144czono\u015b\u0107 zdobi\u0105 a\u017c 34 l\u015bni\u0105ce diamenty o \u0142\u0105cznej masie 0,11 ct, a ca\u0142o\u015b\u0107 dope\u0142nia romantyczne serduszko w r\u00f3\u017cowym z\u0142ocie. To elegancka i symboliczna bi\u017cuteria, kt\u00f3ra idealnie wyra\u017ca mi\u0142o\u015b\u0107 i trwa\u0142e wi\u0119zi.<\/p>","protected":false},"featured_media":19127,"comment_status":"closed","ping_status":"closed","template":"","meta":{"om_disable_all_campaigns":false},"product_brand":[2284],"product_cat":[1838,2242,729],"product_tag":[2296,2317,2569,2291,4025,4592,4591,4590,4594,4593],"class_list":{"0":"post-15902","1":"product","2":"type-product","3":"status-publish","4":"has-post-thumbnail","6":"product_brand-staviori","7":"product_cat-diamenty","8":"product_cat-wisiorek-z-brylantem","9":"product_cat-wisiorki","10":"product_tag-diamenty","11":"product_tag-elegancka-bizuteria","12":"product_tag-nowoczesna-bizuteria","13":"product_tag-prezent-dla-niej","14":"product_tag-symbol-milosci","15":"product_tag-wisiorek-nieskonczonosc","16":"product_tag-wxd3685","17":"product_tag-wzd3685","18":"product_tag-zawieszka-z-sercem","19":"product_tag-zloto-biale-i-rozowe-585","20":"pa_barwa-h-2","21":"pa_czystosc-si1","22":"pa_kamien-brylanty","23":"pa_kolor-biale","24":"pa_kolor-rozowe","25":"pa_kruszec-zloto","26":"pa_motyw-nieskonczonosc","27":"pa_motyw-serce","28":"pa_proba-0-585","29":"pa_waga-320g","30":"pa_wymiary-12x27mm","32":"first","33":"instock","34":"purchasable","35":"product-type-simple"},"aioseo_notices":[],"_links":{"self":[{"href":"https:\/\/staviori.com.pl\/cs\/wp-json\/wp\/v2\/product\/15902","targetHints":{"allow":["GET"]}}],"collection":[{"href":"https:\/\/staviori.com.pl\/cs\/wp-json\/wp\/v2\/product"}],"about":[{"href":"https:\/\/staviori.com.pl\/cs\/wp-json\/wp\/v2\/types\/product"}],"replies":[{"embeddable":true,"href":"https:\/\/staviori.com.pl\/cs\/wp-json\/wp\/v2\/comments?post=15902"}],"wp:featuredmedia":[{"embeddable":true,"href":"https:\/\/staviori.com.pl\/cs\/wp-json\/wp\/v2\/media\/19127"}],"wp:attachment":[{"href":"https:\/\/staviori.com.pl\/cs\/wp-json\/wp\/v2\/media?parent=15902"}],"wp:term":[{"taxonomy":"product_brand","embeddable":true,"href":"https:\/\/staviori.com.pl\/cs\/wp-json\/wp\/v2\/product_brand?post=15902"},{"taxonomy":"product_cat","embeddable":true,"href":"https:\/\/staviori.com.pl\/cs\/wp-json\/wp\/v2\/product_cat?post=15902"},{"taxonomy":"product_tag","embeddable":true,"href":"https:\/\/staviori.com.pl\/cs\/wp-json\/wp\/v2\/product_tag?post=15902"}],"curies":[{"name":"wp","href":"https:\/\/api.w.org\/{rel}","templated":true}]}}