{"id":15899,"date":"2025-02-24T22:50:11","date_gmt":"2025-02-24T21:50:11","guid":{"rendered":"https:\/\/staviori.com.pl\/product\/wisiorek-z-brylantem-wxd3423\/"},"modified":"2026-02-11T00:09:35","modified_gmt":"2026-02-10T23:09:35","slug":"wisiorek-z-brylantem-wxd3423","status":"publish","type":"product","link":"https:\/\/staviori.com.pl\/cs\/product\/wisiorek-z-brylantem-wxd3423\/","title":{"rendered":"zlat\u00fd p\u0159\u00edv\u011bsek s \u010dern\u00fdmi a b\u00edl\u00fdmi diamanty"},"content":{"rendered":"<p>Model: WXD3423<br \/>\nHmotnost p\u0159ibli\u017en\u011b 2,48 g<\/p>\n<p>P\u0159\u00edv\u011bsek.<br \/>\n\u017dlut\u00e9, b\u00edl\u00e9 zlato 0,585.<br \/>\n3 diamanty, briliantov\u00fd brus, hmotnost 0,02ct, barva H, \u010distota I1.<br \/>\n15 diamant\u016f, \u010dern\u00e1 barva, briliantov\u00fd brus, hmotnost 0,19ct.<\/p>\n<p>Rozm\u011bry 13 \u00d7 38 mm.<\/p>\n<p>&#8212;&#8212;&#8212;&#8212;&#8212;&#8212;&#8211;<br \/>\nP\u0159\u00edv\u011bsek ve tvaru kl\u00ed\u010de. Velmi m\u00f3dn\u00ed a mimo\u0159\u00e1dn\u011b kr\u00e1sn\u00fd. B\u00edl\u00e9 zlato v kombinaci s \u010dern\u00fdmi a b\u00edl\u00fdmi diamanty vytv\u00e1\u0159\u00ed mimo\u0159\u00e1dn\u011b okouzluj\u00edc\u00ed d\u00e1rek, kter\u00fd je ide\u00e1ln\u00ed v podstat\u011b pro jakoukoli p\u0159\u00edle\u017eitost.<\/p>","protected":false},"excerpt":{"rendered":"<p>N\u00e1dhern\u00fd p\u0159\u00edv\u011bsek ve tvaru kl\u00ed\u010de vyroben\u00fd z kombinace b\u00edl\u00e9ho a \u017elut\u00e9ho zlata o ryzosti 0,585 a zdoben\u00fd 15 \u010dern\u00fdmi a 3 b\u00edl\u00fdmi diamanty o celkov\u00e9 hmotnosti 0,21 ct zaujme neobvykl\u00fdm kontrastem barev a jemn\u00fdm designem. Symbolick\u00fd kl\u00ed\u010d k srdci je nejen elegantn\u00ed ozdobou, ale tak\u00e9 vyj\u00e1d\u0159en\u00edm n\u00e1klonnosti a zvl\u00e1\u0161tn\u00edho pouta. Dokonal\u00fd d\u00e1rek pro \u017eenu, kter\u00e1 ocen\u00ed originalitu a noblesu.<br \/>\n\u010cern\u00e9 diamanty dod\u00e1vaj\u00ed \u0161perk\u016fm hloubku a tajemn\u00fd p\u016fvab.<\/p>","protected":false},"featured_media":8699,"comment_status":"closed","ping_status":"closed","template":"","meta":{"om_disable_all_campaigns":false},"product_brand":[2284],"product_cat":[1838,6752,2242,729],"product_tag":[6095,2308,3720,4039,2319,3754,5077,2296,4126,3810,6494,6500,6499,1407,6093,6501,6496,4028,3815,2364,2522],"class_list":{"0":"post-15899","1":"product","2":"type-product","3":"status-publish","4":"has-post-thumbnail","6":"product_brand-staviori","7":"product_cat-diamenty","8":"product_cat-kolekcja-staviori-must-have","9":"product_cat-wisiorek-z-brylantem","10":"product_cat-wisiorki","11":"product_tag-anhanger","12":"product_tag-biale-zloto","13":"product_tag-bizuteria","14":"product_tag-black-diamond","15":"product_tag-czarne-diamenty","16":"product_tag-darek","17":"product_tag-diamant","18":"product_tag-diamenty","19":"product_tag-diamond","20":"product_tag-gold","21":"product_tag-jewellery","22":"product_tag-key","23":"product_tag-klucz","24":"product_tag-kluczyk","25":"product_tag-pendant","26":"product_tag-schlussel","27":"product_tag-sperk","28":"product_tag-wisiorek","29":"product_tag-zlato","30":"product_tag-zloto-585","31":"product_tag-zolte-zloto","32":"pa_barwa-h-2","33":"pa_czystosc-i1","34":"pa_kamien-biale-diamenty","35":"pa_kamien-czarne-diamenty","36":"pa_kolor-biale","37":"pa_kruszec-zloto","38":"pa_motyw-kluczyk","39":"pa_motyw-serce","40":"pa_proba-0-585","41":"pa_waga-240g","42":"pa_wymiary-13x38mm","44":"first","45":"instock","46":"purchasable","47":"product-type-simple"},"aioseo_notices":[],"_links":{"self":[{"href":"https:\/\/staviori.com.pl\/cs\/wp-json\/wp\/v2\/product\/15899","targetHints":{"allow":["GET"]}}],"collection":[{"href":"https:\/\/staviori.com.pl\/cs\/wp-json\/wp\/v2\/product"}],"about":[{"href":"https:\/\/staviori.com.pl\/cs\/wp-json\/wp\/v2\/types\/product"}],"replies":[{"embeddable":true,"href":"https:\/\/staviori.com.pl\/cs\/wp-json\/wp\/v2\/comments?post=15899"}],"wp:featuredmedia":[{"embeddable":true,"href":"https:\/\/staviori.com.pl\/cs\/wp-json\/wp\/v2\/media\/8699"}],"wp:attachment":[{"href":"https:\/\/staviori.com.pl\/cs\/wp-json\/wp\/v2\/media?parent=15899"}],"wp:term":[{"taxonomy":"product_brand","embeddable":true,"href":"https:\/\/staviori.com.pl\/cs\/wp-json\/wp\/v2\/product_brand?post=15899"},{"taxonomy":"product_cat","embeddable":true,"href":"https:\/\/staviori.com.pl\/cs\/wp-json\/wp\/v2\/product_cat?post=15899"},{"taxonomy":"product_tag","embeddable":true,"href":"https:\/\/staviori.com.pl\/cs\/wp-json\/wp\/v2\/product_tag?post=15899"}],"curies":[{"name":"wp","href":"https:\/\/api.w.org\/{rel}","templated":true}]}}