{"id":15892,"date":"2025-02-24T22:50:11","date_gmt":"2025-02-24T21:50:11","guid":{"rendered":"https:\/\/staviori.com.pl\/product\/wisiorek-z-brylantem-wxd1904\/"},"modified":"2026-02-11T00:09:35","modified_gmt":"2026-02-10T23:09:35","slug":"wisiorek-z-brylantem-wxd1904","status":"publish","type":"product","link":"https:\/\/staviori.com.pl\/cs\/product\/wisiorek-z-brylantem-wxd1904\/","title":{"rendered":"p\u0159\u00edv\u011bsek k\u0159\u00ed\u017eek ze \u017elut\u00e9ho zlata 585 s diamanty"},"content":{"rendered":"<p>Model: WZD1904<br \/>\nWaga ok. 0,38g<\/p>\n<p>P\u0159\u00edv\u011bsek.<br \/>\nK\u0159\u00ed\u017e.<br \/>\n\u017dlut\u00e9, b\u00edl\u00e9 zlato 0,585.<br \/>\n16 Diament\u00f3w, szlif brylantowy, o masie 0,07ct, barwa H, czysto\u015b\u0107 I1.<br \/>\nWymiary 8&#215;12 mm.<br \/>\nD\u00e9lka 20 mm.<\/p>","protected":false},"excerpt":{"rendered":"<p>Delikatny wisiorek w kszta\u0142cie krzy\u017cyka wykonany z \u017c\u00f3\u0142tego i bia\u0142ego z\u0142ota 0,585 zachwyca subtelnym blaskiem diament\u00f3w. Szlachetne po\u0142\u0105czenie dw\u00f3ch odcieni z\u0142ota oraz 16 b\u0142yszcz\u0105cych brylant\u00f3w tworzy kompozycj\u0119 pe\u0142n\u0105 klasy i duchowej symboliki. To elegancki dodatek, kt\u00f3ry b\u0119dzie pi\u0119knym wyrazem wiary i stylu \u2013 idealny na prezent lub do codziennego noszenia.<\/p>","protected":false},"featured_media":8656,"comment_status":"closed","ping_status":"closed","template":"","meta":{"om_disable_all_campaigns":false},"product_brand":[2284],"product_cat":[1838,2242,729],"product_tag":[4396,2308,3075,6510,6513,2296,6196,5595,6514,6136,6141,6512,4381,6506],"class_list":{"0":"post-15892","1":"product","2":"type-product","3":"status-publish","4":"has-post-thumbnail","6":"product_brand-staviori","7":"product_cat-diamenty","8":"product_cat-wisiorek-z-brylantem","9":"product_cat-wisiorki","10":"product_tag-4396","11":"product_tag-biale-zloto","12":"product_tag-bizuteria-religijna","13":"product_tag-diamant-schmuck","14":"product_tag-diamantovy-krizek","15":"product_tag-diamenty","16":"product_tag-diamond-cross-pendant","17":"product_tag-gold-jewelry","18":"product_tag-goldener-kreuzanhanger","19":"product_tag-privesek-krizek","20":"product_tag-wisiorek-krzyzyk","21":"product_tag-yellow-white-gold","22":"product_tag-zloty-krzyzyk","23":"product_tag-zolte-zloto-0","24":"pa_barwa-h-2","25":"pa_czystosc-i1","26":"pa_dlugosc-20mm","27":"pa_dostawca-estrella","28":"pa_kamien-diamenty","29":"pa_kolor-zolte","30":"pa_kruszec-zloto","31":"pa_motyw-krzyzyk","32":"pa_proba-0-585","33":"pa_waga-038g","34":"pa_wymiary-8x12mm","36":"first","37":"instock","38":"purchasable","39":"product-type-simple"},"aioseo_notices":[],"_links":{"self":[{"href":"https:\/\/staviori.com.pl\/cs\/wp-json\/wp\/v2\/product\/15892","targetHints":{"allow":["GET"]}}],"collection":[{"href":"https:\/\/staviori.com.pl\/cs\/wp-json\/wp\/v2\/product"}],"about":[{"href":"https:\/\/staviori.com.pl\/cs\/wp-json\/wp\/v2\/types\/product"}],"replies":[{"embeddable":true,"href":"https:\/\/staviori.com.pl\/cs\/wp-json\/wp\/v2\/comments?post=15892"}],"wp:featuredmedia":[{"embeddable":true,"href":"https:\/\/staviori.com.pl\/cs\/wp-json\/wp\/v2\/media\/8656"}],"wp:attachment":[{"href":"https:\/\/staviori.com.pl\/cs\/wp-json\/wp\/v2\/media?parent=15892"}],"wp:term":[{"taxonomy":"product_brand","embeddable":true,"href":"https:\/\/staviori.com.pl\/cs\/wp-json\/wp\/v2\/product_brand?post=15892"},{"taxonomy":"product_cat","embeddable":true,"href":"https:\/\/staviori.com.pl\/cs\/wp-json\/wp\/v2\/product_cat?post=15892"},{"taxonomy":"product_tag","embeddable":true,"href":"https:\/\/staviori.com.pl\/cs\/wp-json\/wp\/v2\/product_tag?post=15892"}],"curies":[{"name":"wp","href":"https:\/\/api.w.org\/{rel}","templated":true}]}}