{"id":15889,"date":"2025-02-24T22:50:07","date_gmt":"2025-02-24T21:50:07","guid":{"rendered":"https:\/\/staviori.com.pl\/product\/wisiorek-z-brylantem-wxd1895\/"},"modified":"2026-02-11T00:09:35","modified_gmt":"2026-02-10T23:09:35","slug":"wisiorek-z-brylantem-wxd1895","status":"publish","type":"product","link":"https:\/\/staviori.com.pl\/cs\/product\/wisiorek-z-brylantem-wxd1895\/","title":{"rendered":"p\u0159\u00edv\u011bsek mot\u00fdla s diamantem ze \u017elut\u00e9ho zlata"},"content":{"rendered":"<p>Model: WZD1895<br \/>\nHmotnost p\u0159ibli\u017en\u011b 0,75 g<\/p>\n<p>P\u0159\u00edv\u011bsek.<br \/>\n\u017dlut\u00e9, b\u00edl\u00e9 zlato 0,585.<br \/>\n1 diamant, achtkantov\u00fd brus, hmotnost 0,005ct, barva H, \u010distota I1.<\/p>\n<p>Wymiary 8&#215;14 mm.<\/p>","protected":false},"excerpt":{"rendered":"<p>Uroczy wisiorek w kszta\u0142cie motyla wykonany z po\u0142\u0105czenia \u017c\u00f3\u0142tego i bia\u0142ego z\u0142ota pr\u00f3by 0,585. Delikatne skrzyde\u0142ka zdobi subtelny diament w szlifie achtkant, kt\u00f3ry dodaje ca\u0142o\u015bci blasku i elegancji. Symbol lekko\u015bci, wolno\u015bci i pi\u0119kna \u2013 ten wisiorek to idealny wyb\u00f3r dla kobiety, kt\u00f3ra pragnie podkre\u015bli\u0107 swoj\u0105 subtelno\u015b\u0107 i wdzi\u0119k.<\/p>","protected":false},"featured_media":21527,"comment_status":"closed","ping_status":"closed","template":"","meta":{"om_disable_all_campaigns":false},"product_brand":[2284],"product_cat":[1838,2242,729],"product_tag":[4396,2308,2543,6547,5655,5595,6535,2493,6546,6548,6545,4440,6533,4387,2522],"class_list":{"0":"post-15889","1":"product","2":"type-product","3":"status-publish","4":"has-post-thumbnail","6":"product_brand-staviori","7":"product_cat-diamenty","8":"product_cat-wisiorek-z-brylantem","9":"product_cat-wisiorki","10":"product_tag-4396","11":"product_tag-biale-zloto","12":"product_tag-bizuteria-zlota","13":"product_tag-butterfly-pendant","14":"product_tag-diamond-pendant","15":"product_tag-gold-jewelry","16":"product_tag-goldanhanger","17":"product_tag-motyl","18":"product_tag-motyl-zloty","19":"product_tag-schmuck-mit-diamant","20":"product_tag-wisiorek-motyl","21":"product_tag-wisiorek-z-diamentem","22":"product_tag-zlaty-privesek","23":"product_tag-zloto-0","24":"product_tag-zolte-zloto","25":"pa_barwa-h-2","26":"pa_czystosc-i1","27":"pa_dostawca-estrella","28":"pa_kamien-diament","29":"pa_kolor-zolte","30":"pa_kruszec-zloto","31":"pa_motyw-motylek","32":"pa_proba-0-585","33":"pa_waga-075g","34":"pa_wymiary-8x14mm","36":"first","37":"instock","38":"purchasable","39":"product-type-simple"},"aioseo_notices":[],"_links":{"self":[{"href":"https:\/\/staviori.com.pl\/cs\/wp-json\/wp\/v2\/product\/15889","targetHints":{"allow":["GET"]}}],"collection":[{"href":"https:\/\/staviori.com.pl\/cs\/wp-json\/wp\/v2\/product"}],"about":[{"href":"https:\/\/staviori.com.pl\/cs\/wp-json\/wp\/v2\/types\/product"}],"replies":[{"embeddable":true,"href":"https:\/\/staviori.com.pl\/cs\/wp-json\/wp\/v2\/comments?post=15889"}],"wp:featuredmedia":[{"embeddable":true,"href":"https:\/\/staviori.com.pl\/cs\/wp-json\/wp\/v2\/media\/21527"}],"wp:attachment":[{"href":"https:\/\/staviori.com.pl\/cs\/wp-json\/wp\/v2\/media?parent=15889"}],"wp:term":[{"taxonomy":"product_brand","embeddable":true,"href":"https:\/\/staviori.com.pl\/cs\/wp-json\/wp\/v2\/product_brand?post=15889"},{"taxonomy":"product_cat","embeddable":true,"href":"https:\/\/staviori.com.pl\/cs\/wp-json\/wp\/v2\/product_cat?post=15889"},{"taxonomy":"product_tag","embeddable":true,"href":"https:\/\/staviori.com.pl\/cs\/wp-json\/wp\/v2\/product_tag?post=15889"}],"curies":[{"name":"wp","href":"https:\/\/api.w.org\/{rel}","templated":true}]}}