{"id":15884,"date":"2025-02-24T22:50:07","date_gmt":"2025-02-24T21:50:07","guid":{"rendered":"https:\/\/staviori.com.pl\/product\/wisiorek-z-brylantem-wxd1593\/"},"modified":"2026-02-11T00:09:35","modified_gmt":"2026-02-10T23:09:35","slug":"wisiorek-z-brylantem-wxd1593","status":"publish","type":"product","link":"https:\/\/staviori.com.pl\/cs\/product\/wisiorek-z-brylantem-wxd1593\/","title":{"rendered":"Exkluzivn\u00ed | kr\u00e1sn\u00fd dlouh\u00fd p\u0159\u00edv\u011bsek ze \u017elut\u00e9ho zlata s diamantem"},"content":{"rendered":"<p>Model: DDP0484Y<br \/>\nWaga ok. 0,78g<\/p>\n<p>P\u0159\u00edv\u011bsek.<br \/>\n\u017dlut\u00e9 zlato 0,585.<br \/>\n2 Diamenty, szlif brylantowy, o masie 0,13ct, barwa H, czysto\u015b\u0107 SI2.<br \/>\nWymiary 4&#215;26 mm.<br \/>\nGrubo\u015b\u0107 4 mm.<\/p>\n<p>Produkt je k dispozici pouze na vy\u017e\u00e1d\u00e1n\u00ed, doba dod\u00e1n\u00ed cca 4 t\u00fddny.<\/p>","protected":false},"excerpt":{"rendered":"<p>Subtelny, a zarazem niezwykle elegancki wisiorek z \u017c\u00f3\u0142tego z\u0142ota pr\u00f3by 0,585, ozdobiony dwoma l\u015bni\u0105cymi diamentami o \u0142\u0105cznej masie 0,13 ct. Nowoczesna, wyd\u0142u\u017cona forma podkre\u015bla delikatno\u015b\u0107 szyi, a brylanty pi\u0119knie odbijaj\u0105 \u015bwiat\u0142o, dodaj\u0105c ca\u0142o\u015bci wyj\u0105tkowego blasku. To bi\u017cuteria stworzona dla kobiet ceni\u0105cych szyk, minimalizm i ponadczasow\u0105 elegancj\u0119.<\/p>","protected":false},"featured_media":8593,"comment_status":"closed","ping_status":"closed","template":"","meta":{"om_disable_all_campaigns":false},"product_brand":[2284],"product_cat":[1803,1838,2242,729],"product_tag":[4396,2543,6534,6129,2296,5655,4178,6535,6531,4440,6532,6533,4387,2522],"class_list":{"0":"post-15884","1":"product","2":"type-product","3":"status-publish","4":"has-post-thumbnail","6":"product_brand-staviori","7":"product_cat-brylanty-exclusive","8":"product_cat-diamenty","9":"product_cat-wisiorek-z-brylantem","10":"product_cat-wisiorki","11":"product_tag-4396","12":"product_tag-bizuteria-zlota","13":"product_tag-diamantovy-sperk","14":"product_tag-diamantschmuck","15":"product_tag-diamenty","16":"product_tag-diamond-pendant","17":"product_tag-elegant-necklace","18":"product_tag-goldanhanger","19":"product_tag-naszyjnik-z-brylantami","20":"product_tag-wisiorek-z-diamentem","21":"product_tag-yellow-gold-jewelry","22":"product_tag-zlaty-privesek","23":"product_tag-zloto-0","24":"product_tag-zolte-zloto","25":"pa_barwa-h-2","26":"pa_czystosc-si1-si2","27":"pa_dostawca-iza","28":"pa_grubosc-4mm","29":"pa_kamien-brylant","30":"pa_kolor-zolte","31":"pa_kruszec-zloto","32":"pa_proba-0-585","33":"pa_waga-078g","34":"pa_wymiary-4x26mm","36":"first","37":"onbackorder","38":"purchasable","39":"product-type-simple"},"aioseo_notices":[],"_links":{"self":[{"href":"https:\/\/staviori.com.pl\/cs\/wp-json\/wp\/v2\/product\/15884","targetHints":{"allow":["GET"]}}],"collection":[{"href":"https:\/\/staviori.com.pl\/cs\/wp-json\/wp\/v2\/product"}],"about":[{"href":"https:\/\/staviori.com.pl\/cs\/wp-json\/wp\/v2\/types\/product"}],"replies":[{"embeddable":true,"href":"https:\/\/staviori.com.pl\/cs\/wp-json\/wp\/v2\/comments?post=15884"}],"wp:featuredmedia":[{"embeddable":true,"href":"https:\/\/staviori.com.pl\/cs\/wp-json\/wp\/v2\/media\/8593"}],"wp:attachment":[{"href":"https:\/\/staviori.com.pl\/cs\/wp-json\/wp\/v2\/media?parent=15884"}],"wp:term":[{"taxonomy":"product_brand","embeddable":true,"href":"https:\/\/staviori.com.pl\/cs\/wp-json\/wp\/v2\/product_brand?post=15884"},{"taxonomy":"product_cat","embeddable":true,"href":"https:\/\/staviori.com.pl\/cs\/wp-json\/wp\/v2\/product_cat?post=15884"},{"taxonomy":"product_tag","embeddable":true,"href":"https:\/\/staviori.com.pl\/cs\/wp-json\/wp\/v2\/product_tag?post=15884"}],"curies":[{"name":"wp","href":"https:\/\/api.w.org\/{rel}","templated":true}]}}