{"id":15876,"date":"2025-02-24T22:50:07","date_gmt":"2025-02-24T21:50:07","guid":{"rendered":"https:\/\/staviori.com.pl\/product\/zlote-wisiorki-wxc5376\/"},"modified":"2026-04-08T15:50:32","modified_gmt":"2026-04-08T13:50:32","slug":"zlote-wisiorki-wxc5376","status":"publish","type":"product","link":"https:\/\/staviori.com.pl\/cs\/product\/zlote-wisiorki-wxc5376\/","title":{"rendered":"zlat\u00fd p\u0159\u00edv\u011bsek se saf\u00edry a diamanty"},"content":{"rendered":"","protected":false},"excerpt":{"rendered":"<p>Zachwycaj\u0105cy wisiorek z \u017c\u00f3\u0142tego z\u0142ota 0,585, ozdobiony g\u0142\u0119bokimi granatowymi szafirami oraz subtelnymi diamentami. Centralny szafir w szlifie owalnym otoczony jest b\u0142yszcz\u0105cymi kamieniami, tworz\u0105c niezwykle efektown\u0105 kompozycj\u0119 o bogatym, kr\u00f3lewskim charakterze. Bi\u017cuteria pe\u0142na klasy i blasku, idealna dla kobiet ceni\u0105cych elegancj\u0119 i wyrafinowanie.<\/p>","protected":false},"featured_media":8585,"comment_status":"closed","ping_status":"closed","template":"","meta":{"om_disable_all_campaigns":false},"product_brand":[2284,2350],"product_cat":[729,2253,1930],"product_tag":[6576,6508,5655,6575,6445,6574,6573,6110,4442,6143,6571,6572,5570,3184,2599],"class_list":{"0":"post-15876","1":"product","2":"type-product","3":"status-publish","4":"has-post-thumbnail","6":"product_brand-staviori","7":"product_brand-verona","8":"product_cat-wisiorki","9":"product_cat-zlote-wisiorki","10":"product_cat-zloto-2","11":"product_tag-585-gold","12":"product_tag-diamantovy-privesek","13":"product_tag-diamond-pendant","14":"product_tag-gold-anhanger","15":"product_tag-luxurious-jewelry","16":"product_tag-safirovy-privesek","17":"product_tag-sapphire-necklace","18":"product_tag-sapphire-pendant","19":"product_tag-wisiorek-z-diamentami","20":"product_tag-wisiorek-z-szafirami","21":"product_tag-wxc5376","22":"product_tag-wzc5376","23":"product_tag-yellow-gold-14k","24":"product_tag-zloty-wisiorek","25":"product_tag-zolte-zloto-585","26":"pa_barwa-h-2","27":"pa_czystosc-si1","28":"pa_dlugosc-22mm","29":"pa_kamien-diamenty","30":"pa_kamien-szafiry","31":"pa_kolor-zolte","32":"pa_kruszec-zloto","33":"pa_proba-0-585","34":"pa_waga-220g","35":"pa_wysokosc-18mm","37":"first","38":"instock","39":"purchasable","40":"product-type-simple"},"aioseo_notices":[],"_links":{"self":[{"href":"https:\/\/staviori.com.pl\/cs\/wp-json\/wp\/v2\/product\/15876","targetHints":{"allow":["GET"]}}],"collection":[{"href":"https:\/\/staviori.com.pl\/cs\/wp-json\/wp\/v2\/product"}],"about":[{"href":"https:\/\/staviori.com.pl\/cs\/wp-json\/wp\/v2\/types\/product"}],"replies":[{"embeddable":true,"href":"https:\/\/staviori.com.pl\/cs\/wp-json\/wp\/v2\/comments?post=15876"}],"wp:featuredmedia":[{"embeddable":true,"href":"https:\/\/staviori.com.pl\/cs\/wp-json\/wp\/v2\/media\/8585"}],"wp:attachment":[{"href":"https:\/\/staviori.com.pl\/cs\/wp-json\/wp\/v2\/media?parent=15876"}],"wp:term":[{"taxonomy":"product_brand","embeddable":true,"href":"https:\/\/staviori.com.pl\/cs\/wp-json\/wp\/v2\/product_brand?post=15876"},{"taxonomy":"product_cat","embeddable":true,"href":"https:\/\/staviori.com.pl\/cs\/wp-json\/wp\/v2\/product_cat?post=15876"},{"taxonomy":"product_tag","embeddable":true,"href":"https:\/\/staviori.com.pl\/cs\/wp-json\/wp\/v2\/product_tag?post=15876"}],"curies":[{"name":"wp","href":"https:\/\/api.w.org\/{rel}","templated":true}]}}