{"id":15874,"date":"2025-02-24T22:50:07","date_gmt":"2025-02-24T21:50:07","guid":{"rendered":"https:\/\/staviori.com.pl\/product\/srebrne-krzyzyki-i-medaliki-wsx6419\/"},"modified":"2026-04-02T09:08:27","modified_gmt":"2026-04-02T07:08:27","slug":"srebrne-krzyzyki-i-medaliki-wsx6419","status":"publish","type":"product","link":"https:\/\/staviori.com.pl\/cs\/product\/srebrne-krzyzyki-i-medaliki-wsx6419\/","title":{"rendered":"st\u0159\u00edbrn\u00fd klasick\u00fd k\u0159\u00ed\u017eek hladk\u00fd unisex"},"content":{"rendered":"<p>Model: WSX6419<\/p>\n<p>Waga ok. 0,94g<\/p>\n<p>K\u0159\u00ed\u017e.<br \/>\n0,925 rhodiovan\u00e9 st\u0159\u00edbro.<\/p>","protected":false},"excerpt":{"rendered":"<p>Klasyczny krzy\u017cyk wykonany ze srebra pr\u00f3by 0,925 to symbol prostoty i duchowej g\u0142\u0119bi. G\u0142adka, l\u015bni\u0105ca powierzchnia podkre\u015bla elegancj\u0119 formy, czyni\u0105c go doskona\u0142ym dodatkiem zar\u00f3wno dla kobiet, jak i m\u0119\u017cczyzn. Zawieszka w minimalistycznym stylu sprawdzi si\u0119 jako ponadczasowy prezent z okazji chrztu, komunii lub bierzmowania.<\/p>","protected":false},"featured_media":21521,"comment_status":"closed","ping_status":"closed","template":"","meta":{"om_disable_all_campaigns":false},"product_brand":[2284,2350],"product_cat":[1988,1989,1817],"product_tag":[3932,3075,6522,6543,6530,6146,6347,4370,4470,6348,3967,6544,6349,6542],"class_list":{"0":"post-15874","1":"product","2":"type-product","3":"status-publish","4":"has-post-thumbnail","6":"product_brand-staviori","7":"product_brand-verona","8":"product_cat-krzyzyki-i-medaliki-3","9":"product_cat-srebrne-krzyzyki-i-medaliki","10":"product_cat-srebro-2","11":"product_tag-3932","12":"product_tag-bizuteria-religijna","13":"product_tag-glaubensschmuck","14":"product_tag-klasyczny-krzyz","15":"product_tag-krestansky-privesek","16":"product_tag-kreuzanhanger","17":"product_tag-krzyzyk-srebrny","18":"product_tag-prezent-na-komunie","19":"product_tag-religious-jewelry","20":"product_tag-silver-cross","21":"product_tag-srebro-0","22":"product_tag-sterling-silver-pendant","23":"product_tag-stribrny-krizek","24":"product_tag-zawieszka-krzyzyk","25":"pa_kruszec-srebro-rodowane","26":"pa_proba-0-925","27":"pa_waga-094g","28":"pa_wymiary-24x13mm","30":"first","31":"instock","32":"purchasable","33":"product-type-simple"},"aioseo_notices":[],"_links":{"self":[{"href":"https:\/\/staviori.com.pl\/cs\/wp-json\/wp\/v2\/product\/15874","targetHints":{"allow":["GET"]}}],"collection":[{"href":"https:\/\/staviori.com.pl\/cs\/wp-json\/wp\/v2\/product"}],"about":[{"href":"https:\/\/staviori.com.pl\/cs\/wp-json\/wp\/v2\/types\/product"}],"replies":[{"embeddable":true,"href":"https:\/\/staviori.com.pl\/cs\/wp-json\/wp\/v2\/comments?post=15874"}],"wp:featuredmedia":[{"embeddable":true,"href":"https:\/\/staviori.com.pl\/cs\/wp-json\/wp\/v2\/media\/21521"}],"wp:attachment":[{"href":"https:\/\/staviori.com.pl\/cs\/wp-json\/wp\/v2\/media?parent=15874"}],"wp:term":[{"taxonomy":"product_brand","embeddable":true,"href":"https:\/\/staviori.com.pl\/cs\/wp-json\/wp\/v2\/product_brand?post=15874"},{"taxonomy":"product_cat","embeddable":true,"href":"https:\/\/staviori.com.pl\/cs\/wp-json\/wp\/v2\/product_cat?post=15874"},{"taxonomy":"product_tag","embeddable":true,"href":"https:\/\/staviori.com.pl\/cs\/wp-json\/wp\/v2\/product_tag?post=15874"}],"curies":[{"name":"wp","href":"https:\/\/api.w.org\/{rel}","templated":true}]}}