{"id":15872,"date":"2025-02-24T22:50:07","date_gmt":"2025-02-24T21:50:07","guid":{"rendered":"https:\/\/staviori.com.pl\/product\/srebrne-krzyzyki-i-medaliki-wsx6344\/"},"modified":"2026-02-11T00:09:35","modified_gmt":"2026-02-10T23:09:35","slug":"srebrne-krzyzyki-i-medaliki-wsx6344","status":"publish","type":"product","link":"https:\/\/staviori.com.pl\/cs\/product\/srebrne-krzyzyki-i-medaliki-wsx6344\/","title":{"rendered":"st\u0159\u00edbrn\u00e1 medaile karmelit\u00e1nsk\u00e9ho \u0161kapul\u00ed\u0159e"},"content":{"rendered":"<p>Model: WSX6344<br \/>\nHmotnost p\u0159ibli\u017en\u011b 1,15 g<br \/>\nMedailon.<br \/>\n0,925 rhodiovan\u00e9 st\u0159\u00edbro.<br \/>\n\u015arednica 12 mm.<br \/>\nD\u00e9lka 15 mm.<\/p>\n<p>Pi\u0119kny srebrny medalik diamentowany, ozdobiony Szkaplerzem Karmelita\u0144skim.<\/p>","protected":false},"excerpt":{"rendered":"<p>Pi\u0119kny, diamentowany medalik ze Szkaplerzem Karmelita\u0144skim wykonany z rodowanego srebra pr\u00f3by 0,925. Subtelne zdobienia i po\u0142yskuj\u0105ca powierzchnia nadaj\u0105 mu wyj\u0105tkowej elegancji i g\u0142\u0119bokiego znaczenia duchowego. Symbol ochrony i wiary, idealny jako pami\u0105tka sakramentu lub wyj\u0105tkowy prezent religijny.<\/p>","protected":false},"featured_media":11381,"comment_status":"closed","ping_status":"closed","template":"","meta":{"om_disable_all_campaigns":false},"product_brand":[2284,2350],"product_cat":[1988,1989,1817],"product_tag":[3932,6523,6539,6522,6540,6537,4528,6515,6538,4111,3967,2426,6520,6536],"class_list":{"0":"post-15872","1":"product","2":"type-product","3":"status-publish","4":"has-post-thumbnail","6":"product_brand-staviori","7":"product_brand-verona","8":"product_cat-krzyzyki-i-medaliki-3","9":"product_cat-srebrne-krzyzyki-i-medaliki","10":"product_cat-srebro-2","11":"product_tag-3932","12":"product_tag-anhanger-maria","13":"product_tag-carmelite-scapular-pendant","14":"product_tag-glaubensschmuck","15":"product_tag-karmelitansky-skapulir","16":"product_tag-medalik-diamentowany","17":"product_tag-medalik-religijny","18":"product_tag-medalik-srebrny","19":"product_tag-religious-medal","20":"product_tag-silver-jewelry","21":"product_tag-srebro-0","22":"product_tag-srebro-rodowane","23":"product_tag-stribrny-medailonek","24":"product_tag-szkaplerz-karmelitanski","25":"pa_dlugosc-15mm","26":"pa_kruszec-srebro-rodowane","27":"pa_proba-0-925","28":"pa_srednica-12mm","29":"pa_waga-110g","31":"first","32":"instock","33":"purchasable","34":"product-type-simple"},"aioseo_notices":[],"_links":{"self":[{"href":"https:\/\/staviori.com.pl\/cs\/wp-json\/wp\/v2\/product\/15872","targetHints":{"allow":["GET"]}}],"collection":[{"href":"https:\/\/staviori.com.pl\/cs\/wp-json\/wp\/v2\/product"}],"about":[{"href":"https:\/\/staviori.com.pl\/cs\/wp-json\/wp\/v2\/types\/product"}],"replies":[{"embeddable":true,"href":"https:\/\/staviori.com.pl\/cs\/wp-json\/wp\/v2\/comments?post=15872"}],"wp:featuredmedia":[{"embeddable":true,"href":"https:\/\/staviori.com.pl\/cs\/wp-json\/wp\/v2\/media\/11381"}],"wp:attachment":[{"href":"https:\/\/staviori.com.pl\/cs\/wp-json\/wp\/v2\/media?parent=15872"}],"wp:term":[{"taxonomy":"product_brand","embeddable":true,"href":"https:\/\/staviori.com.pl\/cs\/wp-json\/wp\/v2\/product_brand?post=15872"},{"taxonomy":"product_cat","embeddable":true,"href":"https:\/\/staviori.com.pl\/cs\/wp-json\/wp\/v2\/product_cat?post=15872"},{"taxonomy":"product_tag","embeddable":true,"href":"https:\/\/staviori.com.pl\/cs\/wp-json\/wp\/v2\/product_tag?post=15872"}],"curies":[{"name":"wp","href":"https:\/\/api.w.org\/{rel}","templated":true}]}}