{"id":15871,"date":"2025-02-24T22:50:07","date_gmt":"2025-02-24T21:50:07","guid":{"rendered":"https:\/\/staviori.com.pl\/product\/srebrne-krzyzyki-i-medaliki-wsx6343\/"},"modified":"2026-04-02T08:55:33","modified_gmt":"2026-04-02T06:55:33","slug":"srebrne-krzyzyki-i-medaliki-wsx6343","status":"publish","type":"product","link":"https:\/\/staviori.com.pl\/cs\/product\/srebrne-krzyzyki-i-medaliki-wsx6343\/","title":{"rendered":"st\u0159\u00edbrn\u00e1 medaile Panny Marie"},"content":{"rendered":"<p>Model: WSX6343<br \/>\nHmotnost p\u0159ibli\u017en\u011b 2,45 g<\/p>\n<p>Medailon.<br \/>\n0,925 rhodiovan\u00e9 st\u0159\u00edbro.<\/p>\n<p>Pr\u016fm\u011br 15 mm.<br \/>\nD\u00e9lka 25 mm.<\/p>","protected":false},"excerpt":{"rendered":"<p>Elegantn\u00ed st\u0159\u00edbrn\u00fd medailonek s vyobrazen\u00edm Panny Marie, vyroben\u00fd z rhodiovan\u00e9ho st\u0159\u00edbra 0,925. Jemn\u00fd lesk a slo\u017eit\u011b zdoben\u00e9 pozad\u00ed v podob\u011b paprsk\u016f podtrhuj\u00ed duchovn\u00ed charakter \u0161perku. Kulat\u00fd tvar a jemn\u00e9 detaily \u010din\u00ed z medailonu jedine\u010dn\u00fd symbol v\u00edry a ochrany. Skv\u011ble se hod\u00ed jako suven\u00fdr ke k\u0159tu \u010di svat\u00e9mu p\u0159ij\u00edm\u00e1n\u00ed nebo jako d\u00e1rek s n\u00e1bo\u017eensk\u00fdm v\u00fdznamem.<\/p>","protected":false},"featured_media":11379,"comment_status":"closed","ping_status":"closed","template":"","meta":{"om_disable_all_campaigns":false},"product_brand":[2284,2350],"product_cat":[1988,1989,1817],"product_tag":[3932,6523,6522,6521,6516,6555,4528,6515,4470,6518,3967,2426,6520,6519],"class_list":{"0":"post-15871","1":"product","2":"type-product","3":"status-publish","4":"has-post-thumbnail","6":"product_brand-staviori","7":"product_brand-verona","8":"product_cat-krzyzyki-i-medaliki-3","9":"product_cat-srebrne-krzyzyki-i-medaliki","10":"product_cat-srebro-2","11":"product_tag-3932","12":"product_tag-anhanger-maria","13":"product_tag-glaubensschmuck","14":"product_tag-madona","15":"product_tag-matka-boza","16":"product_tag-medalik-okragly","17":"product_tag-medalik-religijny","18":"product_tag-medalik-srebrny","19":"product_tag-religious-jewelry","20":"product_tag-silver-medal","21":"product_tag-srebro-0","22":"product_tag-srebro-rodowane","23":"product_tag-stribrny-medailonek","24":"product_tag-virgin-mary-pendant","25":"pa_dlugosc-25mm","26":"pa_kruszec-srebro-rodowane","27":"pa_proba-0-925","28":"pa_srednica-15mm","29":"pa_waga-240g","31":"first","32":"instock","33":"purchasable","34":"product-type-simple"},"aioseo_notices":[],"_links":{"self":[{"href":"https:\/\/staviori.com.pl\/cs\/wp-json\/wp\/v2\/product\/15871","targetHints":{"allow":["GET"]}}],"collection":[{"href":"https:\/\/staviori.com.pl\/cs\/wp-json\/wp\/v2\/product"}],"about":[{"href":"https:\/\/staviori.com.pl\/cs\/wp-json\/wp\/v2\/types\/product"}],"replies":[{"embeddable":true,"href":"https:\/\/staviori.com.pl\/cs\/wp-json\/wp\/v2\/comments?post=15871"}],"wp:featuredmedia":[{"embeddable":true,"href":"https:\/\/staviori.com.pl\/cs\/wp-json\/wp\/v2\/media\/11379"}],"wp:attachment":[{"href":"https:\/\/staviori.com.pl\/cs\/wp-json\/wp\/v2\/media?parent=15871"}],"wp:term":[{"taxonomy":"product_brand","embeddable":true,"href":"https:\/\/staviori.com.pl\/cs\/wp-json\/wp\/v2\/product_brand?post=15871"},{"taxonomy":"product_cat","embeddable":true,"href":"https:\/\/staviori.com.pl\/cs\/wp-json\/wp\/v2\/product_cat?post=15871"},{"taxonomy":"product_tag","embeddable":true,"href":"https:\/\/staviori.com.pl\/cs\/wp-json\/wp\/v2\/product_tag?post=15871"}],"curies":[{"name":"wp","href":"https:\/\/api.w.org\/{rel}","templated":true}]}}