{"id":15870,"date":"2025-02-24T22:50:07","date_gmt":"2025-02-24T21:50:07","guid":{"rendered":"https:\/\/staviori.com.pl\/product\/srebrne-krzyzyki-i-medaliki-wsx6253\/"},"modified":"2026-04-02T08:56:50","modified_gmt":"2026-04-02T06:56:50","slug":"srebrne-krzyzyki-i-medaliki-wsx6253","status":"publish","type":"product","link":"https:\/\/staviori.com.pl\/cs\/product\/srebrne-krzyzyki-i-medaliki-wsx6253\/","title":{"rendered":"st\u0159\u00edbrn\u00e1 medaile s Pannou Mari\u00ed a n\u00e1pisy"},"content":{"rendered":"<p>Model: WSX6253<br \/>\nHmotnost p\u0159ibli\u017en\u011b 2,40 g<\/p>\n<p>Medailon.<br \/>\nSt\u0159\u00edbro 0,925.<br \/>\nWymiary 14&#215;20 mm.<br \/>\nD\u0142ugo\u015b\u0107 30 mm.<\/p>","protected":false},"excerpt":{"rendered":"<p>Pi\u0119kny srebrny medalik z wizerunkiem Matki Bo\u017cej to symbol wiary i ochrony, kt\u00f3ry zachwyca subtelnym blaskiem. Wykonany z wysokiej pr\u00f3by srebra 0,925, prezentuje si\u0119 elegancko i ponadczasowo. Klasyczny, owalny kszta\u0142t oraz precyzyjne detale sprawiaj\u0105, \u017ce stanowi wyj\u0105tkowy upominek dla osoby bliskiej sercu lub pami\u0105tk\u0119 o duchowym znaczeniu.<\/p>","protected":false},"featured_media":8574,"comment_status":"closed","ping_status":"closed","template":"","meta":{"om_disable_all_campaigns":false},"product_brand":[2284,2350],"product_cat":[1988,1989,1817],"product_tag":[6566,6516,6565,6564,6568,6567,4470,6518,6563,4630,6520,6519],"class_list":{"0":"post-15870","1":"product","2":"type-product","3":"status-publish","4":"has-post-thumbnail","6":"product_brand-staviori","7":"product_brand-verona","8":"product_cat-krzyzyki-i-medaliki-3","9":"product_cat-srebrne-krzyzyki-i-medaliki","10":"product_cat-srebro-2","11":"product_tag-katholischer-anhanger","12":"product_tag-matka-boza","13":"product_tag-medalik-srebro-925","14":"product_tag-medalik-z-maryja","15":"product_tag-nabozensky-privesek","16":"product_tag-panna-maria","17":"product_tag-religious-jewelry","18":"product_tag-silver-medal","19":"product_tag-srebrny-medalik","20":"product_tag-srebro-0-925","21":"product_tag-stribrny-medailonek","22":"product_tag-virgin-mary-pendant","23":"pa_dlugosc-30mm","24":"pa_kruszec-srebro","25":"pa_proba-0-925","26":"pa_waga-240g","27":"pa_wymiary-14x20mm","29":"first","30":"instock","31":"purchasable","32":"product-type-simple"},"aioseo_notices":[],"_links":{"self":[{"href":"https:\/\/staviori.com.pl\/cs\/wp-json\/wp\/v2\/product\/15870","targetHints":{"allow":["GET"]}}],"collection":[{"href":"https:\/\/staviori.com.pl\/cs\/wp-json\/wp\/v2\/product"}],"about":[{"href":"https:\/\/staviori.com.pl\/cs\/wp-json\/wp\/v2\/types\/product"}],"replies":[{"embeddable":true,"href":"https:\/\/staviori.com.pl\/cs\/wp-json\/wp\/v2\/comments?post=15870"}],"wp:featuredmedia":[{"embeddable":true,"href":"https:\/\/staviori.com.pl\/cs\/wp-json\/wp\/v2\/media\/8574"}],"wp:attachment":[{"href":"https:\/\/staviori.com.pl\/cs\/wp-json\/wp\/v2\/media?parent=15870"}],"wp:term":[{"taxonomy":"product_brand","embeddable":true,"href":"https:\/\/staviori.com.pl\/cs\/wp-json\/wp\/v2\/product_brand?post=15870"},{"taxonomy":"product_cat","embeddable":true,"href":"https:\/\/staviori.com.pl\/cs\/wp-json\/wp\/v2\/product_cat?post=15870"},{"taxonomy":"product_tag","embeddable":true,"href":"https:\/\/staviori.com.pl\/cs\/wp-json\/wp\/v2\/product_tag?post=15870"}],"curies":[{"name":"wp","href":"https:\/\/api.w.org\/{rel}","templated":true}]}}