{"id":15867,"date":"2025-02-24T22:50:04","date_gmt":"2025-02-24T21:50:04","guid":{"rendered":"https:\/\/staviori.com.pl\/product\/srebrne-krzyzyki-i-medaliki-wsx6078\/"},"modified":"2026-04-02T09:10:14","modified_gmt":"2026-04-02T07:10:14","slug":"srebrne-krzyzyki-i-medaliki-wsx6078","status":"publish","type":"product","link":"https:\/\/staviori.com.pl\/cs\/product\/srebrne-krzyzyki-i-medaliki-wsx6078\/","title":{"rendered":"st\u0159\u00edbrn\u00fd k\u0159\u00ed\u017e se z\u00e1\u0159ezy 0.925"},"content":{"rendered":"<p>Model: WSX6078<br \/>\nHmotnost p\u0159ibli\u017en\u011b 1,80 g<\/p>\n<p>K\u0159\u00ed\u017e.<br \/>\nSt\u0159\u00edbro 0,925.<br \/>\nWysoko\u015b\u0107 42 mm.<\/p>","protected":false},"excerpt":{"rendered":"<p>Elegancki srebrny krzy\u017cyk wykonany z wysokiej jako\u015bci srebra pr\u00f3by 0,925. Delikatne \u017c\u0142obienia na powierzchni nadaj\u0105 mu wyj\u0105tkowego charakteru, podkre\u015blaj\u0105c jego subtelny blask. Klasyczna forma w po\u0142\u0105czeniu z precyzyjnym wykonaniem sprawia, \u017ce jest to ponadczasowy symbol wiary i stylu. Doskonale prezentuje si\u0119 zar\u00f3wno solo, jak i w zestawieniu z innymi dodatkami.<\/p>","protected":false},"featured_media":8568,"comment_status":"closed","ping_status":"closed","template":"","meta":{"om_disable_all_campaigns":false},"product_brand":[2284,2350],"product_cat":[1384,1988,1989,145,1817],"product_tag":[3932,6604,2428,4090,2486,6601,6600,6350,6603,6348,4111,6496,6599,3967,5905,6602],"class_list":{"0":"post-15867","1":"product","2":"type-product","3":"status-publish","4":"has-post-thumbnail","6":"product_brand-staviori","7":"product_brand-verona","8":"product_cat-bizuteria","9":"product_cat-krzyzyki-i-medaliki-3","10":"product_cat-srebrne-krzyzyki-i-medaliki","11":"product_cat-srebro","12":"product_cat-srebro-2","13":"product_tag-3932","14":"product_tag-925-silver","15":"product_tag-bizuteria-srebrna","16":"product_tag-cross-pendant","17":"product_tag-krzyzyk","18":"product_tag-krzyzyk-damski","19":"product_tag-krzyzyk-meski","20":"product_tag-silber-kreuz","21":"product_tag-silber-schmuck","22":"product_tag-silver-cross","23":"product_tag-silver-jewelry","24":"product_tag-sperk","25":"product_tag-srebrny-krzyzyk","26":"product_tag-srebro-0","27":"product_tag-sterling-silver","28":"product_tag-stribrny-kriz","29":"pa_kruszec-srebro","30":"pa_proba-0-925","31":"pa_waga-180g","32":"pa_wysokosc-42mm","34":"first","35":"instock","36":"purchasable","37":"product-type-simple"},"aioseo_notices":[],"_links":{"self":[{"href":"https:\/\/staviori.com.pl\/cs\/wp-json\/wp\/v2\/product\/15867","targetHints":{"allow":["GET"]}}],"collection":[{"href":"https:\/\/staviori.com.pl\/cs\/wp-json\/wp\/v2\/product"}],"about":[{"href":"https:\/\/staviori.com.pl\/cs\/wp-json\/wp\/v2\/types\/product"}],"replies":[{"embeddable":true,"href":"https:\/\/staviori.com.pl\/cs\/wp-json\/wp\/v2\/comments?post=15867"}],"wp:featuredmedia":[{"embeddable":true,"href":"https:\/\/staviori.com.pl\/cs\/wp-json\/wp\/v2\/media\/8568"}],"wp:attachment":[{"href":"https:\/\/staviori.com.pl\/cs\/wp-json\/wp\/v2\/media?parent=15867"}],"wp:term":[{"taxonomy":"product_brand","embeddable":true,"href":"https:\/\/staviori.com.pl\/cs\/wp-json\/wp\/v2\/product_brand?post=15867"},{"taxonomy":"product_cat","embeddable":true,"href":"https:\/\/staviori.com.pl\/cs\/wp-json\/wp\/v2\/product_cat?post=15867"},{"taxonomy":"product_tag","embeddable":true,"href":"https:\/\/staviori.com.pl\/cs\/wp-json\/wp\/v2\/product_tag?post=15867"}],"curies":[{"name":"wp","href":"https:\/\/api.w.org\/{rel}","templated":true}]}}