{"id":15860,"date":"2025-02-24T22:50:04","date_gmt":"2025-02-24T21:50:04","guid":{"rendered":"https:\/\/staviori.com.pl\/product\/srebrny-wisiorek-wsm4394s\/"},"modified":"2026-02-13T08:04:15","modified_gmt":"2026-02-13T07:04:15","slug":"srebrny-wisiorek-wsm4394s","status":"publish","type":"product","link":"https:\/\/staviori.com.pl\/cs\/product\/srebrny-wisiorek-wsm4394s\/","title":{"rendered":"St\u0159\u00edbrn\u00fd p\u0159\u00edv\u011bsek s p\u0159\u00edrodn\u00edm saf\u00edrem a markazity"},"content":{"rendered":"<p>Model: WSM4394S<br \/>\nHmotnost p\u0159ibli\u017en\u011b 1 g<\/p>\n<p>P\u0159\u00edv\u011bsek.<br \/>\nSt\u0159\u00edbro 0,925.<br \/>\n1 Szafir, o masie 0,90ct<br \/>\nMarkazit\u00e9.<\/p>\n<p>D\u00e9lka 15 mm.<br \/>\nPr\u016fm\u011br 8 mm.<\/p>","protected":false},"excerpt":{"rendered":"<p>Urokliwy wisiorek wykonany ze srebra pr\u00f3by 0,925, ozdobiony g\u0142\u0119bokoniebieskim szafirem o masie 0,90 ct. Subtelne markazyty dodaj\u0105 mu klasycznego blasku i retro charakteru. Idealny dla kobiet ceni\u0105cych elegancj\u0119 w ponadczasowym wydaniu. Doskonale komponuje si\u0119 zar\u00f3wno z codziennymi stylizacjami, jak i wieczorowymi kreacjami.<\/p>","protected":false},"featured_media":8530,"comment_status":"closed","ping_status":"closed","template":"","meta":{"om_disable_all_campaigns":false},"product_brand":[2284],"product_cat":[2141,1817,729],"product_tag":[6585,6111,2428,2425,6584,4154,6110,4111,6583,2427,4153,5744],"class_list":{"0":"post-15860","1":"product","2":"type-product","3":"status-publish","4":"has-post-thumbnail","6":"product_brand-staviori","7":"product_cat-srebrny-wisiorek","8":"product_cat-srebro-2","9":"product_cat-wisiorki","10":"product_tag-0-925-silver","11":"product_tag-anhanger-mit-saphir","12":"product_tag-bizuteria-srebrna","13":"product_tag-markazyty","14":"product_tag-privesek-safir","15":"product_tag-sapphire","16":"product_tag-sapphire-pendant","17":"product_tag-silver-jewelry","18":"product_tag-srebrny-wisiorek-z-szafirem","19":"product_tag-srebro-925","20":"product_tag-szafir","21":"product_tag-wisiorek-srebrny","22":"pa_dlugosc-15mm","23":"pa_kamien-markazyty","24":"pa_kamien-szafir","25":"pa_kruszec-srebro","26":"pa_proba-0-925","27":"pa_srednica-8mm","28":"pa_waga-100g-2","30":"first","31":"instock","32":"purchasable","33":"product-type-simple"},"aioseo_notices":[],"_links":{"self":[{"href":"https:\/\/staviori.com.pl\/cs\/wp-json\/wp\/v2\/product\/15860","targetHints":{"allow":["GET"]}}],"collection":[{"href":"https:\/\/staviori.com.pl\/cs\/wp-json\/wp\/v2\/product"}],"about":[{"href":"https:\/\/staviori.com.pl\/cs\/wp-json\/wp\/v2\/types\/product"}],"replies":[{"embeddable":true,"href":"https:\/\/staviori.com.pl\/cs\/wp-json\/wp\/v2\/comments?post=15860"}],"wp:featuredmedia":[{"embeddable":true,"href":"https:\/\/staviori.com.pl\/cs\/wp-json\/wp\/v2\/media\/8530"}],"wp:attachment":[{"href":"https:\/\/staviori.com.pl\/cs\/wp-json\/wp\/v2\/media?parent=15860"}],"wp:term":[{"taxonomy":"product_brand","embeddable":true,"href":"https:\/\/staviori.com.pl\/cs\/wp-json\/wp\/v2\/product_brand?post=15860"},{"taxonomy":"product_cat","embeddable":true,"href":"https:\/\/staviori.com.pl\/cs\/wp-json\/wp\/v2\/product_cat?post=15860"},{"taxonomy":"product_tag","embeddable":true,"href":"https:\/\/staviori.com.pl\/cs\/wp-json\/wp\/v2\/product_tag?post=15860"}],"curies":[{"name":"wp","href":"https:\/\/api.w.org\/{rel}","templated":true}]}}