{"id":15858,"date":"2025-02-24T22:50:04","date_gmt":"2025-02-24T21:50:04","guid":{"rendered":"https:\/\/staviori.com.pl\/product\/srebrny-wisiorek-wsm4394e\/"},"modified":"2026-02-17T13:20:26","modified_gmt":"2026-02-17T12:20:26","slug":"srebrny-wisiorek-wsm4394e","status":"publish","type":"product","link":"https:\/\/staviori.com.pl\/cs\/product\/srebrny-wisiorek-wsm4394e\/","title":{"rendered":"St\u0159\u00edbrn\u00fd p\u0159\u00edv\u011bsek s markazity a smaragdem"},"content":{"rendered":"<p>Model: WSM4394E<br \/>\nHmotnost p\u0159ibli\u017en\u011b 1 g<\/p>\n<p>P\u0159\u00edv\u011bsek.<br \/>\nSt\u0159\u00edbro 0,925.<br \/>\n1 Szmaragd, o masie 0,90ct.<br \/>\nMarkazit\u00e9.<\/p>\n<p>D\u00e9lka 15 mm.<br \/>\nPr\u016fm\u011br 8 mm.<\/p>","protected":false},"excerpt":{"rendered":"<p>Uroczy srebrny wisiorek ozdobiony naturalnym szmaragdem o g\u0142\u0119bokiej, zielonej barwie i b\u0142yszcz\u0105cymi markazytami. Wykonany ze srebra pr\u00f3by 0,925, zachwyca subtelnym blaskiem i klasycznym stylem. Idealny dla kobiet ceni\u0105cych elegancj\u0119, harmoni\u0119 i ponadczasowe pi\u0119kno naturalnych kamieni. Doskona\u0142y jako delikatny akcent do codziennych i wieczorowych stylizacji.<\/p>","protected":false},"featured_media":8526,"comment_status":"closed","ping_status":"closed","template":"","meta":{"om_disable_all_campaigns":false},"product_brand":[2284],"product_cat":[2141,1817,729],"product_tag":[6582,6579,6580,5293,6570,4951,6525,2427,5854,6581,6578,6577],"class_list":{"0":"post-15858","1":"product","2":"type-product","3":"status-publish","4":"has-post-thumbnail","6":"product_brand-staviori","7":"product_cat-srebrny-wisiorek","8":"product_cat-srebro-2","9":"product_cat-wisiorki","10":"product_tag-edelstein-schmuck","11":"product_tag-emerald-pendant","12":"product_tag-marcasite-pendant","13":"product_tag-markazity","14":"product_tag-silber-anhanger","15":"product_tag-smaragd","16":"product_tag-srebrny-wisiorek","17":"product_tag-srebro-925","18":"product_tag-sterling-silver-jewelry","19":"product_tag-stribrny-privesek","20":"product_tag-wisiorek-z-markazytami","21":"product_tag-wisiorek-ze-szmaragdem","22":"pa_dlugosc-15mm","23":"pa_kamien-szmaragd","24":"pa_kruszec-srebro","25":"pa_proba-0-925","26":"pa_srednica-8mm","27":"pa_waga-100g-2","29":"first","30":"instock","31":"purchasable","32":"product-type-simple"},"aioseo_notices":[],"_links":{"self":[{"href":"https:\/\/staviori.com.pl\/cs\/wp-json\/wp\/v2\/product\/15858","targetHints":{"allow":["GET"]}}],"collection":[{"href":"https:\/\/staviori.com.pl\/cs\/wp-json\/wp\/v2\/product"}],"about":[{"href":"https:\/\/staviori.com.pl\/cs\/wp-json\/wp\/v2\/types\/product"}],"replies":[{"embeddable":true,"href":"https:\/\/staviori.com.pl\/cs\/wp-json\/wp\/v2\/comments?post=15858"}],"wp:featuredmedia":[{"embeddable":true,"href":"https:\/\/staviori.com.pl\/cs\/wp-json\/wp\/v2\/media\/8526"}],"wp:attachment":[{"href":"https:\/\/staviori.com.pl\/cs\/wp-json\/wp\/v2\/media?parent=15858"}],"wp:term":[{"taxonomy":"product_brand","embeddable":true,"href":"https:\/\/staviori.com.pl\/cs\/wp-json\/wp\/v2\/product_brand?post=15858"},{"taxonomy":"product_cat","embeddable":true,"href":"https:\/\/staviori.com.pl\/cs\/wp-json\/wp\/v2\/product_cat?post=15858"},{"taxonomy":"product_tag","embeddable":true,"href":"https:\/\/staviori.com.pl\/cs\/wp-json\/wp\/v2\/product_tag?post=15858"}],"curies":[{"name":"wp","href":"https:\/\/api.w.org\/{rel}","templated":true}]}}