{"id":15855,"date":"2025-02-24T22:50:04","date_gmt":"2025-02-24T21:50:04","guid":{"rendered":"https:\/\/staviori.com.pl\/product\/srebrny-wisiorek-wsc4384\/"},"modified":"2026-04-02T09:14:52","modified_gmt":"2026-04-02T07:14:52","slug":"srebrny-wisiorek-wsc4384","status":"publish","type":"product","link":"https:\/\/staviori.com.pl\/cs\/product\/srebrny-wisiorek-wsc4384\/","title":{"rendered":"St\u0159\u00edbrn\u00fd p\u0159\u00edv\u011bsek s modr\u00fdmi a b\u00edl\u00fdmi zirkony"},"content":{"rendered":"<p>Model: WSC4384<br \/>\nWaga ok. 0,95g<\/p>\n<p>P\u0159\u00edv\u011bsek.<br \/>\nSt\u0159\u00edbro 0,925.<br \/>\nZirkonie.<\/p>\n<p>Wymiary 10&#215;7.2 mm.<br \/>\nD\u0142ugo\u015b\u0107 16.6 mm.<br \/>\nTlou\u0161\u0165ka 4,2 mm.<\/p>","protected":false},"excerpt":{"rendered":"<p>Elegancki wisiorek Staviori wykonany ze srebra pr\u00f3by 0,925 to po\u0142\u0105czenie klasyki i ponadczasowego blasku. Centralnie osadzona g\u0142\u0119boko niebieska cyrkonia, otoczona iskrz\u0105cym wie\u0144cem mniejszych kamieni, zachwyca swoim szlachetnym wygl\u0105dem. To bi\u017cuteria, kt\u00f3ra dodaje szyku i doskonale podkre\u015bla kobiec\u0105 elegancj\u0119 \u2013 idealna zar\u00f3wno na co dzie\u0144, jak i na wyj\u0105tkowe okazje.<\/p>","protected":false},"featured_media":21580,"comment_status":"closed","ping_status":"closed","template":"","meta":{"om_disable_all_campaigns":false},"product_brand":[2284,2350],"product_cat":[2141,1817,729],"product_tag":[3932,2798,6636,4263,2317,6635,2955,6637,6570,6629,6588,3967,6581,5295,5744,6634],"class_list":{"0":"post-15855","1":"product","2":"type-product","3":"status-publish","4":"has-post-thumbnail","6":"product_brand-staviori","7":"product_brand-verona","8":"product_cat-srebrny-wisiorek","9":"product_cat-srebro-2","10":"product_cat-wisiorki","11":"product_tag-3932","12":"product_tag-bizuteria-staviori","13":"product_tag-blauer-zirkonia-anhanger","14":"product_tag-blue-cubic-zirconia","15":"product_tag-elegancka-bizuteria","16":"product_tag-modra-zirkonie","17":"product_tag-niebieska-cyrkonia","18":"product_tag-schmuck","19":"product_tag-silber-anhanger","20":"product_tag-silver-jewellery","21":"product_tag-silver-pendant","22":"product_tag-srebro-0","23":"product_tag-stribrny-privesek","24":"product_tag-stribro-925","25":"product_tag-wisiorek-srebrny","26":"product_tag-wisiorek-z-cyrkonia","27":"pa_dlugosc-16-6mm","28":"pa_kamien-cyrkonia","29":"pa_kamien-cyrkonia-biala","30":"pa_kamien-cyrkonia-niebieskia","31":"pa_kruszec-srebro","32":"pa_proba-0-925","33":"pa_waga-095g","34":"pa_wymiary-10x7-2mm","36":"first","37":"instock","38":"purchasable","39":"product-type-simple"},"aioseo_notices":[],"_links":{"self":[{"href":"https:\/\/staviori.com.pl\/cs\/wp-json\/wp\/v2\/product\/15855","targetHints":{"allow":["GET"]}}],"collection":[{"href":"https:\/\/staviori.com.pl\/cs\/wp-json\/wp\/v2\/product"}],"about":[{"href":"https:\/\/staviori.com.pl\/cs\/wp-json\/wp\/v2\/types\/product"}],"replies":[{"embeddable":true,"href":"https:\/\/staviori.com.pl\/cs\/wp-json\/wp\/v2\/comments?post=15855"}],"wp:featuredmedia":[{"embeddable":true,"href":"https:\/\/staviori.com.pl\/cs\/wp-json\/wp\/v2\/media\/21580"}],"wp:attachment":[{"href":"https:\/\/staviori.com.pl\/cs\/wp-json\/wp\/v2\/media?parent=15855"}],"wp:term":[{"taxonomy":"product_brand","embeddable":true,"href":"https:\/\/staviori.com.pl\/cs\/wp-json\/wp\/v2\/product_brand?post=15855"},{"taxonomy":"product_cat","embeddable":true,"href":"https:\/\/staviori.com.pl\/cs\/wp-json\/wp\/v2\/product_cat?post=15855"},{"taxonomy":"product_tag","embeddable":true,"href":"https:\/\/staviori.com.pl\/cs\/wp-json\/wp\/v2\/product_tag?post=15855"}],"curies":[{"name":"wp","href":"https:\/\/api.w.org\/{rel}","templated":true}]}}