{"id":15853,"date":"2025-02-24T22:50:04","date_gmt":"2025-02-24T21:50:04","guid":{"rendered":"https:\/\/staviori.com.pl\/product\/bizuteria-inwestycyjna-wisiorek-wrd4043\/"},"modified":"2026-02-11T00:09:34","modified_gmt":"2026-02-10T23:09:34","slug":"bizuteria-inwestycyjna-wisiorek-wrd4043","status":"publish","type":"product","link":"https:\/\/staviori.com.pl\/cs\/product\/bizuteria-inwestycyjna-wisiorek-wrd4043\/","title":{"rendered":"Exkluzivn\u00ed | p\u0159\u00edv\u011bsek s ametystem a diamanty + r\u016f\u017eov\u00e9 zlato 750"},"content":{"rendered":"<p>Model: WRD4043<br \/>\nHmotnost p\u0159ibli\u017en\u011b 3,90 g<\/p>\n<p>P\u0159\u00edv\u011bsek.<br \/>\nR\u016f\u017eov\u00e9 zlato 0,750.<br \/>\n24 Diamenty, szlif brylantowy, o masie 0,31ct, barwa G, czysto\u015b\u0107 SI1.<br \/>\n1 Ametyst, o masie 1,19ct<\/p>\n<p>Wymiary 14&#215;10 mm.<br \/>\nTlou\u0161\u0165ka 6 mm.<br \/>\nWymiary kamieni ok. 10&#215;6 mm.<\/p>\n<p>Produkt je k dispozici pouze na vy\u017e\u00e1d\u00e1n\u00ed, doba dod\u00e1n\u00ed cca 5 t\u00fddn\u016f.<\/p>","protected":false},"excerpt":{"rendered":"<p>Zachwycaj\u0105cy wisiorek Staviori wykonany z 18-karatowego r\u00f3\u017cowego z\u0142ota, ol\u015bniewaj\u0105cy subtelnym blaskiem 24 diament\u00f3w o \u0142\u0105cznej masie 0,31 ct. W centrum kompozycji znajduje si\u0119 ametyst w kszta\u0142cie \u0142zy, o g\u0142\u0119bokiej, fioletowej barwie, kt\u00f3ry urzeka swoj\u0105 elegancj\u0105 i romantycznym charakterem. Idealny wyb\u00f3r dla kobiet ceni\u0105cych luksus i wyj\u0105tkowy styl. Doskona\u0142y na prezent lub jako bi\u017cuteria na wyj\u0105tkowe okazje.<\/p>","protected":false},"featured_media":8501,"comment_status":"closed","ping_status":"closed","template":"","meta":{"om_disable_all_campaigns":false},"product_brand":[2284],"product_cat":[1803,6719,729],"product_tag":[6623,6620,4860,5655,2317,6621,2291,6556,6619,6622,3724,6618,4442],"class_list":{"0":"post-15853","1":"product","2":"type-product","3":"status-publish","4":"has-post-thumbnail","6":"product_brand-staviori","7":"product_cat-brylanty-exclusive","8":"product_cat-wisiorki-brylanty-exclusive","9":"product_cat-wisiorki","10":"product_tag-18k-rose-gold","11":"product_tag-amethyst-pendant","12":"product_tag-bizuteria-z-ametystem","13":"product_tag-diamond-pendant","14":"product_tag-elegancka-bizuteria","15":"product_tag-pendentif-or-rose-amethyste","16":"product_tag-prezent-dla-niej","17":"product_tag-rose-gold-jewelry","18":"product_tag-rozowe-zloto-0-750","19":"product_tag-ruzove-zlato-privesek","20":"product_tag-staviori","21":"product_tag-wisiorek-z-ametystem","22":"product_tag-wisiorek-z-diamentami","23":"pa_barwa-g-2","24":"pa_czystosc-si1","25":"pa_grubosc-6mm","26":"pa_kamien-ametyst-2","27":"pa_kamien-brylanty","28":"pa_kolor-rozowe","29":"pa_kruszec-zloto","30":"pa_proba-0-750","31":"pa_waga-390g","32":"pa_wymiary-14x10mm","34":"first","35":"onbackorder","36":"purchasable","37":"product-type-simple"},"aioseo_notices":[],"_links":{"self":[{"href":"https:\/\/staviori.com.pl\/cs\/wp-json\/wp\/v2\/product\/15853","targetHints":{"allow":["GET"]}}],"collection":[{"href":"https:\/\/staviori.com.pl\/cs\/wp-json\/wp\/v2\/product"}],"about":[{"href":"https:\/\/staviori.com.pl\/cs\/wp-json\/wp\/v2\/types\/product"}],"replies":[{"embeddable":true,"href":"https:\/\/staviori.com.pl\/cs\/wp-json\/wp\/v2\/comments?post=15853"}],"wp:featuredmedia":[{"embeddable":true,"href":"https:\/\/staviori.com.pl\/cs\/wp-json\/wp\/v2\/media\/8501"}],"wp:attachment":[{"href":"https:\/\/staviori.com.pl\/cs\/wp-json\/wp\/v2\/media?parent=15853"}],"wp:term":[{"taxonomy":"product_brand","embeddable":true,"href":"https:\/\/staviori.com.pl\/cs\/wp-json\/wp\/v2\/product_brand?post=15853"},{"taxonomy":"product_cat","embeddable":true,"href":"https:\/\/staviori.com.pl\/cs\/wp-json\/wp\/v2\/product_cat?post=15853"},{"taxonomy":"product_tag","embeddable":true,"href":"https:\/\/staviori.com.pl\/cs\/wp-json\/wp\/v2\/product_tag?post=15853"}],"curies":[{"name":"wp","href":"https:\/\/api.w.org\/{rel}","templated":true}]}}