{"id":15850,"date":"2025-02-24T22:50:04","date_gmt":"2025-02-24T21:50:04","guid":{"rendered":"https:\/\/staviori.com.pl\/product\/zlote-krzyzyki-i-medaliki-wgi6458\/"},"modified":"2026-02-11T00:09:34","modified_gmt":"2026-02-10T23:09:34","slug":"zlote-krzyzyki-i-medaliki-wgi6458","status":"publish","type":"product","link":"https:\/\/staviori.com.pl\/cs\/product\/zlote-krzyzyki-i-medaliki-wgi6458\/","title":{"rendered":"Zlat\u00fd jednoduch\u00fd k\u0159\u00ed\u017e vzorku 585"},"content":{"rendered":"<p>Model: WGI6458<br \/>\nWaga ok. 0,78g<\/p>\n<p>K\u0159\u00ed\u017e.<br \/>\n\u017dlut\u00e9 zlato 0,585.<\/p>\n<p>Wymiary 10&#215;15 mm.<br \/>\nD\u00e9lka 20 mm.<\/p>","protected":false},"excerpt":{"rendered":"<p>Klasyczny krzy\u017cyk wykonany z \u017c\u00f3\u0142tego z\u0142ota pr\u00f3by 0,585. Jego minimalistyczna forma i subtelny po\u0142ysk sprawiaj\u0105, \u017ce jest doskona\u0142ym symbolem wiary i elegancji. Prosty, a zarazem wyj\u0105tkowy \u2013 idealnie komponuje si\u0119 zar\u00f3wno z delikatnym \u0142a\u0144cuszkiem, jak i w zestawieniu z innymi ozdobami. Ponadczasowy dodatek, kt\u00f3ry nigdy nie wychodzi z mody.<\/p>","protected":false},"featured_media":15851,"comment_status":"closed","ping_status":"closed","template":"","meta":{"om_disable_all_campaigns":false},"product_brand":[2284],"product_cat":[1988,2248,1930],"product_tag":[4124,4396,6576,2543,4090,5595,6606,6465,6495,2486,6496,3744,6607,4387,4381,2522],"class_list":{"0":"post-15850","1":"product","2":"type-product","3":"status-publish","4":"has-post-thumbnail","6":"product_brand-staviori","7":"product_cat-krzyzyki-i-medaliki-3","8":"product_cat-zlote-krzyzyki-i-medaliki","9":"product_cat-zloto-2","10":"product_tag-14k-gold","11":"product_tag-4396","12":"product_tag-585-gold","13":"product_tag-bizuteria-zlota","14":"product_tag-cross-pendant","15":"product_tag-gold-jewelry","16":"product_tag-golden-cross","17":"product_tag-goldschmuck","18":"product_tag-kreuz","19":"product_tag-krzyzyk","20":"product_tag-sperk","21":"product_tag-yellow-gold","22":"product_tag-zlaty-kriz","23":"product_tag-zloto-0","24":"product_tag-zloty-krzyzyk","25":"product_tag-zolte-zloto","26":"pa_dlugosc-20mm","27":"pa_dostawca-gese","28":"pa_kolor-zolte","29":"pa_kruszec-zloto","30":"pa_motyw-krzyzyk","31":"pa_proba-0-585","32":"pa_waga-078g","33":"pa_wymiary-10x15mm","35":"first","36":"instock","37":"purchasable","38":"product-type-simple"},"aioseo_notices":[],"_links":{"self":[{"href":"https:\/\/staviori.com.pl\/cs\/wp-json\/wp\/v2\/product\/15850","targetHints":{"allow":["GET"]}}],"collection":[{"href":"https:\/\/staviori.com.pl\/cs\/wp-json\/wp\/v2\/product"}],"about":[{"href":"https:\/\/staviori.com.pl\/cs\/wp-json\/wp\/v2\/types\/product"}],"replies":[{"embeddable":true,"href":"https:\/\/staviori.com.pl\/cs\/wp-json\/wp\/v2\/comments?post=15850"}],"wp:featuredmedia":[{"embeddable":true,"href":"https:\/\/staviori.com.pl\/cs\/wp-json\/wp\/v2\/media\/15851"}],"wp:attachment":[{"href":"https:\/\/staviori.com.pl\/cs\/wp-json\/wp\/v2\/media?parent=15850"}],"wp:term":[{"taxonomy":"product_brand","embeddable":true,"href":"https:\/\/staviori.com.pl\/cs\/wp-json\/wp\/v2\/product_brand?post=15850"},{"taxonomy":"product_cat","embeddable":true,"href":"https:\/\/staviori.com.pl\/cs\/wp-json\/wp\/v2\/product_cat?post=15850"},{"taxonomy":"product_tag","embeddable":true,"href":"https:\/\/staviori.com.pl\/cs\/wp-json\/wp\/v2\/product_tag?post=15850"}],"curies":[{"name":"wp","href":"https:\/\/api.w.org\/{rel}","templated":true}]}}