{"id":15846,"date":"2025-02-24T22:50:04","date_gmt":"2025-02-24T21:50:04","guid":{"rendered":"https:\/\/staviori.com.pl\/product\/srebrny-wisiorek-wdo5331\/"},"modified":"2026-02-11T00:09:33","modified_gmt":"2026-02-10T23:09:33","slug":"srebrny-wisiorek-wdo5331","status":"publish","type":"product","link":"https:\/\/staviori.com.pl\/cs\/product\/srebrny-wisiorek-wdo5331\/","title":{"rendered":"St\u0159\u00edbrn\u00fd p\u0159\u00edv\u011bsek s modr\u00fdmi a b\u00edl\u00fdmi zirkony"},"content":{"rendered":"<p>Model: WDO5331<br \/>\nHmotnost p\u0159ibli\u017en\u011b 0,75 g<\/p>\n<p>P\u0159\u00edv\u011bsek.<br \/>\nSrebro 0.925.<br \/>\nZirkonie.<\/p>\n<p>Pr\u016fm\u011br 8 mm.<br \/>\nD\u00e9lka 15 mm.<\/p>","protected":false},"excerpt":{"rendered":"<p>Subtelny i pe\u0142en blasku wisiorek wykonany ze srebra pr\u00f3by 0,925. Centralna, intensywnie niebieska cyrkonia otoczona jest drobnymi, l\u015bni\u0105cymi kamieniami, kt\u00f3re pi\u0119knie podkre\u015blaj\u0105 jej g\u0142\u0119bi\u0119 i wyj\u0105tkowy kolor. To elegancka bi\u017cuteria, kt\u00f3ra doskonale sprawdzi si\u0119 zar\u00f3wno na co dzie\u0144, jak i podczas wyj\u0105tkowych okazji. Idealny wyb\u00f3r dla kobiet ceni\u0105cych klasyk\u0119 w nowoczesnym wydaniu.<\/p>","protected":false},"featured_media":8455,"comment_status":"closed","ping_status":"closed","template":"","meta":{"om_disable_all_campaigns":false},"product_brand":[2284,2350],"product_cat":[2141,1817,729],"product_tag":[6585,6594,2428,6593,6596,4191,2454,3831,2603,2955,6595,6588,2427,5744],"class_list":{"0":"post-15846","1":"product","2":"type-product","3":"status-publish","4":"has-post-thumbnail","6":"product_brand-staviori","7":"product_brand-verona","8":"product_cat-srebrny-wisiorek","9":"product_cat-srebro-2","10":"product_cat-wisiorki","11":"product_tag-0-925-silver","12":"product_tag-anhanger-mit-zirkonia","13":"product_tag-bizuteria-srebrna","14":"product_tag-blue-stone","15":"product_tag-blyszczacy-wisiorek","16":"product_tag-cubic-zirconia","17":"product_tag-cyrkonia","18":"product_tag-elegant-jewelry","19":"product_tag-klasyczna-bizuteria","20":"product_tag-niebieska-cyrkonia","21":"product_tag-privesek-zirkon","22":"product_tag-silver-pendant","23":"product_tag-srebro-925","24":"product_tag-wisiorek-srebrny","25":"pa_dlugosc-15mm","26":"pa_kamien-cyrkonia","27":"pa_kamien-cyrkonia-biala","28":"pa_kamien-cyrkonia-niebieskia","29":"pa_kruszec-srebro","30":"pa_proba-0-925","31":"pa_srednica-8mm","32":"pa_waga-075g","34":"first","35":"instock","36":"purchasable","37":"product-type-simple"},"aioseo_notices":[],"_links":{"self":[{"href":"https:\/\/staviori.com.pl\/cs\/wp-json\/wp\/v2\/product\/15846","targetHints":{"allow":["GET"]}}],"collection":[{"href":"https:\/\/staviori.com.pl\/cs\/wp-json\/wp\/v2\/product"}],"about":[{"href":"https:\/\/staviori.com.pl\/cs\/wp-json\/wp\/v2\/types\/product"}],"replies":[{"embeddable":true,"href":"https:\/\/staviori.com.pl\/cs\/wp-json\/wp\/v2\/comments?post=15846"}],"wp:featuredmedia":[{"embeddable":true,"href":"https:\/\/staviori.com.pl\/cs\/wp-json\/wp\/v2\/media\/8455"}],"wp:attachment":[{"href":"https:\/\/staviori.com.pl\/cs\/wp-json\/wp\/v2\/media?parent=15846"}],"wp:term":[{"taxonomy":"product_brand","embeddable":true,"href":"https:\/\/staviori.com.pl\/cs\/wp-json\/wp\/v2\/product_brand?post=15846"},{"taxonomy":"product_cat","embeddable":true,"href":"https:\/\/staviori.com.pl\/cs\/wp-json\/wp\/v2\/product_cat?post=15846"},{"taxonomy":"product_tag","embeddable":true,"href":"https:\/\/staviori.com.pl\/cs\/wp-json\/wp\/v2\/product_tag?post=15846"}],"curies":[{"name":"wp","href":"https:\/\/api.w.org\/{rel}","templated":true}]}}