{"id":15845,"date":"2025-02-24T22:49:59","date_gmt":"2025-02-24T21:49:59","guid":{"rendered":"https:\/\/staviori.com.pl\/product\/srebrny-wisiorek-wdo2025\/"},"modified":"2026-04-02T09:16:56","modified_gmt":"2026-04-02T07:16:56","slug":"srebrny-wisiorek-wdo2025","status":"publish","type":"product","link":"https:\/\/staviori.com.pl\/cs\/product\/srebrny-wisiorek-wdo2025\/","title":{"rendered":"wisiorek srebrny owal z onyksem i markazytami"},"content":{"rendered":"<p>Model: WDO2025<br \/>\nWaga ok. 4,95g<\/p>\n<p>P\u0159\u00edv\u011bsek.<br \/>\n0,925 rhodiovan\u00e9 st\u0159\u00edbro.<br \/>\nOnyx.<br \/>\nMarkazit\u00e9.<\/p>\n<p>Wymiary 17&#215;32 mm.<br \/>\nTlou\u0161\u0165ka 6 mm.<\/p>","protected":false},"excerpt":{"rendered":"<p>Elegancki wisiorek Staviori wykonany z rodowanego srebra pr\u00f3by 0,925, ozdobiony g\u0142\u0119bokoczarnym onykssem oraz b\u0142yszcz\u0105cymi markazytami. Po\u0142\u0105czenie kamieni o kontrastuj\u0105cych barwach tworzy wyj\u0105tkowo efektown\u0105 i stylow\u0105 kompozycj\u0119. Idealny dodatek dla kobiet ceni\u0105cych klasyczne pi\u0119kno i ponadczasowy charakter bi\u017cuterii z nut\u0105 retro. Doskonale sprawdzi si\u0119 zar\u00f3wno do eleganckich kreacji, jak i codziennych stylizacji.<\/p>","protected":false},"featured_media":8450,"comment_status":"closed","ping_status":"closed","template":"","meta":{"om_disable_all_campaigns":false},"product_brand":[2284],"product_cat":[2141,1817,729],"product_tag":[3932,6677,2798,6580,6681,2425,2368,6685,5685,6684,6588,3967,6675,6581,5744,6683],"class_list":{"0":"post-15845","1":"product","2":"type-product","3":"status-publish","4":"has-post-thumbnail","6":"product_brand-staviori","7":"product_cat-srebrny-wisiorek","8":"product_cat-srebro-2","9":"product_cat-wisiorki","10":"product_tag-3932","11":"product_tag-925-silber","12":"product_tag-bizuteria-staviori","13":"product_tag-marcasite-pendant","14":"product_tag-markasiten-schmuck","15":"product_tag-markazyty","16":"product_tag-onyks","17":"product_tag-onyx-anhanger","18":"product_tag-onyx-jewelry","19":"product_tag-privesek-onyx","20":"product_tag-silver-pendant","21":"product_tag-srebro-0","22":"product_tag-staviori-jewelry","23":"product_tag-stribrny-privesek","24":"product_tag-wisiorek-srebrny","25":"product_tag-wisiorek-z-onykssem","26":"pa_grubosc-6mm","27":"pa_kamien-markazyty","28":"pa_kamien-onyks","29":"pa_kruszec-srebro-rodowane","30":"pa_proba-0-925","31":"pa_waga-495g","32":"pa_wymiary-17x32mm","34":"first","35":"instock","36":"purchasable","37":"product-type-simple"},"aioseo_notices":[],"_links":{"self":[{"href":"https:\/\/staviori.com.pl\/cs\/wp-json\/wp\/v2\/product\/15845","targetHints":{"allow":["GET"]}}],"collection":[{"href":"https:\/\/staviori.com.pl\/cs\/wp-json\/wp\/v2\/product"}],"about":[{"href":"https:\/\/staviori.com.pl\/cs\/wp-json\/wp\/v2\/types\/product"}],"replies":[{"embeddable":true,"href":"https:\/\/staviori.com.pl\/cs\/wp-json\/wp\/v2\/comments?post=15845"}],"wp:featuredmedia":[{"embeddable":true,"href":"https:\/\/staviori.com.pl\/cs\/wp-json\/wp\/v2\/media\/8450"}],"wp:attachment":[{"href":"https:\/\/staviori.com.pl\/cs\/wp-json\/wp\/v2\/media?parent=15845"}],"wp:term":[{"taxonomy":"product_brand","embeddable":true,"href":"https:\/\/staviori.com.pl\/cs\/wp-json\/wp\/v2\/product_brand?post=15845"},{"taxonomy":"product_cat","embeddable":true,"href":"https:\/\/staviori.com.pl\/cs\/wp-json\/wp\/v2\/product_cat?post=15845"},{"taxonomy":"product_tag","embeddable":true,"href":"https:\/\/staviori.com.pl\/cs\/wp-json\/wp\/v2\/product_tag?post=15845"}],"curies":[{"name":"wp","href":"https:\/\/api.w.org\/{rel}","templated":true}]}}