{"id":15833,"date":"2025-02-24T22:49:59","date_gmt":"2025-02-24T21:49:59","guid":{"rendered":"https:\/\/staviori.com.pl\/product\/perly-ze-srebrem-wdn6612\/"},"modified":"2026-02-11T00:09:33","modified_gmt":"2026-02-10T23:09:33","slug":"perly-ze-srebrem-wdn6612","status":"publish","type":"product","link":"https:\/\/staviori.com.pl\/cs\/product\/perly-ze-srebrem-wdn6612\/","title":{"rendered":"st\u0159\u00edbrn\u00fd perlov\u00fd n\u00e1hrdeln\u00edk - nastaviteln\u00e1 d\u00e9lka"},"content":{"rendered":"<p>Model: WDN6612<br \/>\nWaga ok. 2,75g<\/p>\n<p>N\u00e1hrdeln\u00edk 47 cm.<br \/>\n0,925 rhodiovan\u00e9 st\u0159\u00edbro.<br \/>\nP\u0159\u00edrodn\u00ed sladkovodn\u00ed kultivovan\u00e9 perly.<\/p>\n<p>\u015arednica pere\u0142 7-8 mm.<br \/>\nKvalita A - b\u00edl\u00e1<\/p>\n<p>Samostatn\u011b nastaviteln\u00e1 d\u00e9lka.<\/p>","protected":false},"excerpt":{"rendered":"<p>Subtelny i niezwykle kobiecy naszyjnik Staviori wykonany z rodowanego srebra pr\u00f3by 0,925. Dwie naturalne per\u0142y hodowane o pi\u0119knym, bia\u0142ym blasku delikatnie zdobi\u0105 dekolt, tworz\u0105c eleganck\u0105 i nowoczesn\u0105 kompozycj\u0119. Regulowana d\u0142ugo\u015b\u0107 \u0142a\u0144cuszka pozwala dopasowa\u0107 naszyjnik do ka\u017cdej stylizacji \u2014 zar\u00f3wno codziennej, jak i wieczorowej. To idealny wyb\u00f3r dla kobiet ceni\u0105cych ponadczasow\u0105 klas\u0119 i delikatny urok pere\u0142.<\/p>","protected":false},"featured_media":15834,"comment_status":"closed","ping_status":"closed","template":"","meta":{"om_disable_all_campaigns":false},"product_brand":[2284],"product_cat":[1393,1919,1817],"product_tag":[3932,6677,6604,2798,4271,4114,4608,6674,6678,6676,3029,4201,3967,6675,4192],"class_list":{"0":"post-15833","1":"product","2":"type-product","3":"status-publish","4":"has-post-thumbnail","6":"product_brand-staviori","7":"product_cat-perly","8":"product_cat-perly-ze-srebrem","9":"product_cat-srebro-2","10":"product_tag-3932","11":"product_tag-925-silber","12":"product_tag-925-silver","13":"product_tag-bizuteria-staviori","14":"product_tag-freshwater-pearls","15":"product_tag-naszyjnik-srebrny","16":"product_tag-naszyjnik-z-perlami","17":"product_tag-pearl-necklace","18":"product_tag-perlen-schmuck","19":"product_tag-perlovy-nahrdelnik","20":"product_tag-perly-hodowane","21":"product_tag-silver-necklace","22":"product_tag-srebro-0","23":"product_tag-staviori-jewelry","24":"product_tag-stribrny-nahrdelnik","25":"pa_kamien-naturalne-perly-hodowane-slodkowodne","26":"pa_kruszec-srebro-rodowane","27":"pa_proba-0-925","28":"pa_rozmiar-47cm","29":"pa_rozmiar-dlugosc-regulowana-dowolnie","30":"pa_srednica-perel-7-8mm","31":"pa_waga-2-75g","33":"first","34":"instock","35":"purchasable","36":"product-type-simple"},"aioseo_notices":[],"_links":{"self":[{"href":"https:\/\/staviori.com.pl\/cs\/wp-json\/wp\/v2\/product\/15833","targetHints":{"allow":["GET"]}}],"collection":[{"href":"https:\/\/staviori.com.pl\/cs\/wp-json\/wp\/v2\/product"}],"about":[{"href":"https:\/\/staviori.com.pl\/cs\/wp-json\/wp\/v2\/types\/product"}],"replies":[{"embeddable":true,"href":"https:\/\/staviori.com.pl\/cs\/wp-json\/wp\/v2\/comments?post=15833"}],"wp:featuredmedia":[{"embeddable":true,"href":"https:\/\/staviori.com.pl\/cs\/wp-json\/wp\/v2\/media\/15834"}],"wp:attachment":[{"href":"https:\/\/staviori.com.pl\/cs\/wp-json\/wp\/v2\/media?parent=15833"}],"wp:term":[{"taxonomy":"product_brand","embeddable":true,"href":"https:\/\/staviori.com.pl\/cs\/wp-json\/wp\/v2\/product_brand?post=15833"},{"taxonomy":"product_cat","embeddable":true,"href":"https:\/\/staviori.com.pl\/cs\/wp-json\/wp\/v2\/product_cat?post=15833"},{"taxonomy":"product_tag","embeddable":true,"href":"https:\/\/staviori.com.pl\/cs\/wp-json\/wp\/v2\/product_tag?post=15833"}],"curies":[{"name":"wp","href":"https:\/\/api.w.org\/{rel}","templated":true}]}}